{"id":17497,"date":"2023-11-01T18:00:49","date_gmt":"2023-11-01T17:00:49","guid":{"rendered":"https:\/\/baralivres.ma\/?post_type=product&#038;p=17497"},"modified":"2023-11-01T18:00:49","modified_gmt":"2023-11-01T17:00:49","slug":"eloge-de-la-chance","status":"publish","type":"product","link":"https:\/\/baralivres.ma\/?product=eloge-de-la-chance","title":{"rendered":"\u00c9loge de la chance"},"content":{"rendered":"<p>Philippe Gabilliet nous enseigne que la chance n&rsquo;est pas le fruit du hasard, mais une comp\u00e9tence de vie que chacun peut cultiver. Il nous incite \u00e0 revoir notre relation au monde, \u00e0 prendre des d\u00e9cisions face aux d\u00e9fis, et \u00e0 apprendre \u00e0 tirer le meilleur des \u00e9v\u00e9nements inattendus. La chance devient ainsi une mani\u00e8re \u00e9l\u00e9gante de reprendre les r\u00eanes de notre existence.<\/p>\n","protected":false},"excerpt":{"rendered":"<p>Revoir la chance comme comp\u00e9tence de vie, accessible \u00e0 tous pour exploiter les opportunit\u00e9s. Enseignement de Philippe Gabilliet.<\/p>\n","protected":false},"featured_media":17501,"comment_status":"open","ping_status":"closed","template":"","meta":{"inline_featured_image":false},"product_cat":[204,91],"product_tag":[],"class_list":{"0":"post-17497","1":"product","2":"type-product","3":"status-publish","4":"has-post-thumbnail","6":"product_cat-francais","7":"product_cat-developpement","8":"pa_auteurs-philippe-gabilliet","10":"first","11":"instock","12":"shipping-taxable","13":"purchasable","14":"product-type-simple"},"_links":{"self":[{"href":"https:\/\/baralivres.ma\/index.php?rest_route=\/wp\/v2\/product\/17497","targetHints":{"allow":["GET"]}}],"collection":[{"href":"https:\/\/baralivres.ma\/index.php?rest_route=\/wp\/v2\/product"}],"about":[{"href":"https:\/\/baralivres.ma\/index.php?rest_route=\/wp\/v2\/types\/product"}],"replies":[{"embeddable":true,"href":"https:\/\/baralivres.ma\/index.php?rest_route=%2Fwp%2Fv2%2Fcomments&post=17497"}],"version-history":[{"count":1,"href":"https:\/\/baralivres.ma\/index.php?rest_route=\/wp\/v2\/product\/17497\/revisions"}],"predecessor-version":[{"id":17502,"href":"https:\/\/baralivres.ma\/index.php?rest_route=\/wp\/v2\/product\/17497\/revisions\/17502"}],"wp:featuredmedia":[{"embeddable":true,"href":"https:\/\/baralivres.ma\/index.php?rest_route=\/wp\/v2\/media\/17501"}],"wp:attachment":[{"href":"https:\/\/baralivres.ma\/index.php?rest_route=%2Fwp%2Fv2%2Fmedia&parent=17497"}],"wp:term":[{"taxonomy":"product_cat","embeddable":true,"href":"https:\/\/baralivres.ma\/index.php?rest_route=%2Fwp%2Fv2%2Fproduct_cat&post=17497"},{"taxonomy":"product_tag","embeddable":true,"href":"https:\/\/baralivres.ma\/index.php?rest_route=%2Fwp%2Fv2%2Fproduct_tag&post=17497"}],"curies":[{"name":"wp","href":"https:\/\/api.w.org\/{rel}","templated":true}]}}