{"id":17493,"date":"2023-11-01T17:58:58","date_gmt":"2023-11-01T16:58:58","guid":{"rendered":"https:\/\/baralivres.ma\/?post_type=product&#038;p=17493"},"modified":"2023-11-01T17:58:58","modified_gmt":"2023-11-01T16:58:58","slug":"parents-epanouis-enfants-epanouis","status":"publish","type":"product","link":"https:\/\/baralivres.ma\/?product=parents-epanouis-enfants-epanouis","title":{"rendered":"Parents \u00e9panouis, enfants \u00e9panouis"},"content":{"rendered":"<p>Tous les parents aspirent \u00e0 instaurer un quotidien harmonieux o\u00f9 leurs enfants comprennent les r\u00e8gles et les respectent. Cependant, la r\u00e9alit\u00e9 nous pousse parfois \u00e0 r\u00e9p\u00e9ter inlassablement nos directives, voire \u00e0 \u00e9lever la voix pour nous faire entendre, cr\u00e9ant ainsi une atmosph\u00e8re tendue \u00e0 la maison. Adele Faber et Elaine Mazlish partagent dans cet ouvrage leur propre exp\u00e9rience ainsi que les t\u00e9moignages de nombreux parents qui ont particip\u00e9 \u00e0 leurs ateliers. Dans la premi\u00e8re partie, elles mettent en \u00e9vidence l&rsquo;importance des mots et nous enseignent comment les utiliser pour transmettre nos valeurs \u00e0 nos enfants de mani\u00e8re bienveillante, en renfor\u00e7ant leur estime de soi, en d\u00e9veloppant leur confiance en eux-m\u00eames, et en les encourageant \u00e0 assumer leurs responsabilit\u00e9s. Dans la seconde partie, les auteures soulignent l&rsquo;importance de l&rsquo;\u00e9coute de soi en tant que parent, ce qui permet de d\u00e9finir et de respecter ses propres limites, une cl\u00e9 essentielle pour offrir le meilleur de nous-m\u00eames \u00e0 nos enfants tout en \u00e9panouissant notre r\u00f4le de parents. Ce guide complet est une ressource pr\u00e9cieuse pour transformer la vie en famille.<\/p>\n","protected":false},"excerpt":{"rendered":"<p>Guide parents pour \u00e9tablir communication bienveillante, favoriser estime de soi des enfants, respecter limites personnelles. Transforme famille.<\/p>\n","protected":false},"featured_media":17498,"comment_status":"open","ping_status":"closed","template":"","meta":{"inline_featured_image":false},"product_cat":[204,91],"product_tag":[],"class_list":{"0":"post-17493","1":"product","2":"type-product","3":"status-publish","4":"has-post-thumbnail","6":"product_cat-francais","7":"product_cat-developpement","8":"pa_auteurs-adele-faber","10":"first","11":"instock","12":"shipping-taxable","13":"purchasable","14":"product-type-simple"},"_links":{"self":[{"href":"https:\/\/baralivres.ma\/index.php?rest_route=\/wp\/v2\/product\/17493","targetHints":{"allow":["GET"]}}],"collection":[{"href":"https:\/\/baralivres.ma\/index.php?rest_route=\/wp\/v2\/product"}],"about":[{"href":"https:\/\/baralivres.ma\/index.php?rest_route=\/wp\/v2\/types\/product"}],"replies":[{"embeddable":true,"href":"https:\/\/baralivres.ma\/index.php?rest_route=%2Fwp%2Fv2%2Fcomments&post=17493"}],"version-history":[{"count":1,"href":"https:\/\/baralivres.ma\/index.php?rest_route=\/wp\/v2\/product\/17493\/revisions"}],"predecessor-version":[{"id":17499,"href":"https:\/\/baralivres.ma\/index.php?rest_route=\/wp\/v2\/product\/17493\/revisions\/17499"}],"wp:featuredmedia":[{"embeddable":true,"href":"https:\/\/baralivres.ma\/index.php?rest_route=\/wp\/v2\/media\/17498"}],"wp:attachment":[{"href":"https:\/\/baralivres.ma\/index.php?rest_route=%2Fwp%2Fv2%2Fmedia&parent=17493"}],"wp:term":[{"taxonomy":"product_cat","embeddable":true,"href":"https:\/\/baralivres.ma\/index.php?rest_route=%2Fwp%2Fv2%2Fproduct_cat&post=17493"},{"taxonomy":"product_tag","embeddable":true,"href":"https:\/\/baralivres.ma\/index.php?rest_route=%2Fwp%2Fv2%2Fproduct_tag&post=17493"}],"curies":[{"name":"wp","href":"https:\/\/api.w.org\/{rel}","templated":true}]}}