{"id":17489,"date":"2023-11-01T17:57:39","date_gmt":"2023-11-01T16:57:39","guid":{"rendered":"https:\/\/baralivres.ma\/?post_type=product&#038;p=17489"},"modified":"2023-11-01T17:57:39","modified_gmt":"2023-11-01T16:57:39","slug":"decouvrez-votre-profil-energetique","status":"publish","type":"product","link":"https:\/\/baralivres.ma\/?product=decouvrez-votre-profil-energetique","title":{"rendered":"D\u00e9couvrez votre profil \u00e9nerg\u00e9tique"},"content":{"rendered":"<p>Le Dr Nadia Volf, m\u00e9decin acupuncteur, propose un guide pratique ax\u00e9 sur la pr\u00e9vention des maladies et le bien-\u00eatre. Dans cet ouvrage, elle explique comment d\u00e9couvrir votre nature \u00e9nerg\u00e9tique, identifier vos sensibilit\u00e9s aux pathologies et am\u00e9liorer votre \u00e9nergie vitale. Un questionnaire vous aide \u00e0 d\u00e9terminer votre type \u00e9nerg\u00e9tique, tandis que l&rsquo;auteure liste pour chaque type d&rsquo;\u00e9nergie les organes cl\u00e9s, les manifestations physiologiques, les saisons et les rythmes biologiques associ\u00e9s. De plus, elle partage des techniques d&rsquo;acupuncture sans aiguilles pour activer des points de pression avec les doigts. En suivant ce programme \u00e9nerg\u00e9tique, vous pourrez maintenir une sant\u00e9 optimale et une vitalit\u00e9 renforc\u00e9e.<\/p>\n","protected":false},"excerpt":{"rendered":"<p>Le Dr Nadia Volf explique comment d\u00e9couvrir votre nature \u00e9nerg\u00e9tique, pr\u00e9venir les maladies et am\u00e9liorer votre vitalit\u00e9.<\/p>\n","protected":false},"featured_media":17494,"comment_status":"open","ping_status":"closed","template":"","meta":{"inline_featured_image":false},"product_cat":[204,91],"product_tag":[],"class_list":{"0":"post-17489","1":"product","2":"type-product","3":"status-publish","4":"has-post-thumbnail","6":"product_cat-francais","7":"product_cat-developpement","8":"pa_auteurs-nadia-volf","10":"first","11":"instock","12":"shipping-taxable","13":"purchasable","14":"product-type-simple"},"_links":{"self":[{"href":"https:\/\/baralivres.ma\/index.php?rest_route=\/wp\/v2\/product\/17489","targetHints":{"allow":["GET"]}}],"collection":[{"href":"https:\/\/baralivres.ma\/index.php?rest_route=\/wp\/v2\/product"}],"about":[{"href":"https:\/\/baralivres.ma\/index.php?rest_route=\/wp\/v2\/types\/product"}],"replies":[{"embeddable":true,"href":"https:\/\/baralivres.ma\/index.php?rest_route=%2Fwp%2Fv2%2Fcomments&post=17489"}],"version-history":[{"count":1,"href":"https:\/\/baralivres.ma\/index.php?rest_route=\/wp\/v2\/product\/17489\/revisions"}],"predecessor-version":[{"id":17495,"href":"https:\/\/baralivres.ma\/index.php?rest_route=\/wp\/v2\/product\/17489\/revisions\/17495"}],"wp:featuredmedia":[{"embeddable":true,"href":"https:\/\/baralivres.ma\/index.php?rest_route=\/wp\/v2\/media\/17494"}],"wp:attachment":[{"href":"https:\/\/baralivres.ma\/index.php?rest_route=%2Fwp%2Fv2%2Fmedia&parent=17489"}],"wp:term":[{"taxonomy":"product_cat","embeddable":true,"href":"https:\/\/baralivres.ma\/index.php?rest_route=%2Fwp%2Fv2%2Fproduct_cat&post=17489"},{"taxonomy":"product_tag","embeddable":true,"href":"https:\/\/baralivres.ma\/index.php?rest_route=%2Fwp%2Fv2%2Fproduct_tag&post=17489"}],"curies":[{"name":"wp","href":"https:\/\/api.w.org\/{rel}","templated":true}]}}