{"id":17482,"date":"2023-11-01T17:54:59","date_gmt":"2023-11-01T16:54:59","guid":{"rendered":"https:\/\/baralivres.ma\/?post_type=product&#038;p=17482"},"modified":"2023-12-18T15:36:21","modified_gmt":"2023-12-18T14:36:21","slug":"si-je-mecoutais-je-mentendrais","status":"publish","type":"product","link":"https:\/\/baralivres.ma\/?product=si-je-mecoutais-je-mentendrais","title":{"rendered":"Si je m&rsquo;\u00e9coutais&#8230; Je m&rsquo;entendrais"},"content":{"rendered":"<div class=\"group w-full text-token-text-primary border-b border-black\/10 gizmo:border-0 dark:border-gray-900\/50 gizmo:dark:border-0 bg-gray-50 gizmo:bg-transparent dark:bg-[#444654] gizmo:dark:bg-transparent\" data-testid=\"conversation-turn-149\">\n<div class=\"p-4 gizmo:py-2 justify-center text-base md:gap-6 md:py-6 m-auto\">\n<div class=\"flex flex-1 gap-4 text-base mx-auto md:gap-6 gizmo:gap-3 gizmo:md:px-5 gizmo:lg:px-1 gizmo:xl:px-5 md:max-w-2xl lg:max-w-[38rem] gizmo:md:max-w-3xl gizmo:lg:max-w-[40rem] gizmo:xl:max-w-[48rem] xl:max-w-3xl }\">\n<div class=\"relative flex w-[calc(100%-50px)] flex-col gizmo:w-full lg:w-[calc(100%-115px)] agent-turn\">\n<div class=\"flex-col gap-1 md:gap-3\">\n<div class=\"flex flex-grow flex-col gap-3 max-w-full\">\n<div class=\"min-h-[20px] flex flex-col items-start gap-3 whitespace-pre-wrap break-words overflow-x-auto\" data-message-author-role=\"assistant\" data-message-id=\"91f1d56d-c8e4-4683-8723-a75197029d2f\">\n<div class=\"markdown prose w-full break-words dark:prose-invert light\">\n<p>Dans l&rsquo;ouvrage \u00ab\u00a0Si je m&rsquo;\u00e9coutais&#8230; je m&rsquo;entendrais\u00a0\u00bb, les auteurs Jacques Salom\u00e9 et Sylvie Galland mettent en lumi\u00e8re comment les conditionnements de notre enfance nous poussent \u00e0 r\u00e9pondre aux attentes des autres plut\u00f4t qu&rsquo;\u00e0 exprimer nos v\u00e9ritables besoins et \u00e9motions. Ils soulignent que la plupart d&rsquo;entre nous manquent d&rsquo;apprentissage en mati\u00e8re de communication, ce qui nuit \u00e0 nos relations.<\/p>\n<p>Le livre vise \u00e0 nous aider \u00e0 d\u00e9passer les sch\u00e9mas de communication dysfonctionnels, comme l&rsquo;accusation, la jalousie, le jugement et la plainte. Il encourage \u00e0 une communication plus authentique et respectueuse de soi et des autres, permettant de tisser des relations plus harmonieuses et satisfaisantes.<\/p>\n<p>En fin de compte, l&rsquo;ouvrage offre des conseils pratiques pour d\u00e9velopper une communication qui favorise une connexion plus profonde avec les autres et avec soi-m\u00eame. Il met en avant l&rsquo;importance de s&rsquo;\u00e9couter et de s&rsquo;entendre pour parvenir \u00e0 une compr\u00e9hension mutuelle et \u00e0 une meilleure qualit\u00e9 de vie.<\/p>\n<\/div>\n<\/div>\n<\/div>\n<div class=\"flex justify-between empty:hidden gizmo:justify-start gizmo:gap-3 lg:block gizmo:lg:flex\">\n<div class=\"text-gray-400 flex self-end lg:self-center justify-center gizmo:lg:justify-start mt-2 gizmo:mt-0 visible lg:gap-1 lg:absolute lg:top-0 lg:translate-x-full lg:right-0 lg:mt-0 lg:pl-2 gap-2 md:gap-3\">\n<p>&nbsp;<\/p>\n<div class=\"flex gap-1\"><\/div>\n<\/div>\n<\/div>\n<\/div>\n<\/div>\n<\/div>\n<\/div>\n<\/div>\n","protected":false},"excerpt":{"rendered":"<p>Ce livre de Jacques Salom\u00e9 et Sylvie Galland r\u00e9v\u00e8le l&rsquo;influence des conditionnements sur notre communication, encourageant l&rsquo;authenticit\u00e9.<\/p>\n","protected":false},"featured_media":20666,"comment_status":"open","ping_status":"closed","template":"","meta":{"inline_featured_image":false},"product_cat":[204,91],"product_tag":[],"class_list":{"0":"post-17482","1":"product","2":"type-product","3":"status-publish","4":"has-post-thumbnail","6":"product_cat-francais","7":"product_cat-developpement","8":"pa_auteurs-jacques-salome","10":"first","11":"instock","12":"shipping-taxable","13":"purchasable","14":"product-type-simple"},"_links":{"self":[{"href":"https:\/\/baralivres.ma\/index.php?rest_route=\/wp\/v2\/product\/17482","targetHints":{"allow":["GET"]}}],"collection":[{"href":"https:\/\/baralivres.ma\/index.php?rest_route=\/wp\/v2\/product"}],"about":[{"href":"https:\/\/baralivres.ma\/index.php?rest_route=\/wp\/v2\/types\/product"}],"replies":[{"embeddable":true,"href":"https:\/\/baralivres.ma\/index.php?rest_route=%2Fwp%2Fv2%2Fcomments&post=17482"}],"version-history":[{"count":2,"href":"https:\/\/baralivres.ma\/index.php?rest_route=\/wp\/v2\/product\/17482\/revisions"}],"predecessor-version":[{"id":20667,"href":"https:\/\/baralivres.ma\/index.php?rest_route=\/wp\/v2\/product\/17482\/revisions\/20667"}],"wp:featuredmedia":[{"embeddable":true,"href":"https:\/\/baralivres.ma\/index.php?rest_route=\/wp\/v2\/media\/20666"}],"wp:attachment":[{"href":"https:\/\/baralivres.ma\/index.php?rest_route=%2Fwp%2Fv2%2Fmedia&parent=17482"}],"wp:term":[{"taxonomy":"product_cat","embeddable":true,"href":"https:\/\/baralivres.ma\/index.php?rest_route=%2Fwp%2Fv2%2Fproduct_cat&post=17482"},{"taxonomy":"product_tag","embeddable":true,"href":"https:\/\/baralivres.ma\/index.php?rest_route=%2Fwp%2Fv2%2Fproduct_tag&post=17482"}],"curies":[{"name":"wp","href":"https:\/\/api.w.org\/{rel}","templated":true}]}}