{"id":17467,"date":"2023-11-01T17:44:31","date_gmt":"2023-11-01T16:44:31","guid":{"rendered":"https:\/\/baralivres.ma\/?post_type=product&#038;p=17467"},"modified":"2023-11-01T17:44:31","modified_gmt":"2023-11-01T16:44:31","slug":"parents-ados-on-se-detend","status":"publish","type":"product","link":"https:\/\/baralivres.ma\/?product=parents-ados-on-se-detend","title":{"rendered":"Parents, ados, on se d\u00e9tend !"},"content":{"rendered":"<p>Face \u00e0 un adolescent qui s&rsquo;adonne \u00e0 la consommation de cannabis, fr\u00e9quente des cercles peu recommandables, traverse des peines sentimentales ou manque r\u00e9guli\u00e8rement les cours, quelle approche adopter pour trouver un \u00e9quilibre entre responsabilisation et encadrement plus structur\u00e9 ? L&rsquo;adolescence repr\u00e9sente une p\u00e9riode de transition souvent tumultueuse. Cette phase peut g\u00e9n\u00e9rer des tensions et des pr\u00e9occupations, tant du c\u00f4t\u00e9 des parents que des enfants. Matthieu Melchiori, ancien \u00e9ducateur devenu conseiller sp\u00e9cialis\u00e9 dans l&rsquo;adolescence, offre avec humour et perspective des conseils pratiques pour faciliter la communication et aider les parents et les adolescents \u00e0 traverser cette \u00e9tape de mani\u00e8re plus apais\u00e9e, sans jamais adopter un ton moralisateur.<\/p>\n","protected":false},"excerpt":{"rendered":"<p>Aider parents et ados \u00e0 naviguer l&rsquo;adolescence : conseils pratiques, communication ouverte, approche bienveillante.<\/p>\n","protected":false},"featured_media":17473,"comment_status":"open","ping_status":"closed","template":"","meta":{"inline_featured_image":false},"product_cat":[204,91],"product_tag":[],"class_list":{"0":"post-17467","1":"product","2":"type-product","3":"status-publish","4":"has-post-thumbnail","6":"product_cat-francais","7":"product_cat-developpement","8":"pa_auteurs-matthieu-melchiori","10":"first","11":"instock","12":"shipping-taxable","13":"purchasable","14":"product-type-simple"},"_links":{"self":[{"href":"https:\/\/baralivres.ma\/index.php?rest_route=\/wp\/v2\/product\/17467","targetHints":{"allow":["GET"]}}],"collection":[{"href":"https:\/\/baralivres.ma\/index.php?rest_route=\/wp\/v2\/product"}],"about":[{"href":"https:\/\/baralivres.ma\/index.php?rest_route=\/wp\/v2\/types\/product"}],"replies":[{"embeddable":true,"href":"https:\/\/baralivres.ma\/index.php?rest_route=%2Fwp%2Fv2%2Fcomments&post=17467"}],"version-history":[{"count":2,"href":"https:\/\/baralivres.ma\/index.php?rest_route=\/wp\/v2\/product\/17467\/revisions"}],"predecessor-version":[{"id":17478,"href":"https:\/\/baralivres.ma\/index.php?rest_route=\/wp\/v2\/product\/17467\/revisions\/17478"}],"wp:featuredmedia":[{"embeddable":true,"href":"https:\/\/baralivres.ma\/index.php?rest_route=\/wp\/v2\/media\/17473"}],"wp:attachment":[{"href":"https:\/\/baralivres.ma\/index.php?rest_route=%2Fwp%2Fv2%2Fmedia&parent=17467"}],"wp:term":[{"taxonomy":"product_cat","embeddable":true,"href":"https:\/\/baralivres.ma\/index.php?rest_route=%2Fwp%2Fv2%2Fproduct_cat&post=17467"},{"taxonomy":"product_tag","embeddable":true,"href":"https:\/\/baralivres.ma\/index.php?rest_route=%2Fwp%2Fv2%2Fproduct_tag&post=17467"}],"curies":[{"name":"wp","href":"https:\/\/api.w.org\/{rel}","templated":true}]}}