{"id":17466,"date":"2023-11-01T17:43:53","date_gmt":"2023-11-01T16:43:53","guid":{"rendered":"https:\/\/baralivres.ma\/?post_type=product&#038;p=17466"},"modified":"2023-11-01T17:43:53","modified_gmt":"2023-11-01T16:43:53","slug":"debranchez-votre-mental","status":"publish","type":"product","link":"https:\/\/baralivres.ma\/?product=debranchez-votre-mental","title":{"rendered":"D\u00e9branchez votre mental !"},"content":{"rendered":"<p>D\u00e9couvrez les techniques de l&rsquo;ACT (th\u00e9rapie de l&rsquo;acceptation et de l&rsquo;engagement) pour apaiser la rumination, cultiver la s\u00e9r\u00e9nit\u00e9 et la pleine conscience, et lib\u00e9rer votre esprit des charges mentales.<\/p>\n","protected":false},"excerpt":{"rendered":"<p>Apprenez \u00e0 apaiser les pens\u00e9es obsessionnelles et \u00e0 cultiver la s\u00e9r\u00e9nit\u00e9 dans la vie quotidienne gr\u00e2ce \u00e0 la m\u00e9thode ACT.<\/p>\n","protected":false},"featured_media":17470,"comment_status":"open","ping_status":"closed","template":"","meta":{"inline_featured_image":false},"product_cat":[204,91],"product_tag":[],"class_list":{"0":"post-17466","1":"product","2":"type-product","3":"status-publish","4":"has-post-thumbnail","6":"product_cat-francais","7":"product_cat-developpement","8":"pa_auteurs-sophie-seznec","10":"first","11":"instock","12":"shipping-taxable","13":"purchasable","14":"product-type-simple"},"_links":{"self":[{"href":"https:\/\/baralivres.ma\/index.php?rest_route=\/wp\/v2\/product\/17466","targetHints":{"allow":["GET"]}}],"collection":[{"href":"https:\/\/baralivres.ma\/index.php?rest_route=\/wp\/v2\/product"}],"about":[{"href":"https:\/\/baralivres.ma\/index.php?rest_route=\/wp\/v2\/types\/product"}],"replies":[{"embeddable":true,"href":"https:\/\/baralivres.ma\/index.php?rest_route=%2Fwp%2Fv2%2Fcomments&post=17466"}],"version-history":[{"count":1,"href":"https:\/\/baralivres.ma\/index.php?rest_route=\/wp\/v2\/product\/17466\/revisions"}],"predecessor-version":[{"id":17471,"href":"https:\/\/baralivres.ma\/index.php?rest_route=\/wp\/v2\/product\/17466\/revisions\/17471"}],"wp:featuredmedia":[{"embeddable":true,"href":"https:\/\/baralivres.ma\/index.php?rest_route=\/wp\/v2\/media\/17470"}],"wp:attachment":[{"href":"https:\/\/baralivres.ma\/index.php?rest_route=%2Fwp%2Fv2%2Fmedia&parent=17466"}],"wp:term":[{"taxonomy":"product_cat","embeddable":true,"href":"https:\/\/baralivres.ma\/index.php?rest_route=%2Fwp%2Fv2%2Fproduct_cat&post=17466"},{"taxonomy":"product_tag","embeddable":true,"href":"https:\/\/baralivres.ma\/index.php?rest_route=%2Fwp%2Fv2%2Fproduct_tag&post=17466"}],"curies":[{"name":"wp","href":"https:\/\/api.w.org\/{rel}","templated":true}]}}