{"id":17461,"date":"2023-11-01T17:40:52","date_gmt":"2023-11-01T16:40:52","guid":{"rendered":"https:\/\/baralivres.ma\/?post_type=product&#038;p=17461"},"modified":"2023-11-01T17:40:52","modified_gmt":"2023-11-01T16:40:52","slug":"lencyclopedie-du-bien-etre","status":"publish","type":"product","link":"https:\/\/baralivres.ma\/?product=lencyclopedie-du-bien-etre","title":{"rendered":"L&rsquo;encyclop\u00e9die du bien-\u00eatre"},"content":{"rendered":"<p>Dans son livre, Jean Laval offre des perspectives pour cultiver le bonheur, soulignant que chacun m\u00e9rite d&rsquo;acc\u00e9der au bien-\u00eatre. Il pr\u00e9sente un guide complet, abordant les aspects personnels, professionnels, relationnels, et spirituels. Gr\u00e2ce \u00e0 ses connaissances tir\u00e9es de ses exp\u00e9riences et voyages, Laval propose des conseils clairs et accessibles pour ceux d\u00e9sireux d&rsquo;am\u00e9liorer leur qualit\u00e9 de vie. Ce manuel est essentiel pour aspirer \u00e0 une vie plus \u00e9panouie.<\/p>\n","protected":false},"excerpt":{"rendered":"<p>Jean Laval guide vers le bonheur \u00e0 travers un manuel complet et accessible pour tous.<\/p>\n","protected":false},"featured_media":17462,"comment_status":"open","ping_status":"closed","template":"","meta":{"inline_featured_image":false},"product_cat":[204,91],"product_tag":[],"class_list":{"0":"post-17461","1":"product","2":"type-product","3":"status-publish","4":"has-post-thumbnail","6":"product_cat-francais","7":"product_cat-developpement","8":"pa_auteurs-jean-laval","10":"first","11":"instock","12":"shipping-taxable","13":"purchasable","14":"product-type-simple"},"_links":{"self":[{"href":"https:\/\/baralivres.ma\/index.php?rest_route=\/wp\/v2\/product\/17461","targetHints":{"allow":["GET"]}}],"collection":[{"href":"https:\/\/baralivres.ma\/index.php?rest_route=\/wp\/v2\/product"}],"about":[{"href":"https:\/\/baralivres.ma\/index.php?rest_route=\/wp\/v2\/types\/product"}],"replies":[{"embeddable":true,"href":"https:\/\/baralivres.ma\/index.php?rest_route=%2Fwp%2Fv2%2Fcomments&post=17461"}],"version-history":[{"count":1,"href":"https:\/\/baralivres.ma\/index.php?rest_route=\/wp\/v2\/product\/17461\/revisions"}],"predecessor-version":[{"id":17463,"href":"https:\/\/baralivres.ma\/index.php?rest_route=\/wp\/v2\/product\/17461\/revisions\/17463"}],"wp:featuredmedia":[{"embeddable":true,"href":"https:\/\/baralivres.ma\/index.php?rest_route=\/wp\/v2\/media\/17462"}],"wp:attachment":[{"href":"https:\/\/baralivres.ma\/index.php?rest_route=%2Fwp%2Fv2%2Fmedia&parent=17461"}],"wp:term":[{"taxonomy":"product_cat","embeddable":true,"href":"https:\/\/baralivres.ma\/index.php?rest_route=%2Fwp%2Fv2%2Fproduct_cat&post=17461"},{"taxonomy":"product_tag","embeddable":true,"href":"https:\/\/baralivres.ma\/index.php?rest_route=%2Fwp%2Fv2%2Fproduct_tag&post=17461"}],"curies":[{"name":"wp","href":"https:\/\/api.w.org\/{rel}","templated":true}]}}