{"id":17458,"date":"2023-11-01T17:41:07","date_gmt":"2023-11-01T16:41:07","guid":{"rendered":"https:\/\/baralivres.ma\/?post_type=product&#038;p=17458"},"modified":"2023-11-01T17:41:08","modified_gmt":"2023-11-01T16:41:08","slug":"ultime-le-nouveau-regime-dukan","status":"publish","type":"product","link":"https:\/\/baralivres.ma\/?product=ultime-le-nouveau-regime-dukan","title":{"rendered":"Ultime &#8211; Le nouveau r\u00e9gime Dukan"},"content":{"rendered":"<p>La m\u00e9thode ULTIME du Dr. Pierre Dukan propose un r\u00e9gime enrichi qui int\u00e8gre trois nouveaux aliments, appel\u00e9s \u00ab\u00a0Fight Foods,\u00a0\u00bb pour faciliter la perte de poids et maintenir les r\u00e9sultats \u00e0 long terme. Ces aliments comprennent le son d&rsquo;avoine en remplacement de la farine, le konjac sous forme de p\u00e2tes et de riz pour le plaisir alimentaire, et l&rsquo;okara riche en fibres et en prot\u00e9ines v\u00e9g\u00e9tales. En incorporant ces aliments dans votre alimentation quotidienne, vous r\u00e9duisez le risque de reprendre du poids, am\u00e9liorant ainsi l&rsquo;efficacit\u00e9 et la durabilit\u00e9 du r\u00e9gime Dukan classique.<\/p>\n","protected":false},"excerpt":{"rendered":"<p>La m\u00e9thode ULTIME de Dr. Pierre Dukan : Un r\u00e9gime am\u00e9lior\u00e9 int\u00e9grant les \u00ab\u00a0Fight Foods\u00a0\u00bb pour une perte de poids durable.<\/p>\n","protected":false},"featured_media":17464,"comment_status":"open","ping_status":"closed","template":"","meta":{"inline_featured_image":false},"product_cat":[204,91],"product_tag":[],"class_list":{"0":"post-17458","1":"product","2":"type-product","3":"status-publish","4":"has-post-thumbnail","6":"product_cat-francais","7":"product_cat-developpement","8":"pa_auteurs-maya-dukan","10":"first","11":"instock","12":"shipping-taxable","13":"purchasable","14":"product-type-simple"},"_links":{"self":[{"href":"https:\/\/baralivres.ma\/index.php?rest_route=\/wp\/v2\/product\/17458","targetHints":{"allow":["GET"]}}],"collection":[{"href":"https:\/\/baralivres.ma\/index.php?rest_route=\/wp\/v2\/product"}],"about":[{"href":"https:\/\/baralivres.ma\/index.php?rest_route=\/wp\/v2\/types\/product"}],"replies":[{"embeddable":true,"href":"https:\/\/baralivres.ma\/index.php?rest_route=%2Fwp%2Fv2%2Fcomments&post=17458"}],"version-history":[{"count":1,"href":"https:\/\/baralivres.ma\/index.php?rest_route=\/wp\/v2\/product\/17458\/revisions"}],"predecessor-version":[{"id":17465,"href":"https:\/\/baralivres.ma\/index.php?rest_route=\/wp\/v2\/product\/17458\/revisions\/17465"}],"wp:featuredmedia":[{"embeddable":true,"href":"https:\/\/baralivres.ma\/index.php?rest_route=\/wp\/v2\/media\/17464"}],"wp:attachment":[{"href":"https:\/\/baralivres.ma\/index.php?rest_route=%2Fwp%2Fv2%2Fmedia&parent=17458"}],"wp:term":[{"taxonomy":"product_cat","embeddable":true,"href":"https:\/\/baralivres.ma\/index.php?rest_route=%2Fwp%2Fv2%2Fproduct_cat&post=17458"},{"taxonomy":"product_tag","embeddable":true,"href":"https:\/\/baralivres.ma\/index.php?rest_route=%2Fwp%2Fv2%2Fproduct_tag&post=17458"}],"curies":[{"name":"wp","href":"https:\/\/api.w.org\/{rel}","templated":true}]}}