{"id":17456,"date":"2023-11-01T17:43:28","date_gmt":"2023-11-01T16:43:28","guid":{"rendered":"https:\/\/baralivres.ma\/?post_type=product&#038;p=17456"},"modified":"2023-11-01T17:43:29","modified_gmt":"2023-11-01T16:43:29","slug":"nessaie-pas-fais-le","status":"publish","type":"product","link":"https:\/\/baralivres.ma\/?product=nessaie-pas-fais-le","title":{"rendered":"N&rsquo;essaie pas, fais-le !"},"content":{"rendered":"<p>Ne tarde plus ! Pour r\u00e9aliser ton plein potentiel, atteindre tes buts, et donner vie \u00e0 tes projets, il est essentiel de te lancer d\u00e8s maintenant. Ce pratique guide te fournira les fondations de ta r\u00e9ussite, te permettra de t&rsquo;\u00e9panouir \u00e0 travers l&rsquo;action, et t&rsquo;encouragera \u00e0 pers\u00e9v\u00e9rer sans rel\u00e2che. Jean Laval, fort de ses multiples voyages et exp\u00e9riences, partage de mani\u00e8re claire et accessible une compr\u00e9hension essentielle du fonctionnement de l&rsquo;esprit avec tous ceux d\u00e9sireux d&rsquo;\u00e9lever leur vie \u00e0 un niveau sup\u00e9rieur. Un ouvrage de d\u00e9veloppement personnel et un manuel pratique, incluant des objectifs quotidiens, incontournable pour progresser \u00e9tape par \u00e9tape !<\/p>\n","protected":false},"excerpt":{"rendered":"<p>Pour r\u00e9ussir et s&rsquo;\u00e9panouir, agis maintenant gr\u00e2ce aux conseils pratiques de Jean Laval sur l&rsquo;esprit et l&rsquo;action.<\/p>\n","protected":false},"featured_media":17468,"comment_status":"open","ping_status":"closed","template":"","meta":{"inline_featured_image":false},"product_cat":[204,91],"product_tag":[],"class_list":{"0":"post-17456","1":"product","2":"type-product","3":"status-publish","4":"has-post-thumbnail","6":"product_cat-francais","7":"product_cat-developpement","8":"pa_auteurs-jean-laval","10":"first","11":"instock","12":"shipping-taxable","13":"purchasable","14":"product-type-simple"},"_links":{"self":[{"href":"https:\/\/baralivres.ma\/index.php?rest_route=\/wp\/v2\/product\/17456","targetHints":{"allow":["GET"]}}],"collection":[{"href":"https:\/\/baralivres.ma\/index.php?rest_route=\/wp\/v2\/product"}],"about":[{"href":"https:\/\/baralivres.ma\/index.php?rest_route=\/wp\/v2\/types\/product"}],"replies":[{"embeddable":true,"href":"https:\/\/baralivres.ma\/index.php?rest_route=%2Fwp%2Fv2%2Fcomments&post=17456"}],"version-history":[{"count":1,"href":"https:\/\/baralivres.ma\/index.php?rest_route=\/wp\/v2\/product\/17456\/revisions"}],"predecessor-version":[{"id":17469,"href":"https:\/\/baralivres.ma\/index.php?rest_route=\/wp\/v2\/product\/17456\/revisions\/17469"}],"wp:featuredmedia":[{"embeddable":true,"href":"https:\/\/baralivres.ma\/index.php?rest_route=\/wp\/v2\/media\/17468"}],"wp:attachment":[{"href":"https:\/\/baralivres.ma\/index.php?rest_route=%2Fwp%2Fv2%2Fmedia&parent=17456"}],"wp:term":[{"taxonomy":"product_cat","embeddable":true,"href":"https:\/\/baralivres.ma\/index.php?rest_route=%2Fwp%2Fv2%2Fproduct_cat&post=17456"},{"taxonomy":"product_tag","embeddable":true,"href":"https:\/\/baralivres.ma\/index.php?rest_route=%2Fwp%2Fv2%2Fproduct_tag&post=17456"}],"curies":[{"name":"wp","href":"https:\/\/api.w.org\/{rel}","templated":true}]}}