{"id":17449,"date":"2023-11-01T17:37:22","date_gmt":"2023-11-01T16:37:22","guid":{"rendered":"https:\/\/baralivres.ma\/?post_type=product&#038;p=17449"},"modified":"2023-11-01T17:37:23","modified_gmt":"2023-11-01T16:37:23","slug":"lagilite-emotionnelle","status":"publish","type":"product","link":"https:\/\/baralivres.ma\/?product=lagilite-emotionnelle","title":{"rendered":"L&rsquo;agilit\u00e9 \u00e9motionnelle"},"content":{"rendered":"<p>L&rsquo;agilit\u00e9 \u00e9motionnelle est une approche qui se distingue de la pens\u00e9e positive. Elle consiste \u00e0 reconna\u00eetre, accueillir, et accepter toutes les \u00e9motions, y compris les n\u00e9gatives, puis \u00e0 les utiliser de mani\u00e8re constructive pour avancer dans la vie. Plut\u00f4t que de rejeter syst\u00e9matiquement les pens\u00e9es n\u00e9gatives, cette m\u00e9thode encourage \u00e0 les \u00e9couter pour comprendre ce qui ne fonctionne pas, puis \u00e0 les transformer en \u00e9nergie pour surmonter les d\u00e9fis et atteindre les objectifs. Cette agilit\u00e9 \u00e9motionnelle favorise la r\u00e9silience, l&rsquo;adaptabilit\u00e9 et le bien-\u00eatre, aidant les individus \u00e0 mieux g\u00e9rer les changements et les al\u00e9as de la vie, tout en favorisant la croissance personnelle et le d\u00e9passement de soi. Elle constitue un outil pr\u00e9cieux pour s&rsquo;adapter plus facilement aux d\u00e9fis de la vie quotidienne et tirer parti de ses \u00e9motions pour un \u00e9panouissement personnel plus significatif.<\/p>\n","protected":false},"excerpt":{"rendered":"<p>L&rsquo;agilit\u00e9 \u00e9motionnelle, contrairement \u00e0 la pens\u00e9e positive, implique d&rsquo;accueillir, accepter et utiliser les \u00e9motions pour progresser et s&rsquo;adapter. Cela favorise l&rsquo;adaptabilit\u00e9, le bien-\u00eatre et la croissance personnelle.<\/p>\n","protected":false},"featured_media":17455,"comment_status":"open","ping_status":"closed","template":"","meta":{"inline_featured_image":false},"product_cat":[204,91],"product_tag":[],"class_list":{"0":"post-17449","1":"product","2":"type-product","3":"status-publish","4":"has-post-thumbnail","6":"product_cat-francais","7":"product_cat-developpement","8":"pa_auteurs-susan-david","10":"first","11":"instock","12":"shipping-taxable","13":"purchasable","14":"product-type-simple"},"_links":{"self":[{"href":"https:\/\/baralivres.ma\/index.php?rest_route=\/wp\/v2\/product\/17449","targetHints":{"allow":["GET"]}}],"collection":[{"href":"https:\/\/baralivres.ma\/index.php?rest_route=\/wp\/v2\/product"}],"about":[{"href":"https:\/\/baralivres.ma\/index.php?rest_route=\/wp\/v2\/types\/product"}],"replies":[{"embeddable":true,"href":"https:\/\/baralivres.ma\/index.php?rest_route=%2Fwp%2Fv2%2Fcomments&post=17449"}],"version-history":[{"count":1,"href":"https:\/\/baralivres.ma\/index.php?rest_route=\/wp\/v2\/product\/17449\/revisions"}],"predecessor-version":[{"id":17457,"href":"https:\/\/baralivres.ma\/index.php?rest_route=\/wp\/v2\/product\/17449\/revisions\/17457"}],"wp:featuredmedia":[{"embeddable":true,"href":"https:\/\/baralivres.ma\/index.php?rest_route=\/wp\/v2\/media\/17455"}],"wp:attachment":[{"href":"https:\/\/baralivres.ma\/index.php?rest_route=%2Fwp%2Fv2%2Fmedia&parent=17449"}],"wp:term":[{"taxonomy":"product_cat","embeddable":true,"href":"https:\/\/baralivres.ma\/index.php?rest_route=%2Fwp%2Fv2%2Fproduct_cat&post=17449"},{"taxonomy":"product_tag","embeddable":true,"href":"https:\/\/baralivres.ma\/index.php?rest_route=%2Fwp%2Fv2%2Fproduct_tag&post=17449"}],"curies":[{"name":"wp","href":"https:\/\/api.w.org\/{rel}","templated":true}]}}