{"id":17448,"date":"2023-11-01T17:35:47","date_gmt":"2023-11-01T16:35:47","guid":{"rendered":"https:\/\/baralivres.ma\/?post_type=product&#038;p=17448"},"modified":"2023-11-01T17:35:48","modified_gmt":"2023-11-01T16:35:48","slug":"les-pouvoirs-de-lesprit","status":"publish","type":"product","link":"https:\/\/baralivres.ma\/?product=les-pouvoirs-de-lesprit","title":{"rendered":"Les pouvoirs de l&rsquo;esprit"},"content":{"rendered":"<p>Les avanc\u00e9es dans le domaine des neurosciences ont \u00e9clair\u00e9 les liens complexes entre le corps et l&rsquo;esprit, jadis entour\u00e9s de myst\u00e8re. Ces avanc\u00e9es nous enseignent d\u00e9sormais que nous avons la capacit\u00e9 de fa\u00e7onner notre cerveau pour att\u00e9nuer la douleur, r\u00e9guler nos \u00e9motions et renforcer nos connexions neuronales gr\u00e2ce \u00e0 des pratiques telles que l&rsquo;hypnose, le neurofeedback et la m\u00e9ditation. Dans son ouvrage, Michel Le Van Quyen explore de fa\u00e7on claire et d\u00e9taill\u00e9e les multiples facult\u00e9s de l&rsquo;esprit, offrant un aper\u00e7u des espoirs suscit\u00e9s par ces d\u00e9couvertes r\u00e9centes. Il nous \u00e9quipe des outils n\u00e9cessaires pour devenir les artisans de notre bien-\u00eatre et de notre processus de gu\u00e9rison. Il devient clair que la transformation de notre cerveau est \u00e0 notre port\u00e9e, \u00e0 condition que nous en soyons conscients.<\/p>\n","protected":false},"excerpt":{"rendered":"<p>Neurosciences \u00e9clairent pouvoir de remodeler le cerveau pour bien-\u00eatre et gu\u00e9rison personnelle.<\/p>\n","protected":false},"featured_media":17451,"comment_status":"open","ping_status":"closed","template":"","meta":{"inline_featured_image":false},"product_cat":[204,91],"product_tag":[],"class_list":{"0":"post-17448","1":"product","2":"type-product","3":"status-publish","4":"has-post-thumbnail","6":"product_cat-francais","7":"product_cat-developpement","8":"pa_auteurs-michel-le-van-quyen","10":"first","11":"instock","12":"shipping-taxable","13":"purchasable","14":"product-type-simple"},"_links":{"self":[{"href":"https:\/\/baralivres.ma\/index.php?rest_route=\/wp\/v2\/product\/17448","targetHints":{"allow":["GET"]}}],"collection":[{"href":"https:\/\/baralivres.ma\/index.php?rest_route=\/wp\/v2\/product"}],"about":[{"href":"https:\/\/baralivres.ma\/index.php?rest_route=\/wp\/v2\/types\/product"}],"replies":[{"embeddable":true,"href":"https:\/\/baralivres.ma\/index.php?rest_route=%2Fwp%2Fv2%2Fcomments&post=17448"}],"version-history":[{"count":1,"href":"https:\/\/baralivres.ma\/index.php?rest_route=\/wp\/v2\/product\/17448\/revisions"}],"predecessor-version":[{"id":17452,"href":"https:\/\/baralivres.ma\/index.php?rest_route=\/wp\/v2\/product\/17448\/revisions\/17452"}],"wp:featuredmedia":[{"embeddable":true,"href":"https:\/\/baralivres.ma\/index.php?rest_route=\/wp\/v2\/media\/17451"}],"wp:attachment":[{"href":"https:\/\/baralivres.ma\/index.php?rest_route=%2Fwp%2Fv2%2Fmedia&parent=17448"}],"wp:term":[{"taxonomy":"product_cat","embeddable":true,"href":"https:\/\/baralivres.ma\/index.php?rest_route=%2Fwp%2Fv2%2Fproduct_cat&post=17448"},{"taxonomy":"product_tag","embeddable":true,"href":"https:\/\/baralivres.ma\/index.php?rest_route=%2Fwp%2Fv2%2Fproduct_tag&post=17448"}],"curies":[{"name":"wp","href":"https:\/\/api.w.org\/{rel}","templated":true}]}}