{"id":17445,"date":"2023-11-01T17:36:06","date_gmt":"2023-11-01T16:36:06","guid":{"rendered":"https:\/\/baralivres.ma\/?post_type=product&#038;p=17445"},"modified":"2023-12-18T15:02:02","modified_gmt":"2023-12-18T14:02:02","slug":"decouvrir-un-sens-a-sa-vie-grace-a-la-logotherapie","status":"publish","type":"product","link":"https:\/\/baralivres.ma\/?product=decouvrir-un-sens-a-sa-vie-grace-a-la-logotherapie","title":{"rendered":"D\u00e9couvrir un sens \u00e0 sa vie gr\u00e2ce \u00e0 la logoth\u00e9rapie"},"content":{"rendered":"<p>Viktor Frankl soutient que l&rsquo;une des principales causes de troubles mentaux r\u00e9side dans la perte de sens. Il avance l&rsquo;id\u00e9e que l&rsquo;inconscient a principalement une dimension spirituelle, expliquant que \u00ab\u00a0lorsqu&rsquo;on parvient \u00e0 trouver un sens dans les \u00e9v\u00e9nements de sa vie, la souffrance diminue et la sant\u00e9 mentale s&rsquo;am\u00e9liore\u00a0\u00bb. Au-del\u00e0 de l&rsquo;instinct de plaisir, la nature fondamentale de l&rsquo;\u00eatre humain le guide vers l&rsquo;accomplissement moral. C&rsquo;est au cours de son exp\u00e9rience dans les camps de concentration que l&rsquo;auteur a d\u00e9velopp\u00e9 cette r\u00e9flexion sur la recherche de sens.<\/p>\n<p>Dans cette \u0153uvre significative, class\u00e9e parmi les dix livres les plus influents au monde, Frankl expose les trois voies &#8211; celles de la r\u00e9alisation, de l&rsquo;amour et de la transcendance &#8211; qui permettent de donner un sens \u00e0 l&rsquo;existence. En parcourant ce livre, vous d\u00e9couvrirez la v\u00e9ritable signification du terme \u00ab\u00a0responsabilit\u00e9\u00a0\u00bb et prendrez en main votre propre vie.<\/p>\n","protected":false},"excerpt":{"rendered":"<p>Viktor Frankl affirme que la perte de sens entra\u00eene des troubles mentaux, et il explore des voies pour trouver un sens.<\/p>\n","protected":false},"featured_media":20645,"comment_status":"open","ping_status":"closed","template":"","meta":{"inline_featured_image":false},"product_cat":[204,91],"product_tag":[],"class_list":{"0":"post-17445","1":"product","2":"type-product","3":"status-publish","4":"has-post-thumbnail","6":"product_cat-francais","7":"product_cat-developpement","8":"pa_auteurs-viktor-emil-frankl","10":"first","11":"instock","12":"shipping-taxable","13":"purchasable","14":"product-type-simple"},"_links":{"self":[{"href":"https:\/\/baralivres.ma\/index.php?rest_route=\/wp\/v2\/product\/17445","targetHints":{"allow":["GET"]}}],"collection":[{"href":"https:\/\/baralivres.ma\/index.php?rest_route=\/wp\/v2\/product"}],"about":[{"href":"https:\/\/baralivres.ma\/index.php?rest_route=\/wp\/v2\/types\/product"}],"replies":[{"embeddable":true,"href":"https:\/\/baralivres.ma\/index.php?rest_route=%2Fwp%2Fv2%2Fcomments&post=17445"}],"version-history":[{"count":1,"href":"https:\/\/baralivres.ma\/index.php?rest_route=\/wp\/v2\/product\/17445\/revisions"}],"predecessor-version":[{"id":17454,"href":"https:\/\/baralivres.ma\/index.php?rest_route=\/wp\/v2\/product\/17445\/revisions\/17454"}],"wp:featuredmedia":[{"embeddable":true,"href":"https:\/\/baralivres.ma\/index.php?rest_route=\/wp\/v2\/media\/20645"}],"wp:attachment":[{"href":"https:\/\/baralivres.ma\/index.php?rest_route=%2Fwp%2Fv2%2Fmedia&parent=17445"}],"wp:term":[{"taxonomy":"product_cat","embeddable":true,"href":"https:\/\/baralivres.ma\/index.php?rest_route=%2Fwp%2Fv2%2Fproduct_cat&post=17445"},{"taxonomy":"product_tag","embeddable":true,"href":"https:\/\/baralivres.ma\/index.php?rest_route=%2Fwp%2Fv2%2Fproduct_tag&post=17445"}],"curies":[{"name":"wp","href":"https:\/\/api.w.org\/{rel}","templated":true}]}}