{"id":17442,"date":"2023-11-01T17:33:39","date_gmt":"2023-11-01T16:33:39","guid":{"rendered":"https:\/\/baralivres.ma\/?post_type=product&#038;p=17442"},"modified":"2023-11-01T17:33:40","modified_gmt":"2023-11-01T16:33:40","slug":"se-reconnecter-a-soi-agir-pour-les-autres","status":"publish","type":"product","link":"https:\/\/baralivres.ma\/?product=se-reconnecter-a-soi-agir-pour-les-autres","title":{"rendered":"Se reconnecter \u00e0 soi, agir pour les autres"},"content":{"rendered":"<p>De nos jours, de plus en plus de personnes cherchent \u00e0 donner un sens plus profond \u00e0 leur existence, \u00e0 contribuer \u00e0 un monde plus \u00e9quitable, et \u00e0 embrasser des valeurs de solidarit\u00e9 et de g\u00e9n\u00e9rosit\u00e9. Les anciennes sagesses et traditions offrent un appui pr\u00e9cieux \u00e0 cet \u00e9gard. Avant m\u00eame que la psychologie positive n&rsquo;explique comment les actions altruistes enrichissent notre bonheur et notre sentiment de gratitude, ces sagesses soulignaient d\u00e9j\u00e0 que s&rsquo;occuper des autres revient \u00e9galement \u00e0 prendre soin de soi.<\/p>\n<p>\u00c0 travers ce manuel pratique pour une implication quotidienne, S\u00e9bastien Henry nous conduit habilement, via les exercices propos\u00e9s, vers une existence \u00e9panouie o\u00f9 la bienveillance et la fraternit\u00e9 renforcent notre raison d&rsquo;\u00eatre.<\/p>\n","protected":false},"excerpt":{"rendered":"<p>Traditions anciennes soutiennent l&rsquo;altruisme, guide pratique pour \u00e9panouissement par solidarit\u00e9 et bienveillance.<\/p>\n","protected":false},"featured_media":17446,"comment_status":"open","ping_status":"closed","template":"","meta":{"inline_featured_image":false},"product_cat":[204,91],"product_tag":[],"class_list":{"0":"post-17442","1":"product","2":"type-product","3":"status-publish","4":"has-post-thumbnail","6":"product_cat-francais","7":"product_cat-developpement","8":"pa_auteurs-sebastien-henry","10":"first","11":"instock","12":"shipping-taxable","13":"purchasable","14":"product-type-simple"},"_links":{"self":[{"href":"https:\/\/baralivres.ma\/index.php?rest_route=\/wp\/v2\/product\/17442","targetHints":{"allow":["GET"]}}],"collection":[{"href":"https:\/\/baralivres.ma\/index.php?rest_route=\/wp\/v2\/product"}],"about":[{"href":"https:\/\/baralivres.ma\/index.php?rest_route=\/wp\/v2\/types\/product"}],"replies":[{"embeddable":true,"href":"https:\/\/baralivres.ma\/index.php?rest_route=%2Fwp%2Fv2%2Fcomments&post=17442"}],"version-history":[{"count":1,"href":"https:\/\/baralivres.ma\/index.php?rest_route=\/wp\/v2\/product\/17442\/revisions"}],"predecessor-version":[{"id":17447,"href":"https:\/\/baralivres.ma\/index.php?rest_route=\/wp\/v2\/product\/17442\/revisions\/17447"}],"wp:featuredmedia":[{"embeddable":true,"href":"https:\/\/baralivres.ma\/index.php?rest_route=\/wp\/v2\/media\/17446"}],"wp:attachment":[{"href":"https:\/\/baralivres.ma\/index.php?rest_route=%2Fwp%2Fv2%2Fmedia&parent=17442"}],"wp:term":[{"taxonomy":"product_cat","embeddable":true,"href":"https:\/\/baralivres.ma\/index.php?rest_route=%2Fwp%2Fv2%2Fproduct_cat&post=17442"},{"taxonomy":"product_tag","embeddable":true,"href":"https:\/\/baralivres.ma\/index.php?rest_route=%2Fwp%2Fv2%2Fproduct_tag&post=17442"}],"curies":[{"name":"wp","href":"https:\/\/api.w.org\/{rel}","templated":true}]}}