{"id":17437,"date":"2023-11-01T17:31:22","date_gmt":"2023-11-01T16:31:22","guid":{"rendered":"https:\/\/baralivres.ma\/?post_type=product&#038;p=17437"},"modified":"2023-11-01T17:31:22","modified_gmt":"2023-11-01T16:31:22","slug":"ou-tu-vas-tu-es","status":"publish","type":"product","link":"https:\/\/baralivres.ma\/?product=ou-tu-vas-tu-es","title":{"rendered":"O\u00f9 tu vas, tu es"},"content":{"rendered":"<p>Des \u00e9tudes r\u00e9centes ont mis en lumi\u00e8re les effets consid\u00e9rables de la m\u00e9ditation et de la pleine conscience sur le bien-\u00eatre mental et physique. \u00ab\u00a0O\u00f9 tu vas, tu es\u00a0\u00bb s&rsquo;adresse \u00e0 quiconque souhaite s&rsquo;initier ou approfondir sa pratique m\u00e9ditative pour se lib\u00e9rer du stress et entamer un processus de gu\u00e9rison. En cultivant la pleine conscience au pr\u00e9sent, vous ouvrirez la porte \u00e0 un potentiel de joie, de cr\u00e9ativit\u00e9, de sant\u00e9 et d&rsquo;intelligence, souvent insoup\u00e7onn\u00e9 jusqu&rsquo;alors.<\/p>\n","protected":false},"excerpt":{"rendered":"<p>\u00ab\u00a0Pratique m\u00e9ditative lib\u00e8re du stress, favorise bien-\u00eatre, \u00e9veille ressources pour joie, sant\u00e9, intelligence.\u00a0\u00bb<\/p>\n","protected":false},"featured_media":17440,"comment_status":"open","ping_status":"closed","template":"","meta":{"inline_featured_image":false},"product_cat":[204,91],"product_tag":[],"class_list":{"0":"post-17437","1":"product","2":"type-product","3":"status-publish","4":"has-post-thumbnail","6":"product_cat-francais","7":"product_cat-developpement","8":"pa_auteurs-jon-kabat-zinn","10":"first","11":"instock","12":"shipping-taxable","13":"purchasable","14":"product-type-simple"},"_links":{"self":[{"href":"https:\/\/baralivres.ma\/index.php?rest_route=\/wp\/v2\/product\/17437","targetHints":{"allow":["GET"]}}],"collection":[{"href":"https:\/\/baralivres.ma\/index.php?rest_route=\/wp\/v2\/product"}],"about":[{"href":"https:\/\/baralivres.ma\/index.php?rest_route=\/wp\/v2\/types\/product"}],"replies":[{"embeddable":true,"href":"https:\/\/baralivres.ma\/index.php?rest_route=%2Fwp%2Fv2%2Fcomments&post=17437"}],"version-history":[{"count":1,"href":"https:\/\/baralivres.ma\/index.php?rest_route=\/wp\/v2\/product\/17437\/revisions"}],"predecessor-version":[{"id":17441,"href":"https:\/\/baralivres.ma\/index.php?rest_route=\/wp\/v2\/product\/17437\/revisions\/17441"}],"wp:featuredmedia":[{"embeddable":true,"href":"https:\/\/baralivres.ma\/index.php?rest_route=\/wp\/v2\/media\/17440"}],"wp:attachment":[{"href":"https:\/\/baralivres.ma\/index.php?rest_route=%2Fwp%2Fv2%2Fmedia&parent=17437"}],"wp:term":[{"taxonomy":"product_cat","embeddable":true,"href":"https:\/\/baralivres.ma\/index.php?rest_route=%2Fwp%2Fv2%2Fproduct_cat&post=17437"},{"taxonomy":"product_tag","embeddable":true,"href":"https:\/\/baralivres.ma\/index.php?rest_route=%2Fwp%2Fv2%2Fproduct_tag&post=17437"}],"curies":[{"name":"wp","href":"https:\/\/api.w.org\/{rel}","templated":true}]}}