{"id":17433,"date":"2023-11-01T17:30:34","date_gmt":"2023-11-01T16:30:34","guid":{"rendered":"https:\/\/baralivres.ma\/?post_type=product&#038;p=17433"},"modified":"2023-11-01T17:30:34","modified_gmt":"2023-11-01T16:30:34","slug":"le-monde-selon-amazon","status":"publish","type":"product","link":"https:\/\/baralivres.ma\/?product=le-monde-selon-amazon","title":{"rendered":"Le monde selon amazon"},"content":{"rendered":"<p>Au cours de 25 ann\u00e9es, Amazon est devenue une puissance mondiale sous la direction de Jeff Bezos, l&rsquo;homme le plus riche au monde. Une enqu\u00eate approfondie r\u00e9alis\u00e9e par Beno\u00eet Berthelot r\u00e9v\u00e8le les coulisses secr\u00e8tes d&rsquo;Amazon, des hauts dirigeants aux ouvriers des entrep\u00f4ts, avec des documents exclusifs. Elle met en lumi\u00e8re un empire tentaculaire et incontrolable, remettant en question son impact sur la soci\u00e9t\u00e9.<\/p>\n","protected":false},"excerpt":{"rendered":"<p>Amazon, dirig\u00e9 par Jeff Bezos, a \u00e9volu\u00e9 en une puissance mondiale, r\u00e9v\u00e9l\u00e9e par une enqu\u00eate approfondie.<\/p>\n","protected":false},"featured_media":17438,"comment_status":"open","ping_status":"closed","template":"","meta":{"inline_featured_image":false},"product_cat":[204,91],"product_tag":[],"class_list":{"0":"post-17433","1":"product","2":"type-product","3":"status-publish","4":"has-post-thumbnail","6":"product_cat-francais","7":"product_cat-developpement","8":"pa_auteurs-benoit-berthelot","10":"first","11":"instock","12":"shipping-taxable","13":"purchasable","14":"product-type-simple"},"_links":{"self":[{"href":"https:\/\/baralivres.ma\/index.php?rest_route=\/wp\/v2\/product\/17433","targetHints":{"allow":["GET"]}}],"collection":[{"href":"https:\/\/baralivres.ma\/index.php?rest_route=\/wp\/v2\/product"}],"about":[{"href":"https:\/\/baralivres.ma\/index.php?rest_route=\/wp\/v2\/types\/product"}],"replies":[{"embeddable":true,"href":"https:\/\/baralivres.ma\/index.php?rest_route=%2Fwp%2Fv2%2Fcomments&post=17433"}],"version-history":[{"count":1,"href":"https:\/\/baralivres.ma\/index.php?rest_route=\/wp\/v2\/product\/17433\/revisions"}],"predecessor-version":[{"id":17439,"href":"https:\/\/baralivres.ma\/index.php?rest_route=\/wp\/v2\/product\/17433\/revisions\/17439"}],"wp:featuredmedia":[{"embeddable":true,"href":"https:\/\/baralivres.ma\/index.php?rest_route=\/wp\/v2\/media\/17438"}],"wp:attachment":[{"href":"https:\/\/baralivres.ma\/index.php?rest_route=%2Fwp%2Fv2%2Fmedia&parent=17433"}],"wp:term":[{"taxonomy":"product_cat","embeddable":true,"href":"https:\/\/baralivres.ma\/index.php?rest_route=%2Fwp%2Fv2%2Fproduct_cat&post=17433"},{"taxonomy":"product_tag","embeddable":true,"href":"https:\/\/baralivres.ma\/index.php?rest_route=%2Fwp%2Fv2%2Fproduct_tag&post=17433"}],"curies":[{"name":"wp","href":"https:\/\/api.w.org\/{rel}","templated":true}]}}