{"id":17432,"date":"2023-11-01T17:31:48","date_gmt":"2023-11-01T16:31:48","guid":{"rendered":"https:\/\/baralivres.ma\/?post_type=product&#038;p=17432"},"modified":"2023-11-01T17:31:49","modified_gmt":"2023-11-01T16:31:49","slug":"zero-contrainte","status":"publish","type":"product","link":"https:\/\/baralivres.ma\/?product=zero-contrainte","title":{"rendered":"Z\u00e9ro contrainte"},"content":{"rendered":"<p>Imaginez que pour maintenir votre bien-\u00eatre, il ne soit pas n\u00e9cessaire d&rsquo;apporter le moindre changement \u00e0 votre mode de vie. Et si vous d\u00e9couvriez comment vivre plus harmonieusement sans aucune contrainte ? Dans ce livre, le Dr. Jimmy Mohamed vous pr\u00e9sente 48 astuces extr\u00eamement simples, toutes soutenues par la science, pour prendre soin de votre c\u0153ur, pr\u00e9server une bonne sant\u00e9 dentaire, et bien plus encore. En somme, tout ce qu&rsquo;il faut pour pr\u00e9server votre sant\u00e9 avec un effort minimal (ou presque) !<\/p>\n","protected":false},"excerpt":{"rendered":"<p>Maintenir le bien-\u00eatre sans efforts : 48 astuces scientifiques pour prendre soin de soi, selon le Dr. Jimmy Mohamed.<\/p>\n","protected":false},"featured_media":17443,"comment_status":"open","ping_status":"closed","template":"","meta":{"inline_featured_image":false},"product_cat":[204,91],"product_tag":[],"class_list":{"0":"post-17432","1":"product","2":"type-product","3":"status-publish","4":"has-post-thumbnail","6":"product_cat-francais","7":"product_cat-developpement","8":"pa_auteurs-jimmy-mohamed","10":"first","11":"instock","12":"shipping-taxable","13":"purchasable","14":"product-type-simple"},"_links":{"self":[{"href":"https:\/\/baralivres.ma\/index.php?rest_route=\/wp\/v2\/product\/17432","targetHints":{"allow":["GET"]}}],"collection":[{"href":"https:\/\/baralivres.ma\/index.php?rest_route=\/wp\/v2\/product"}],"about":[{"href":"https:\/\/baralivres.ma\/index.php?rest_route=\/wp\/v2\/types\/product"}],"replies":[{"embeddable":true,"href":"https:\/\/baralivres.ma\/index.php?rest_route=%2Fwp%2Fv2%2Fcomments&post=17432"}],"version-history":[{"count":1,"href":"https:\/\/baralivres.ma\/index.php?rest_route=\/wp\/v2\/product\/17432\/revisions"}],"predecessor-version":[{"id":17444,"href":"https:\/\/baralivres.ma\/index.php?rest_route=\/wp\/v2\/product\/17432\/revisions\/17444"}],"wp:featuredmedia":[{"embeddable":true,"href":"https:\/\/baralivres.ma\/index.php?rest_route=\/wp\/v2\/media\/17443"}],"wp:attachment":[{"href":"https:\/\/baralivres.ma\/index.php?rest_route=%2Fwp%2Fv2%2Fmedia&parent=17432"}],"wp:term":[{"taxonomy":"product_cat","embeddable":true,"href":"https:\/\/baralivres.ma\/index.php?rest_route=%2Fwp%2Fv2%2Fproduct_cat&post=17432"},{"taxonomy":"product_tag","embeddable":true,"href":"https:\/\/baralivres.ma\/index.php?rest_route=%2Fwp%2Fv2%2Fproduct_tag&post=17432"}],"curies":[{"name":"wp","href":"https:\/\/api.w.org\/{rel}","templated":true}]}}