{"id":17427,"date":"2023-11-01T17:28:35","date_gmt":"2023-11-01T16:28:35","guid":{"rendered":"https:\/\/baralivres.ma\/?post_type=product&#038;p=17427"},"modified":"2023-11-01T17:28:35","modified_gmt":"2023-11-01T16:28:35","slug":"victime-des-autres-bourreau-de-soi-meme","status":"publish","type":"product","link":"https:\/\/baralivres.ma\/?product=victime-des-autres-bourreau-de-soi-meme","title":{"rendered":"Victime des autres, bourreau de soi-m\u00eame"},"content":{"rendered":"<p>Qui n&rsquo;a jamais \u00e9prouv\u00e9 cette sensation de porter en lui un vide presque tangible, une sorte d&rsquo;inconfort ind\u00e9finissable ? Dans de telles situations, il est souvent tentant de bl\u00e2mer les autres et de se consid\u00e9rer comme une victime. En s&rsquo;inspirant du mythe d&rsquo;Isis et Osiris, Guy Corneau nous d\u00e9montre que nous sommes souvent les artisans de notre propre malaise, souvent par le d\u00e9sir de construire une personnalit\u00e9 artificielle. Il nous accompagne \u00e0 travers les \u00e9tapes de notre transformation int\u00e9rieure pour enfin parvenir \u00e0 une r\u00e9conciliation avec nous-m\u00eames.<\/p>\n","protected":false},"excerpt":{"rendered":"<p>Reconna\u00eetre son propre r\u00f4le dans le malaise, surmonter l&rsquo;artifice, se transformer int\u00e9rieurement, s&rsquo;auto-r\u00e9concilier gr\u00e2ce \u00e0 Guy Corneau.<\/p>\n","protected":false},"featured_media":17434,"comment_status":"open","ping_status":"closed","template":"","meta":{"inline_featured_image":false},"product_cat":[204,91],"product_tag":[],"class_list":{"0":"post-17427","1":"product","2":"type-product","3":"status-publish","4":"has-post-thumbnail","6":"product_cat-francais","7":"product_cat-developpement","8":"pa_auteurs-guy-corneau","10":"first","11":"instock","12":"shipping-taxable","13":"purchasable","14":"product-type-simple"},"_links":{"self":[{"href":"https:\/\/baralivres.ma\/index.php?rest_route=\/wp\/v2\/product\/17427","targetHints":{"allow":["GET"]}}],"collection":[{"href":"https:\/\/baralivres.ma\/index.php?rest_route=\/wp\/v2\/product"}],"about":[{"href":"https:\/\/baralivres.ma\/index.php?rest_route=\/wp\/v2\/types\/product"}],"replies":[{"embeddable":true,"href":"https:\/\/baralivres.ma\/index.php?rest_route=%2Fwp%2Fv2%2Fcomments&post=17427"}],"version-history":[{"count":1,"href":"https:\/\/baralivres.ma\/index.php?rest_route=\/wp\/v2\/product\/17427\/revisions"}],"predecessor-version":[{"id":17435,"href":"https:\/\/baralivres.ma\/index.php?rest_route=\/wp\/v2\/product\/17427\/revisions\/17435"}],"wp:featuredmedia":[{"embeddable":true,"href":"https:\/\/baralivres.ma\/index.php?rest_route=\/wp\/v2\/media\/17434"}],"wp:attachment":[{"href":"https:\/\/baralivres.ma\/index.php?rest_route=%2Fwp%2Fv2%2Fmedia&parent=17427"}],"wp:term":[{"taxonomy":"product_cat","embeddable":true,"href":"https:\/\/baralivres.ma\/index.php?rest_route=%2Fwp%2Fv2%2Fproduct_cat&post=17427"},{"taxonomy":"product_tag","embeddable":true,"href":"https:\/\/baralivres.ma\/index.php?rest_route=%2Fwp%2Fv2%2Fproduct_tag&post=17427"}],"curies":[{"name":"wp","href":"https:\/\/api.w.org\/{rel}","templated":true}]}}