{"id":17424,"date":"2023-11-01T17:27:19","date_gmt":"2023-11-01T16:27:19","guid":{"rendered":"https:\/\/baralivres.ma\/?post_type=product&#038;p=17424"},"modified":"2023-11-01T17:27:20","modified_gmt":"2023-11-01T16:27:20","slug":"enquete-au-coeur-des-guerisons-spontanees","status":"publish","type":"product","link":"https:\/\/baralivres.ma\/?product=enquete-au-coeur-des-guerisons-spontanees","title":{"rendered":"Enqu\u00eate au coeur des gu\u00e9risons spontan\u00e9es"},"content":{"rendered":"<p>Jeffrey Rediger, m\u00e9decin et professeur de m\u00e9decine \u00e0 Harvard, a consacr\u00e9 plus de quinze ans \u00e0 l&rsquo;\u00e9tude des gu\u00e9risons spontan\u00e9es inexplicables. Il a parcouru le monde pour rencontrer des patients consid\u00e9r\u00e9s comme incurables par la science, mais qui ont fini par gu\u00e9rir sans cause apparente. En examinant en d\u00e9tail les dossiers m\u00e9dicaux de ces patients, il a cherch\u00e9 \u00e0 comprendre les origines de la maladie, les d\u00e9clencheurs du processus de gu\u00e9rison et les obstacles \u00e0 cette gu\u00e9rison. Le r\u00e9sultat de ses recherches est pr\u00e9sent\u00e9 dans ce livre, o\u00f9 il d\u00e9crypte les principes physiques, mentaux et spirituels sous-jacents \u00e0 chaque gu\u00e9rison. Il explore ainsi l&rsquo;un des plus grands myst\u00e8res de la vie : pourquoi gu\u00e9rissons-nous ?<\/p>\n","protected":false},"excerpt":{"rendered":"<p>Jeffrey Rediger, professeur de m\u00e9decine \u00e0 Harvard, a \u00e9tudi\u00e9 les gu\u00e9risons spontan\u00e9es inexplicables pour comprendre leurs causes physiques, mentales et spirituelles. Il partage ses d\u00e9couvertes dans ce livre.<\/p>\n","protected":false},"featured_media":17430,"comment_status":"open","ping_status":"closed","template":"","meta":{"inline_featured_image":false},"product_cat":[204,91],"product_tag":[],"class_list":{"0":"post-17424","1":"product","2":"type-product","3":"status-publish","4":"has-post-thumbnail","6":"product_cat-francais","7":"product_cat-developpement","8":"pa_auteurs-jeffrey-rediger","10":"first","11":"instock","12":"shipping-taxable","13":"purchasable","14":"product-type-simple"},"_links":{"self":[{"href":"https:\/\/baralivres.ma\/index.php?rest_route=\/wp\/v2\/product\/17424","targetHints":{"allow":["GET"]}}],"collection":[{"href":"https:\/\/baralivres.ma\/index.php?rest_route=\/wp\/v2\/product"}],"about":[{"href":"https:\/\/baralivres.ma\/index.php?rest_route=\/wp\/v2\/types\/product"}],"replies":[{"embeddable":true,"href":"https:\/\/baralivres.ma\/index.php?rest_route=%2Fwp%2Fv2%2Fcomments&post=17424"}],"version-history":[{"count":1,"href":"https:\/\/baralivres.ma\/index.php?rest_route=\/wp\/v2\/product\/17424\/revisions"}],"predecessor-version":[{"id":17431,"href":"https:\/\/baralivres.ma\/index.php?rest_route=\/wp\/v2\/product\/17424\/revisions\/17431"}],"wp:featuredmedia":[{"embeddable":true,"href":"https:\/\/baralivres.ma\/index.php?rest_route=\/wp\/v2\/media\/17430"}],"wp:attachment":[{"href":"https:\/\/baralivres.ma\/index.php?rest_route=%2Fwp%2Fv2%2Fmedia&parent=17424"}],"wp:term":[{"taxonomy":"product_cat","embeddable":true,"href":"https:\/\/baralivres.ma\/index.php?rest_route=%2Fwp%2Fv2%2Fproduct_cat&post=17424"},{"taxonomy":"product_tag","embeddable":true,"href":"https:\/\/baralivres.ma\/index.php?rest_route=%2Fwp%2Fv2%2Fproduct_tag&post=17424"}],"curies":[{"name":"wp","href":"https:\/\/api.w.org\/{rel}","templated":true}]}}