{"id":17421,"date":"2023-11-01T17:21:26","date_gmt":"2023-11-01T16:21:26","guid":{"rendered":"https:\/\/baralivres.ma\/?post_type=product&#038;p=17421"},"modified":"2023-11-01T17:21:26","modified_gmt":"2023-11-01T16:21:26","slug":"reveillez-le-chaman-qui-est-en-vous","status":"publish","type":"product","link":"https:\/\/baralivres.ma\/?product=reveillez-le-chaman-qui-est-en-vous","title":{"rendered":"R\u00e9veillez le chaman qui est en vous"},"content":{"rendered":"<p>Arnaud Riou explique comment le chamanisme a \u00e9volu\u00e9 en un outil de d\u00e9veloppement personnel adapt\u00e9 \u00e0 notre monde en mutation. Il offre une initiation progressive avec des outils concrets pour communiquer avec l&rsquo;invisible, se soigner, harmoniser son environnement, d\u00e9velopper l&rsquo;intuition et la confiance en soi, ind\u00e9pendamment des croyances et de la sensibilit\u00e9 de chacun.<\/p>\n","protected":false},"excerpt":{"rendered":"<p>Arnaud Riou explique l&rsquo;\u00e9volution du chamanisme en outil de d\u00e9veloppement personnel, offrant une initiation progressive et pratique.<\/p>\n","protected":false},"featured_media":17422,"comment_status":"open","ping_status":"closed","template":"","meta":{"inline_featured_image":false},"product_cat":[204,91],"product_tag":[],"class_list":{"0":"post-17421","1":"product","2":"type-product","3":"status-publish","4":"has-post-thumbnail","6":"product_cat-francais","7":"product_cat-developpement","8":"pa_auteurs-arnaud-riou","10":"first","11":"instock","12":"shipping-taxable","13":"purchasable","14":"product-type-simple"},"_links":{"self":[{"href":"https:\/\/baralivres.ma\/index.php?rest_route=\/wp\/v2\/product\/17421","targetHints":{"allow":["GET"]}}],"collection":[{"href":"https:\/\/baralivres.ma\/index.php?rest_route=\/wp\/v2\/product"}],"about":[{"href":"https:\/\/baralivres.ma\/index.php?rest_route=\/wp\/v2\/types\/product"}],"replies":[{"embeddable":true,"href":"https:\/\/baralivres.ma\/index.php?rest_route=%2Fwp%2Fv2%2Fcomments&post=17421"}],"version-history":[{"count":1,"href":"https:\/\/baralivres.ma\/index.php?rest_route=\/wp\/v2\/product\/17421\/revisions"}],"predecessor-version":[{"id":17423,"href":"https:\/\/baralivres.ma\/index.php?rest_route=\/wp\/v2\/product\/17421\/revisions\/17423"}],"wp:featuredmedia":[{"embeddable":true,"href":"https:\/\/baralivres.ma\/index.php?rest_route=\/wp\/v2\/media\/17422"}],"wp:attachment":[{"href":"https:\/\/baralivres.ma\/index.php?rest_route=%2Fwp%2Fv2%2Fmedia&parent=17421"}],"wp:term":[{"taxonomy":"product_cat","embeddable":true,"href":"https:\/\/baralivres.ma\/index.php?rest_route=%2Fwp%2Fv2%2Fproduct_cat&post=17421"},{"taxonomy":"product_tag","embeddable":true,"href":"https:\/\/baralivres.ma\/index.php?rest_route=%2Fwp%2Fv2%2Fproduct_tag&post=17421"}],"curies":[{"name":"wp","href":"https:\/\/api.w.org\/{rel}","templated":true}]}}