{"id":17418,"date":"2023-11-01T17:25:50","date_gmt":"2023-11-01T16:25:50","guid":{"rendered":"https:\/\/baralivres.ma\/?post_type=product&#038;p=17418"},"modified":"2023-11-01T17:25:50","modified_gmt":"2023-11-01T16:25:50","slug":"ny-a-t-il-pas-damour-heureux","status":"publish","type":"product","link":"https:\/\/baralivres.ma\/?product=ny-a-t-il-pas-damour-heureux","title":{"rendered":"N&rsquo;y a-t-il pas d&rsquo;amour heureux ?"},"content":{"rendered":"<p>La complexit\u00e9 des relations amoureuses et de la vie \u00e0 deux est incontestable. Nous sommes souvent pris au pi\u00e8ge de nos propres \u00e9motions, telles que l&rsquo;\u00e9go\u00efsme, la peur, la d\u00e9pendance et la col\u00e8re. Guy Corneau souligne l&rsquo;impact direct des relations parent-enfant sur nos choix amoureux, que ce soit en cherchant \u00e0 reproduire un sch\u00e9ma ou en le fuyant. Sa le\u00e7on essentielle r\u00e9side dans le fait que pour aimer pleinement un autre, il est imp\u00e9ratif de se r\u00e9concilier d&rsquo;abord avec soi-m\u00eame. Cela n\u00e9cessite une prise de conscience de nos blessures et leur gu\u00e9rison. Ce n&rsquo;est qu&rsquo;\u00e0 ce moment-l\u00e0 que nous pourrons offrir et recevoir de fa\u00e7on \u00e9quilibr\u00e9e, exp\u00e9rimentant ainsi un amour harmonieux.<\/p>\n","protected":false},"excerpt":{"rendered":"<p>Pour aimer pleinement, gu\u00e9rissez vos blessures int\u00e9rieures ; harmonie dans les relations suivra.<\/p>\n","protected":false},"featured_media":17425,"comment_status":"open","ping_status":"closed","template":"","meta":{"inline_featured_image":false},"product_cat":[204,91],"product_tag":[],"class_list":{"0":"post-17418","1":"product","2":"type-product","3":"status-publish","4":"has-post-thumbnail","6":"product_cat-francais","7":"product_cat-developpement","8":"pa_auteurs-guy-corneau","10":"first","11":"instock","12":"shipping-taxable","13":"purchasable","14":"product-type-simple"},"_links":{"self":[{"href":"https:\/\/baralivres.ma\/index.php?rest_route=\/wp\/v2\/product\/17418","targetHints":{"allow":["GET"]}}],"collection":[{"href":"https:\/\/baralivres.ma\/index.php?rest_route=\/wp\/v2\/product"}],"about":[{"href":"https:\/\/baralivres.ma\/index.php?rest_route=\/wp\/v2\/types\/product"}],"replies":[{"embeddable":true,"href":"https:\/\/baralivres.ma\/index.php?rest_route=%2Fwp%2Fv2%2Fcomments&post=17418"}],"version-history":[{"count":1,"href":"https:\/\/baralivres.ma\/index.php?rest_route=\/wp\/v2\/product\/17418\/revisions"}],"predecessor-version":[{"id":17426,"href":"https:\/\/baralivres.ma\/index.php?rest_route=\/wp\/v2\/product\/17418\/revisions\/17426"}],"wp:featuredmedia":[{"embeddable":true,"href":"https:\/\/baralivres.ma\/index.php?rest_route=\/wp\/v2\/media\/17425"}],"wp:attachment":[{"href":"https:\/\/baralivres.ma\/index.php?rest_route=%2Fwp%2Fv2%2Fmedia&parent=17418"}],"wp:term":[{"taxonomy":"product_cat","embeddable":true,"href":"https:\/\/baralivres.ma\/index.php?rest_route=%2Fwp%2Fv2%2Fproduct_cat&post=17418"},{"taxonomy":"product_tag","embeddable":true,"href":"https:\/\/baralivres.ma\/index.php?rest_route=%2Fwp%2Fv2%2Fproduct_tag&post=17418"}],"curies":[{"name":"wp","href":"https:\/\/api.w.org\/{rel}","templated":true}]}}