{"id":17415,"date":"2023-11-01T17:17:52","date_gmt":"2023-11-01T16:17:52","guid":{"rendered":"https:\/\/baralivres.ma\/?post_type=product&#038;p=17415"},"modified":"2023-11-01T17:17:53","modified_gmt":"2023-11-01T16:17:53","slug":"lappel","status":"publish","type":"product","link":"https:\/\/baralivres.ma\/?product=lappel","title":{"rendered":"L&rsquo;appel"},"content":{"rendered":"<p>Arjun, un citadin indien accident\u00e9, entreprend un voyage dans l&rsquo;Himalaya suite \u00e0 une pr\u00e9diction de transformation. Au fil du p\u00e9riple, les montagnes r\u00e9v\u00e8lent des secrets et des \u00e9preuves, conduisant Arjun \u00e0 une \u00e9volution personnelle profonde et \u00e0 l&rsquo;acceptation de sa v\u00e9ritable identit\u00e9, tout en abandonnant ses pr\u00e9tentions, fausset\u00e9s et confusions.<\/p>\n","protected":false},"excerpt":{"rendered":"<p>Arjun, citadin bless\u00e9, explore l&rsquo;Himalaya sur les conseils d&rsquo;un sadhu, d\u00e9couvrant la v\u00e9rit\u00e9 sur lui-m\u00eame et sa vie.<\/p>\n","protected":false},"featured_media":17419,"comment_status":"open","ping_status":"closed","template":"","meta":{"inline_featured_image":false},"product_cat":[204,91],"product_tag":[],"class_list":{"0":"post-17415","1":"product","2":"type-product","3":"status-publish","4":"has-post-thumbnail","6":"product_cat-francais","7":"product_cat-developpement","8":"pa_auteurs-priya-kumar","10":"first","11":"instock","12":"shipping-taxable","13":"purchasable","14":"product-type-simple"},"_links":{"self":[{"href":"https:\/\/baralivres.ma\/index.php?rest_route=\/wp\/v2\/product\/17415","targetHints":{"allow":["GET"]}}],"collection":[{"href":"https:\/\/baralivres.ma\/index.php?rest_route=\/wp\/v2\/product"}],"about":[{"href":"https:\/\/baralivres.ma\/index.php?rest_route=\/wp\/v2\/types\/product"}],"replies":[{"embeddable":true,"href":"https:\/\/baralivres.ma\/index.php?rest_route=%2Fwp%2Fv2%2Fcomments&post=17415"}],"version-history":[{"count":1,"href":"https:\/\/baralivres.ma\/index.php?rest_route=\/wp\/v2\/product\/17415\/revisions"}],"predecessor-version":[{"id":17420,"href":"https:\/\/baralivres.ma\/index.php?rest_route=\/wp\/v2\/product\/17415\/revisions\/17420"}],"wp:featuredmedia":[{"embeddable":true,"href":"https:\/\/baralivres.ma\/index.php?rest_route=\/wp\/v2\/media\/17419"}],"wp:attachment":[{"href":"https:\/\/baralivres.ma\/index.php?rest_route=%2Fwp%2Fv2%2Fmedia&parent=17415"}],"wp:term":[{"taxonomy":"product_cat","embeddable":true,"href":"https:\/\/baralivres.ma\/index.php?rest_route=%2Fwp%2Fv2%2Fproduct_cat&post=17415"},{"taxonomy":"product_tag","embeddable":true,"href":"https:\/\/baralivres.ma\/index.php?rest_route=%2Fwp%2Fv2%2Fproduct_tag&post=17415"}],"curies":[{"name":"wp","href":"https:\/\/api.w.org\/{rel}","templated":true}]}}