{"id":17412,"date":"2023-11-01T17:16:02","date_gmt":"2023-11-01T16:16:02","guid":{"rendered":"https:\/\/baralivres.ma\/?post_type=product&#038;p=17412"},"modified":"2023-11-01T17:16:03","modified_gmt":"2023-11-01T16:16:03","slug":"pere-manquant-fils-manque","status":"publish","type":"product","link":"https:\/\/baralivres.ma\/?product=pere-manquant-fils-manque","title":{"rendered":"P\u00e8re manquant, fils manqu\u00e9"},"content":{"rendered":"<p>Pourquoi les hommes tendent-ils \u00e0 refr\u00e9ner leur sensibilit\u00e9 et \u00e0 craindre l&rsquo;intimit\u00e9 ? Guy Corneau, renomm\u00e9 pour ses analyses psychanalytiques, sugg\u00e8re d&rsquo;explorer la relation entre les fils et leurs p\u00e8res pour saisir cette dynamique. Le silence souvent pr\u00e9sent chez les figures paternelles engendre chez les jeunes gar\u00e7ons une incertitude sur leur propre masculinit\u00e9 et cr\u00e9e un vide persistant qui perdure \u00e0 l&rsquo;\u00e2ge adulte. Adultes, les hommes dissimulent souvent leurs blessures derri\u00e8re diff\u00e9rents masques tels que le s\u00e9ducteur, le gentil gar\u00e7on, l&rsquo;\u00e9ternel adolescent, ou le h\u00e9ros. Le livre \u00ab\u00a0P\u00e8re manquant, fils manqu\u00e9\u00a0\u00bb est une \u0153uvre majeure, permettant \u00e0 la fois aux hommes et aux femmes de mieux appr\u00e9hender les d\u00e9fis de la masculinit\u00e9 contemporaine. Il offre des cl\u00e9s cruciales pour aider les hommes \u00e0 renouer avec leur authenticit\u00e9 en brisant le silence.<\/p>\n","protected":false},"excerpt":{"rendered":"<p>Le livre explore comment le silence paternel influe sur la masculinit\u00e9 et l&rsquo;authenticit\u00e9 masculine.<\/p>\n","protected":false},"featured_media":17416,"comment_status":"open","ping_status":"closed","template":"","meta":{"inline_featured_image":false},"product_cat":[204,91],"product_tag":[],"class_list":{"0":"post-17412","1":"product","2":"type-product","3":"status-publish","4":"has-post-thumbnail","6":"product_cat-francais","7":"product_cat-developpement","8":"pa_auteurs-guy-corneau","10":"first","11":"instock","12":"shipping-taxable","13":"purchasable","14":"product-type-simple"},"_links":{"self":[{"href":"https:\/\/baralivres.ma\/index.php?rest_route=\/wp\/v2\/product\/17412","targetHints":{"allow":["GET"]}}],"collection":[{"href":"https:\/\/baralivres.ma\/index.php?rest_route=\/wp\/v2\/product"}],"about":[{"href":"https:\/\/baralivres.ma\/index.php?rest_route=\/wp\/v2\/types\/product"}],"replies":[{"embeddable":true,"href":"https:\/\/baralivres.ma\/index.php?rest_route=%2Fwp%2Fv2%2Fcomments&post=17412"}],"version-history":[{"count":1,"href":"https:\/\/baralivres.ma\/index.php?rest_route=\/wp\/v2\/product\/17412\/revisions"}],"predecessor-version":[{"id":17417,"href":"https:\/\/baralivres.ma\/index.php?rest_route=\/wp\/v2\/product\/17412\/revisions\/17417"}],"wp:featuredmedia":[{"embeddable":true,"href":"https:\/\/baralivres.ma\/index.php?rest_route=\/wp\/v2\/media\/17416"}],"wp:attachment":[{"href":"https:\/\/baralivres.ma\/index.php?rest_route=%2Fwp%2Fv2%2Fmedia&parent=17412"}],"wp:term":[{"taxonomy":"product_cat","embeddable":true,"href":"https:\/\/baralivres.ma\/index.php?rest_route=%2Fwp%2Fv2%2Fproduct_cat&post=17412"},{"taxonomy":"product_tag","embeddable":true,"href":"https:\/\/baralivres.ma\/index.php?rest_route=%2Fwp%2Fv2%2Fproduct_tag&post=17412"}],"curies":[{"name":"wp","href":"https:\/\/api.w.org\/{rel}","templated":true}]}}