{"id":17410,"date":"2023-11-01T17:26:18","date_gmt":"2023-11-01T16:26:18","guid":{"rendered":"https:\/\/baralivres.ma\/?post_type=product&#038;p=17410"},"modified":"2023-11-01T17:26:19","modified_gmt":"2023-11-01T16:26:19","slug":"mieux-rever","status":"publish","type":"product","link":"https:\/\/baralivres.ma\/?product=mieux-rever","title":{"rendered":"Mieux r\u00eaver"},"content":{"rendered":"<p>Le tout premier ouvrage consacr\u00e9 \u00e0 la neuroscience, aux r\u00eaves, et \u00e0 la transformation personnelle ! Alice Robb nous emm\u00e8ne dans une passionnante enqu\u00eate au c\u0153ur du r\u00f4le puissant des r\u00eaves dans notre quotidien. Elle met en \u00e9vidence leur influence cruciale sur notre cr\u00e9ativit\u00e9, nos capacit\u00e9s d&rsquo;apprentissage et de m\u00e9morisation, notre bien-\u00eatre \u00e9motionnel et notre sant\u00e9. En utilisant des exercices simples, nous pouvons devenir plus attentifs \u00e0 nos r\u00eaves, lib\u00e9rer leur plein potentiel, et les mettre \u00e0 notre avantage. Avec ce livre, il devient possible de ma\u00eetriser nos r\u00eaves et de fa\u00e7onner notre r\u00e9alit\u00e9 onirique. Document\u00e9, accessible et pratique, cet ouvrage est essentiel pour que les r\u00eaves illuminent notre existence !<\/p>\n","protected":false},"excerpt":{"rendered":"<p>Un livre pionnier sur les r\u00eaves, la neuroscience, et la transformation personnelle, explorant leur pouvoir et application.<\/p>\n","protected":false},"featured_media":17428,"comment_status":"open","ping_status":"closed","template":"","meta":{"inline_featured_image":false},"product_cat":[204,91],"product_tag":[],"class_list":{"0":"post-17410","1":"product","2":"type-product","3":"status-publish","4":"has-post-thumbnail","6":"product_cat-francais","7":"product_cat-developpement","8":"pa_auteurs-alice-robb","10":"first","11":"instock","12":"shipping-taxable","13":"purchasable","14":"product-type-simple"},"_links":{"self":[{"href":"https:\/\/baralivres.ma\/index.php?rest_route=\/wp\/v2\/product\/17410","targetHints":{"allow":["GET"]}}],"collection":[{"href":"https:\/\/baralivres.ma\/index.php?rest_route=\/wp\/v2\/product"}],"about":[{"href":"https:\/\/baralivres.ma\/index.php?rest_route=\/wp\/v2\/types\/product"}],"replies":[{"embeddable":true,"href":"https:\/\/baralivres.ma\/index.php?rest_route=%2Fwp%2Fv2%2Fcomments&post=17410"}],"version-history":[{"count":1,"href":"https:\/\/baralivres.ma\/index.php?rest_route=\/wp\/v2\/product\/17410\/revisions"}],"predecessor-version":[{"id":17429,"href":"https:\/\/baralivres.ma\/index.php?rest_route=\/wp\/v2\/product\/17410\/revisions\/17429"}],"wp:featuredmedia":[{"embeddable":true,"href":"https:\/\/baralivres.ma\/index.php?rest_route=\/wp\/v2\/media\/17428"}],"wp:attachment":[{"href":"https:\/\/baralivres.ma\/index.php?rest_route=%2Fwp%2Fv2%2Fmedia&parent=17410"}],"wp:term":[{"taxonomy":"product_cat","embeddable":true,"href":"https:\/\/baralivres.ma\/index.php?rest_route=%2Fwp%2Fv2%2Fproduct_cat&post=17410"},{"taxonomy":"product_tag","embeddable":true,"href":"https:\/\/baralivres.ma\/index.php?rest_route=%2Fwp%2Fv2%2Fproduct_tag&post=17410"}],"curies":[{"name":"wp","href":"https:\/\/api.w.org\/{rel}","templated":true}]}}