{"id":17402,"date":"2023-11-01T17:13:19","date_gmt":"2023-11-01T16:13:19","guid":{"rendered":"https:\/\/baralivres.ma\/?post_type=product&#038;p=17402"},"modified":"2023-11-07T12:26:21","modified_gmt":"2023-11-07T11:26:21","slug":"le-meilleur-de-soi","status":"publish","type":"product","link":"https:\/\/baralivres.ma\/?product=le-meilleur-de-soi","title":{"rendered":"Le meilleur de soi"},"content":{"rendered":"<p>Guy Corneau soutient que tout au long de notre croissance, depuis la naissance jusqu&rsquo;\u00e0 la formation de notre personnalit\u00e9, nous avons souvent tendance \u00e0 nous \u00e9loigner de notre \u00eatre v\u00e9ritable en raison des influences familiales, sociales ou amoureuses. Pourtant, diverses circonstances nous offrent l&rsquo;opportunit\u00e9 d&rsquo;explorer ce qu&rsquo;il y a de meilleur en nous. Ainsi, il est possible de se laisser guider vers l&rsquo;exploration de notre monde int\u00e9rieur.<\/p>\n<p>Voici quelques pistes pour cultiver le meilleur de soi-m\u00eame :<\/p>\n<ul>\n<li>En s&rsquo;adonnant \u00e0 la m\u00e9ditation, \u00e0 la respiration et \u00e0 la contemplation pour nourrir et imaginer le meilleur de soi.<\/li>\n<li>En explorant et en embrassant notre unicit\u00e9 cr\u00e9ative.<\/li>\n<li>En lib\u00e9rant notre expression pour parvenir \u00e0 l&rsquo;ind\u00e9pendance et ma\u00eetriser notre \u00eatre profond\u00e9ment ancr\u00e9.<\/li>\n<\/ul>\n","protected":false},"excerpt":{"rendered":"<p>Retrouver le soi authentique par m\u00e9ditation, cr\u00e9ativit\u00e9, expression pour \u00e9panouissement personnel et autonomie.<\/p>\n","protected":false},"featured_media":17409,"comment_status":"open","ping_status":"closed","template":"","meta":{"inline_featured_image":false},"product_cat":[204,91],"product_tag":[],"class_list":{"0":"post-17402","1":"product","2":"type-product","3":"status-publish","4":"has-post-thumbnail","6":"product_cat-francais","7":"product_cat-developpement","8":"pa_auteurs-guy-corneau","10":"first","11":"instock","12":"shipping-taxable","13":"purchasable","14":"product-type-simple"},"_links":{"self":[{"href":"https:\/\/baralivres.ma\/index.php?rest_route=\/wp\/v2\/product\/17402","targetHints":{"allow":["GET"]}}],"collection":[{"href":"https:\/\/baralivres.ma\/index.php?rest_route=\/wp\/v2\/product"}],"about":[{"href":"https:\/\/baralivres.ma\/index.php?rest_route=\/wp\/v2\/types\/product"}],"replies":[{"embeddable":true,"href":"https:\/\/baralivres.ma\/index.php?rest_route=%2Fwp%2Fv2%2Fcomments&post=17402"}],"version-history":[{"count":2,"href":"https:\/\/baralivres.ma\/index.php?rest_route=\/wp\/v2\/product\/17402\/revisions"}],"predecessor-version":[{"id":17411,"href":"https:\/\/baralivres.ma\/index.php?rest_route=\/wp\/v2\/product\/17402\/revisions\/17411"}],"wp:featuredmedia":[{"embeddable":true,"href":"https:\/\/baralivres.ma\/index.php?rest_route=\/wp\/v2\/media\/17409"}],"wp:attachment":[{"href":"https:\/\/baralivres.ma\/index.php?rest_route=%2Fwp%2Fv2%2Fmedia&parent=17402"}],"wp:term":[{"taxonomy":"product_cat","embeddable":true,"href":"https:\/\/baralivres.ma\/index.php?rest_route=%2Fwp%2Fv2%2Fproduct_cat&post=17402"},{"taxonomy":"product_tag","embeddable":true,"href":"https:\/\/baralivres.ma\/index.php?rest_route=%2Fwp%2Fv2%2Fproduct_tag&post=17402"}],"curies":[{"name":"wp","href":"https:\/\/api.w.org\/{rel}","templated":true}]}}