{"id":17392,"date":"2023-11-01T17:10:46","date_gmt":"2023-11-01T16:10:46","guid":{"rendered":"https:\/\/baralivres.ma\/?post_type=product&#038;p=17392"},"modified":"2025-02-20T09:30:24","modified_gmt":"2025-02-20T08:30:24","slug":"les-sept-lois-spirituelles-du-vrai-bonheur","status":"publish","type":"product","link":"https:\/\/baralivres.ma\/?product=les-sept-lois-spirituelles-du-vrai-bonheur","title":{"rendered":"Les sept lois spirituelles du vrai bonheur"},"content":{"rendered":"<p>Deepak Chopra enseigne que le bonheur conduit au succ\u00e8s. Il partage sept lois pour un bonheur profond, durable, en s&rsquo;appuyant sur des techniques issues de la psychologie, des neurosciences et de la sagesse orientale. Le cheminement int\u00e9rieur m\u00e8ne \u00e0 l&rsquo;amour, la joie et la spiritualit\u00e9.<\/p>\n","protected":false},"excerpt":{"rendered":"<p>Deepak Chopra explore comment le bonheur conduit au succ\u00e8s, partage sept lois pour un bien-\u00eatre durable.<\/p>\n","protected":false},"featured_media":17404,"comment_status":"open","ping_status":"closed","template":"","meta":{"inline_featured_image":false},"product_cat":[3862,4214,3673],"product_tag":[],"class_list":{"0":"post-17392","1":"product","2":"type-product","3":"status-publish","4":"has-post-thumbnail","6":"product_cat-spiritualite","7":"product_cat-voyage-spirituel-pendant-le-ramadan","8":"product_cat-aventire-secrete","9":"pa_auteurs-deepak-chopra","11":"first","12":"instock","13":"shipping-taxable","14":"purchasable","15":"product-type-simple"},"_links":{"self":[{"href":"https:\/\/baralivres.ma\/index.php?rest_route=\/wp\/v2\/product\/17392","targetHints":{"allow":["GET"]}}],"collection":[{"href":"https:\/\/baralivres.ma\/index.php?rest_route=\/wp\/v2\/product"}],"about":[{"href":"https:\/\/baralivres.ma\/index.php?rest_route=\/wp\/v2\/types\/product"}],"replies":[{"embeddable":true,"href":"https:\/\/baralivres.ma\/index.php?rest_route=%2Fwp%2Fv2%2Fcomments&post=17392"}],"version-history":[{"count":1,"href":"https:\/\/baralivres.ma\/index.php?rest_route=\/wp\/v2\/product\/17392\/revisions"}],"predecessor-version":[{"id":17405,"href":"https:\/\/baralivres.ma\/index.php?rest_route=\/wp\/v2\/product\/17392\/revisions\/17405"}],"wp:featuredmedia":[{"embeddable":true,"href":"https:\/\/baralivres.ma\/index.php?rest_route=\/wp\/v2\/media\/17404"}],"wp:attachment":[{"href":"https:\/\/baralivres.ma\/index.php?rest_route=%2Fwp%2Fv2%2Fmedia&parent=17392"}],"wp:term":[{"taxonomy":"product_cat","embeddable":true,"href":"https:\/\/baralivres.ma\/index.php?rest_route=%2Fwp%2Fv2%2Fproduct_cat&post=17392"},{"taxonomy":"product_tag","embeddable":true,"href":"https:\/\/baralivres.ma\/index.php?rest_route=%2Fwp%2Fv2%2Fproduct_tag&post=17392"}],"curies":[{"name":"wp","href":"https:\/\/api.w.org\/{rel}","templated":true}]}}