{"id":17389,"date":"2023-11-01T17:06:38","date_gmt":"2023-11-01T16:06:38","guid":{"rendered":"https:\/\/baralivres.ma\/?post_type=product&#038;p=17389"},"modified":"2023-11-01T17:06:39","modified_gmt":"2023-11-01T16:06:39","slug":"ranger-letincelle-du-bonheur","status":"publish","type":"product","link":"https:\/\/baralivres.ma\/?product=ranger-letincelle-du-bonheur","title":{"rendered":"Ranger : l&rsquo;\u00e9tincelle du bonheur"},"content":{"rendered":"<p>Ce livre est un guide richement illustr\u00e9 offrant une exploration approfondie de la c\u00e9l\u00e8bre m\u00e9thode KonMari, rendant ses principes encore plus accessibles. Maintenir un int\u00e9rieur bien ordonn\u00e9 est pr\u00e9sent\u00e9 comme un moyen d&rsquo;apaiser l&rsquo;esprit. Au-del\u00e0 d&rsquo;une simple technique, il s&rsquo;agit d&rsquo;un art de vivre. De la chambre \u00e0 la salle de bains, en passant par la cuisine, cet ouvrage couvre tous les aspects, de l&rsquo;organisation des v\u00eatements aux photos, en mettant l&rsquo;accent sur les petits d\u00e9tails tels que les couverts ou le maquillage. Marie Kondo vous guide pour apporter de l&rsquo;ordre et pour insuffler de la joie \u00e0 chaque objet qui vous entoure. \u00ab\u00a0Ranger : l&rsquo;\u00e9tincelle du bonheur\u00a0\u00bb repr\u00e9sente une ressource unique, une source d&rsquo;inspiration qui va au-del\u00e0 de la simple transformation de votre espace domestique, en promettant de changer votre vie.<\/p>\n","protected":false},"excerpt":{"rendered":"<div class=\"group w-full text-token-text-primary border-b border-black\/10 gizmo:border-0 dark:border-gray-900\/50 gizmo:dark:border-0 bg-gray-50 gizmo:bg-transparent dark:bg-[#444654] gizmo:dark:bg-transparent\" data-testid=\"conversation-turn-5\">\n<div class=\"p-4 gizmo:py-2 justify-center text-base md:gap-6 md:py-6 m-auto\">\n<div class=\"flex flex-1 gap-4 text-base mx-auto md:gap-6 gizmo:gap-3 gizmo:md:px-5 gizmo:lg:px-1 gizmo:xl:px-5 md:max-w-2xl lg:max-w-[38rem] gizmo:md:max-w-3xl gizmo:lg:max-w-[40rem] gizmo:xl:max-w-[48rem] xl:max-w-3xl }\">\n<div class=\"relative flex w-[calc(100%-50px)] flex-col gizmo:w-full lg:w-[calc(100%-115px)] agent-turn\">\n<div class=\"flex-col gap-1 md:gap-3\">\n<div class=\"flex flex-grow flex-col gap-3 max-w-full\">\n<div class=\"min-h-[20px] flex flex-col items-start gap-3 whitespace-pre-wrap break-words overflow-x-auto\" data-message-author-role=\"assistant\" data-message-id=\"454f39c4-9528-4455-8b6f-e8aeaf380a51\">\n<div class=\"markdown prose w-full break-words dark:prose-invert light\">\n<p>Guide illustr\u00e9 m\u00e9thode KonMari pour ordre, joie et art de vivre transformant maisons et vies.<\/p>\n<\/div>\n<\/div>\n<\/div>\n<\/div>\n<\/div>\n<\/div>\n<\/div>\n<\/div>\n","protected":false},"featured_media":17393,"comment_status":"open","ping_status":"closed","template":"","meta":{"inline_featured_image":false},"product_cat":[204,91],"product_tag":[],"class_list":{"0":"post-17389","1":"product","2":"type-product","3":"status-publish","4":"has-post-thumbnail","6":"product_cat-francais","7":"product_cat-developpement","8":"pa_auteurs-marie-kondo","10":"first","11":"instock","12":"shipping-taxable","13":"purchasable","14":"product-type-simple"},"_links":{"self":[{"href":"https:\/\/baralivres.ma\/index.php?rest_route=\/wp\/v2\/product\/17389","targetHints":{"allow":["GET"]}}],"collection":[{"href":"https:\/\/baralivres.ma\/index.php?rest_route=\/wp\/v2\/product"}],"about":[{"href":"https:\/\/baralivres.ma\/index.php?rest_route=\/wp\/v2\/types\/product"}],"replies":[{"embeddable":true,"href":"https:\/\/baralivres.ma\/index.php?rest_route=%2Fwp%2Fv2%2Fcomments&post=17389"}],"version-history":[{"count":1,"href":"https:\/\/baralivres.ma\/index.php?rest_route=\/wp\/v2\/product\/17389\/revisions"}],"predecessor-version":[{"id":17394,"href":"https:\/\/baralivres.ma\/index.php?rest_route=\/wp\/v2\/product\/17389\/revisions\/17394"}],"wp:featuredmedia":[{"embeddable":true,"href":"https:\/\/baralivres.ma\/index.php?rest_route=\/wp\/v2\/media\/17393"}],"wp:attachment":[{"href":"https:\/\/baralivres.ma\/index.php?rest_route=%2Fwp%2Fv2%2Fmedia&parent=17389"}],"wp:term":[{"taxonomy":"product_cat","embeddable":true,"href":"https:\/\/baralivres.ma\/index.php?rest_route=%2Fwp%2Fv2%2Fproduct_cat&post=17389"},{"taxonomy":"product_tag","embeddable":true,"href":"https:\/\/baralivres.ma\/index.php?rest_route=%2Fwp%2Fv2%2Fproduct_tag&post=17389"}],"curies":[{"name":"wp","href":"https:\/\/api.w.org\/{rel}","templated":true}]}}