{"id":17380,"date":"2023-11-01T17:03:22","date_gmt":"2023-11-01T16:03:22","guid":{"rendered":"https:\/\/baralivres.ma\/?post_type=product&#038;p=17380"},"modified":"2023-11-01T17:03:23","modified_gmt":"2023-11-01T16:03:23","slug":"refaites-votre-valise","status":"publish","type":"product","link":"https:\/\/baralivres.ma\/?product=refaites-votre-valise","title":{"rendered":"Refaites votre valise"},"content":{"rendered":"<p>Pour retrouver un \u00e9quilibre harmonieux dans la vie, il est souvent n\u00e9cessaire de laisser aller certaines choses. Peu importe le chemin que nous empruntons, la plupart d&rsquo;entre nous doivent r\u00e9inventer leur vie \u00e0 plusieurs reprises. Pour reconstruire, il faut entamer par d\u00e9baller nos bagages remplis d&rsquo;exp\u00e9riences et r\u00e9fl\u00e9chir sur ce qu&rsquo;ils repr\u00e9sentent : est-ce qu&rsquo;ils nous propulsent vers l&rsquo;avant ou bien nous retiennent ? Ensuite, vient le moment de r\u00e9organiser nos priorit\u00e9s et de se d\u00e9barrasser des charges qui nous alourdissent.<\/p>\n<p>Ce guide pratique, \u00e0 travers des t\u00e9moignages et des exercices, offre un soutien pour trouver du sens et de l&rsquo;\u00e9quilibre dans notre existence. Les auteurs nous accompagnent pour d\u00e9couvrir ce qui est essentiel pour trouver le bonheur : vivre l\u00e0 o\u00f9 l&rsquo;on se sent chez soi, entour\u00e9 des personnes qu&rsquo;on aime, tout en poursuivant un travail qui nous correspond, de mani\u00e8re d\u00e9lib\u00e9r\u00e9e.<\/p>\n","protected":false},"excerpt":{"rendered":"<p>L\u00e2cher les fardeaux, r\u00e9\u00e9valuer, se lib\u00e9rer, trouver \u00e9quilibre et bonheur dans l&rsquo;existence intentionnelle.<\/p>\n","protected":false},"featured_media":17385,"comment_status":"open","ping_status":"closed","template":"","meta":{"inline_featured_image":false},"product_cat":[204,91],"product_tag":[],"class_list":{"0":"post-17380","1":"product","2":"type-product","3":"status-publish","4":"has-post-thumbnail","6":"product_cat-francais","7":"product_cat-developpement","8":"pa_auteurs-richard-j-leider","10":"first","11":"instock","12":"shipping-taxable","13":"purchasable","14":"product-type-simple"},"_links":{"self":[{"href":"https:\/\/baralivres.ma\/index.php?rest_route=\/wp\/v2\/product\/17380","targetHints":{"allow":["GET"]}}],"collection":[{"href":"https:\/\/baralivres.ma\/index.php?rest_route=\/wp\/v2\/product"}],"about":[{"href":"https:\/\/baralivres.ma\/index.php?rest_route=\/wp\/v2\/types\/product"}],"replies":[{"embeddable":true,"href":"https:\/\/baralivres.ma\/index.php?rest_route=%2Fwp%2Fv2%2Fcomments&post=17380"}],"version-history":[{"count":1,"href":"https:\/\/baralivres.ma\/index.php?rest_route=\/wp\/v2\/product\/17380\/revisions"}],"predecessor-version":[{"id":17388,"href":"https:\/\/baralivres.ma\/index.php?rest_route=\/wp\/v2\/product\/17380\/revisions\/17388"}],"wp:featuredmedia":[{"embeddable":true,"href":"https:\/\/baralivres.ma\/index.php?rest_route=\/wp\/v2\/media\/17385"}],"wp:attachment":[{"href":"https:\/\/baralivres.ma\/index.php?rest_route=%2Fwp%2Fv2%2Fmedia&parent=17380"}],"wp:term":[{"taxonomy":"product_cat","embeddable":true,"href":"https:\/\/baralivres.ma\/index.php?rest_route=%2Fwp%2Fv2%2Fproduct_cat&post=17380"},{"taxonomy":"product_tag","embeddable":true,"href":"https:\/\/baralivres.ma\/index.php?rest_route=%2Fwp%2Fv2%2Fproduct_tag&post=17380"}],"curies":[{"name":"wp","href":"https:\/\/api.w.org\/{rel}","templated":true}]}}