{"id":17377,"date":"2023-11-01T17:03:07","date_gmt":"2023-11-01T16:03:07","guid":{"rendered":"https:\/\/baralivres.ma\/?post_type=product&#038;p=17377"},"modified":"2023-11-01T17:03:08","modified_gmt":"2023-11-01T16:03:08","slug":"ne-vous-noyez-pas-dans-un-verre-deau","status":"publish","type":"product","link":"https:\/\/baralivres.ma\/?product=ne-vous-noyez-pas-dans-un-verre-deau","title":{"rendered":"Ne vous noyez pas dans un verre d&rsquo;eau"},"content":{"rendered":"<p>Si votre conjoint semble incapable de vous comprendre, que votre patron exerce une tyrannie sur vous, et que votre rythme de vie semble \u00e9touffant, ce livre peut \u00eatre la r\u00e9ponse que vous cherchez. Richard Carlson vous guide \u00e0 travers une s\u00e9rie de 100 \u00ab\u00a0strat\u00e9gies\u00a0\u00bb pratiques pour faire face aux d\u00e9fis quotidiens. Vous apprendrez \u00e0 vivre pleinement le moment pr\u00e9sent, \u00e0 respecter les autres tout en prenant soin de vous, et \u00e0 d\u00e9velopper la capacit\u00e9 de relativiser. En somme, ce livre vous encourage \u00e0 ne pas laisser les petits drames envahir vos journ\u00e9es et \u00e0 simplifier votre existence. Il s&rsquo;agit d&rsquo;un tr\u00e9sor de sagesse impr\u00e9gn\u00e9 d&rsquo;humour qui vous aidera \u00e0 mieux vivre et \u00e0 faire face aux v\u00e9ritables temp\u00eates de la vie.<\/p>\n","protected":false},"excerpt":{"rendered":"<p>Pour surmonter les d\u00e9fis de la vie quotidienne, ce livre offre 100 strat\u00e9gies pratiques pour la simplifier.<\/p>\n","protected":false},"featured_media":17383,"comment_status":"open","ping_status":"closed","template":"","meta":{"inline_featured_image":false},"product_cat":[204,91],"product_tag":[],"class_list":{"0":"post-17377","1":"product","2":"type-product","3":"status-publish","4":"has-post-thumbnail","6":"product_cat-francais","7":"product_cat-developpement","8":"pa_auteurs-richard-carlson","10":"first","11":"instock","12":"shipping-taxable","13":"purchasable","14":"product-type-simple"},"_links":{"self":[{"href":"https:\/\/baralivres.ma\/index.php?rest_route=\/wp\/v2\/product\/17377","targetHints":{"allow":["GET"]}}],"collection":[{"href":"https:\/\/baralivres.ma\/index.php?rest_route=\/wp\/v2\/product"}],"about":[{"href":"https:\/\/baralivres.ma\/index.php?rest_route=\/wp\/v2\/types\/product"}],"replies":[{"embeddable":true,"href":"https:\/\/baralivres.ma\/index.php?rest_route=%2Fwp%2Fv2%2Fcomments&post=17377"}],"version-history":[{"count":1,"href":"https:\/\/baralivres.ma\/index.php?rest_route=\/wp\/v2\/product\/17377\/revisions"}],"predecessor-version":[{"id":17386,"href":"https:\/\/baralivres.ma\/index.php?rest_route=\/wp\/v2\/product\/17377\/revisions\/17386"}],"wp:featuredmedia":[{"embeddable":true,"href":"https:\/\/baralivres.ma\/index.php?rest_route=\/wp\/v2\/media\/17383"}],"wp:attachment":[{"href":"https:\/\/baralivres.ma\/index.php?rest_route=%2Fwp%2Fv2%2Fmedia&parent=17377"}],"wp:term":[{"taxonomy":"product_cat","embeddable":true,"href":"https:\/\/baralivres.ma\/index.php?rest_route=%2Fwp%2Fv2%2Fproduct_cat&post=17377"},{"taxonomy":"product_tag","embeddable":true,"href":"https:\/\/baralivres.ma\/index.php?rest_route=%2Fwp%2Fv2%2Fproduct_tag&post=17377"}],"curies":[{"name":"wp","href":"https:\/\/api.w.org\/{rel}","templated":true}]}}