{"id":17371,"date":"2023-11-01T16:56:27","date_gmt":"2023-11-01T15:56:27","guid":{"rendered":"https:\/\/baralivres.ma\/?post_type=product&#038;p=17371"},"modified":"2023-11-01T16:56:28","modified_gmt":"2023-11-01T15:56:28","slug":"la-fabrique-du-bonheur","status":"publish","type":"product","link":"https:\/\/baralivres.ma\/?product=la-fabrique-du-bonheur","title":{"rendered":"La fabrique du bonheur"},"content":{"rendered":"<p>Explorez le nouveau domaine de la psychologie ancr\u00e9e dans les d\u00e9couvertes des neurosciences. Plongez dans un ouvrage complet enrichi de questionnaires, tests et applications concr\u00e8tes, vous d\u00e9voilant comment cultiver le bonheur dans votre vie gr\u00e2ce aux principes de la psychologie positive. Martin E.P. Seligman, figure majeure ayant conceptualis\u00e9 cette approche novatrice, a r\u00e9volutionn\u00e9 la psychologie ces derni\u00e8res ann\u00e9es en fondant la psychologie positive.<\/p>\n<p>Plut\u00f4t que de se concentrer sur les sources du mal-\u00eatre, cette approche se penche sur vos forces et ressources individuelles, vous permettant ainsi de g\u00e9n\u00e9rer du bonheur, de gu\u00e9rir naturellement de vos blessures \u00e9motionnelles et d&rsquo;am\u00e9liorer significativement votre qualit\u00e9 de vie. Ce guide pratique r\u00e9dig\u00e9 par le p\u00e8re fondateur de la psychologie positive vous accompagne pas \u00e0 pas sur le chemin du bonheur.<\/p>\n","protected":false},"excerpt":{"rendered":"<p>Psychologie positive: cultiver bonheur par forces personnelles, gu\u00e9rir blessures, am\u00e9liorer vie, guide pratique.<\/p>\n","protected":false},"featured_media":17372,"comment_status":"open","ping_status":"closed","template":"","meta":{"inline_featured_image":false},"product_cat":[204,91],"product_tag":[],"class_list":{"0":"post-17371","1":"product","2":"type-product","3":"status-publish","4":"has-post-thumbnail","6":"product_cat-francais","7":"product_cat-developpement","8":"pa_auteurs-martin-e-p-seligman","10":"first","11":"instock","12":"shipping-taxable","13":"purchasable","14":"product-type-simple"},"_links":{"self":[{"href":"https:\/\/baralivres.ma\/index.php?rest_route=\/wp\/v2\/product\/17371","targetHints":{"allow":["GET"]}}],"collection":[{"href":"https:\/\/baralivres.ma\/index.php?rest_route=\/wp\/v2\/product"}],"about":[{"href":"https:\/\/baralivres.ma\/index.php?rest_route=\/wp\/v2\/types\/product"}],"replies":[{"embeddable":true,"href":"https:\/\/baralivres.ma\/index.php?rest_route=%2Fwp%2Fv2%2Fcomments&post=17371"}],"version-history":[{"count":1,"href":"https:\/\/baralivres.ma\/index.php?rest_route=\/wp\/v2\/product\/17371\/revisions"}],"predecessor-version":[{"id":17374,"href":"https:\/\/baralivres.ma\/index.php?rest_route=\/wp\/v2\/product\/17371\/revisions\/17374"}],"wp:featuredmedia":[{"embeddable":true,"href":"https:\/\/baralivres.ma\/index.php?rest_route=\/wp\/v2\/media\/17372"}],"wp:attachment":[{"href":"https:\/\/baralivres.ma\/index.php?rest_route=%2Fwp%2Fv2%2Fmedia&parent=17371"}],"wp:term":[{"taxonomy":"product_cat","embeddable":true,"href":"https:\/\/baralivres.ma\/index.php?rest_route=%2Fwp%2Fv2%2Fproduct_cat&post=17371"},{"taxonomy":"product_tag","embeddable":true,"href":"https:\/\/baralivres.ma\/index.php?rest_route=%2Fwp%2Fv2%2Fproduct_tag&post=17371"}],"curies":[{"name":"wp","href":"https:\/\/api.w.org\/{rel}","templated":true}]}}