{"id":17368,"date":"2023-11-01T16:56:35","date_gmt":"2023-11-01T15:56:35","guid":{"rendered":"https:\/\/baralivres.ma\/?post_type=product&#038;p=17368"},"modified":"2023-11-01T16:56:35","modified_gmt":"2023-11-01T15:56:35","slug":"developpement-impersonnel","status":"publish","type":"product","link":"https:\/\/baralivres.ma\/?product=developpement-impersonnel","title":{"rendered":"D\u00e9veloppement (im)personnel"},"content":{"rendered":"<p>\u00ab\u00a0Les librairies sont submerg\u00e9es par une multitude de livres comme \u00ab\u00a0L&rsquo;authenticit\u00e9 en 5 le\u00e7ons\u00a0\u00bb, \u00ab\u00a0La confiance en soi : mode d&#8217;emploi\u00a0\u00bb, et \u00ab\u00a0Les 10 recettes du bonheur\u00a0\u00bb, qui c\u00e9l\u00e8brent sans fin la mont\u00e9e en puissance de la qu\u00eate de l&rsquo;\u00e9panouissement personnel. Nous nous retrouvons plong\u00e9s dans l&rsquo;\u00e8re de la \u00ab\u00a0pens\u00e9e positive\u00a0\u00bb, qui semble bien plus ax\u00e9e sur le positif que sur la r\u00e9flexion authentique. Comment peut-on parler de d\u00e9veloppement personnel lorsque les guides et manuels s&rsquo;adressent de la m\u00eame mani\u00e8re \u00e0 chacun, sans distinction ? Pourquoi cet engouement pour le d\u00e9veloppement personnel ? Quels facteurs psychologiques et philosophiques sous-tendent cette tendance ? Ne devrions-nous pas chercher l&rsquo;\u00e9panouissement de soi ailleurs que dans ces attitudes intellectuelles et comportementales souvent vides de sens ? Julia de Fun\u00e8s s&rsquo;oppose aux imposteurs du \u00ab\u00a0moi\u00a0\u00bb en les confrontant aux grands philosophes qui offrent \u00e0 chacun la possibilit\u00e9 d&rsquo;approfondir sa pens\u00e9e et d&rsquo;explorer sa libert\u00e9.\u00a0\u00bb<\/p>\n","protected":false},"excerpt":{"rendered":"<p>Engouement pour d\u00e9veloppement personnel. Julia de Fun\u00e8s oppose charlatans \u00e0 philosophes pour une qu\u00eate authentique de soi.<\/p>\n","protected":false},"featured_media":17373,"comment_status":"open","ping_status":"closed","template":"","meta":{"inline_featured_image":false},"product_cat":[204,91],"product_tag":[],"class_list":{"0":"post-17368","1":"product","2":"type-product","3":"status-publish","4":"has-post-thumbnail","6":"product_cat-francais","7":"product_cat-developpement","8":"pa_auteurs-julia-de-funes","10":"first","11":"instock","12":"shipping-taxable","13":"purchasable","14":"product-type-simple"},"_links":{"self":[{"href":"https:\/\/baralivres.ma\/index.php?rest_route=\/wp\/v2\/product\/17368","targetHints":{"allow":["GET"]}}],"collection":[{"href":"https:\/\/baralivres.ma\/index.php?rest_route=\/wp\/v2\/product"}],"about":[{"href":"https:\/\/baralivres.ma\/index.php?rest_route=\/wp\/v2\/types\/product"}],"replies":[{"embeddable":true,"href":"https:\/\/baralivres.ma\/index.php?rest_route=%2Fwp%2Fv2%2Fcomments&post=17368"}],"version-history":[{"count":1,"href":"https:\/\/baralivres.ma\/index.php?rest_route=\/wp\/v2\/product\/17368\/revisions"}],"predecessor-version":[{"id":17375,"href":"https:\/\/baralivres.ma\/index.php?rest_route=\/wp\/v2\/product\/17368\/revisions\/17375"}],"wp:featuredmedia":[{"embeddable":true,"href":"https:\/\/baralivres.ma\/index.php?rest_route=\/wp\/v2\/media\/17373"}],"wp:attachment":[{"href":"https:\/\/baralivres.ma\/index.php?rest_route=%2Fwp%2Fv2%2Fmedia&parent=17368"}],"wp:term":[{"taxonomy":"product_cat","embeddable":true,"href":"https:\/\/baralivres.ma\/index.php?rest_route=%2Fwp%2Fv2%2Fproduct_cat&post=17368"},{"taxonomy":"product_tag","embeddable":true,"href":"https:\/\/baralivres.ma\/index.php?rest_route=%2Fwp%2Fv2%2Fproduct_tag&post=17368"}],"curies":[{"name":"wp","href":"https:\/\/api.w.org\/{rel}","templated":true}]}}