{"id":17366,"date":"2023-11-01T17:02:07","date_gmt":"2023-11-01T16:02:07","guid":{"rendered":"https:\/\/baralivres.ma\/?post_type=product&#038;p=17366"},"modified":"2023-11-01T17:02:08","modified_gmt":"2023-11-01T16:02:08","slug":"demandez-a-deepak-la-mort","status":"publish","type":"product","link":"https:\/\/baralivres.ma\/?product=demandez-a-deepak-la-mort","title":{"rendered":"Demandez \u00e0 Deepak &#8211; La mort"},"content":{"rendered":"<p>Le Dr. Deepak Chopra vous offre une s\u00e9rie de r\u00e9flexions, de pens\u00e9es et d&rsquo;inspirations sur le sujet de la mort. Il vous invite \u00e0 vivre cette aventure profonde de transformation personnelle et spirituelle qui apaise l&rsquo;esprit et nourrit l&rsquo;\u00e2me de chacun. En abordant plus fr\u00e9quemment la question de la mort, l&rsquo;auteur nous incite \u00e0 mieux vivre dans l&rsquo;instant pr\u00e9sent, \u00e0 embrasser la vie dans toute sa complexit\u00e9 et \u00e0 \u00e9tablir une relation plus consciente avec notre propre mortalit\u00e9.<\/p>\n<p>La s\u00e9rie \u00ab\u00a0Demandez \u00e0 Deepak\u00a0\u00bb a \u00e9t\u00e9 sp\u00e9cialement con\u00e7ue pour encourager les individus \u00e0 mener une vie plus spirituelle, plus riche, et plus consciente. Ces ouvrages visent \u00e0 favoriser la transformation personnelle et globale en offrant des enseignements et des perspectives qui permettent d&rsquo;explorer notre potentiel int\u00e9rieur, de comprendre le sens de la vie, et d&rsquo;atteindre le bien-\u00eatre spirituel.<\/p>\n","protected":false},"excerpt":{"rendered":"<p>Deepak Chopra partage r\u00e9flexions sur la mort, encourage la transformation personnelle, la pleine conscience et la spiritualit\u00e9. La s\u00e9rie \u00ab\u00a0Demandez \u00e0 Deepak\u00a0\u00bb favorise la croissance personnelle.<\/p>\n","protected":false},"featured_media":17381,"comment_status":"open","ping_status":"closed","template":"","meta":{"inline_featured_image":false},"product_cat":[204,91],"product_tag":[],"class_list":{"0":"post-17366","1":"product","2":"type-product","3":"status-publish","4":"has-post-thumbnail","6":"product_cat-francais","7":"product_cat-developpement","8":"pa_auteurs-deepak-chopra","10":"first","11":"instock","12":"shipping-taxable","13":"purchasable","14":"product-type-simple"},"_links":{"self":[{"href":"https:\/\/baralivres.ma\/index.php?rest_route=\/wp\/v2\/product\/17366","targetHints":{"allow":["GET"]}}],"collection":[{"href":"https:\/\/baralivres.ma\/index.php?rest_route=\/wp\/v2\/product"}],"about":[{"href":"https:\/\/baralivres.ma\/index.php?rest_route=\/wp\/v2\/types\/product"}],"replies":[{"embeddable":true,"href":"https:\/\/baralivres.ma\/index.php?rest_route=%2Fwp%2Fv2%2Fcomments&post=17366"}],"version-history":[{"count":1,"href":"https:\/\/baralivres.ma\/index.php?rest_route=\/wp\/v2\/product\/17366\/revisions"}],"predecessor-version":[{"id":17382,"href":"https:\/\/baralivres.ma\/index.php?rest_route=\/wp\/v2\/product\/17366\/revisions\/17382"}],"wp:featuredmedia":[{"embeddable":true,"href":"https:\/\/baralivres.ma\/index.php?rest_route=\/wp\/v2\/media\/17381"}],"wp:attachment":[{"href":"https:\/\/baralivres.ma\/index.php?rest_route=%2Fwp%2Fv2%2Fmedia&parent=17366"}],"wp:term":[{"taxonomy":"product_cat","embeddable":true,"href":"https:\/\/baralivres.ma\/index.php?rest_route=%2Fwp%2Fv2%2Fproduct_cat&post=17366"},{"taxonomy":"product_tag","embeddable":true,"href":"https:\/\/baralivres.ma\/index.php?rest_route=%2Fwp%2Fv2%2Fproduct_tag&post=17366"}],"curies":[{"name":"wp","href":"https:\/\/api.w.org\/{rel}","templated":true}]}}