{"id":17362,"date":"2023-11-01T16:53:00","date_gmt":"2023-11-01T15:53:00","guid":{"rendered":"https:\/\/baralivres.ma\/?post_type=product&#038;p=17362"},"modified":"2023-11-01T16:53:01","modified_gmt":"2023-11-01T15:53:01","slug":"le-minimalisme-au-quotidien","status":"publish","type":"product","link":"https:\/\/baralivres.ma\/?product=le-minimalisme-au-quotidien","title":{"rendered":"Le minimalisme au quotidien"},"content":{"rendered":"<p>Explorez les principes du minimalisme gr\u00e2ce au tout dernier ouvrage des auteurs \u00e9minents \u00e0 l&rsquo;origine d&rsquo;un mouvement mondial, qui compte d\u00e9sormais 70 millions de partisans ! Plongez dans les pages de \u00ab\u00a0Minimalisme\u00a0\u00bb et adoptez un mode de vie ax\u00e9 sur l&rsquo;essentiel en suivant les conseils inspirants et la sagesse des auteurs. Lib\u00e9rez-vous de l&rsquo;encombrement, tant mat\u00e9riel, financier, professionnel, relationnel ou mental, pour embrasser ce qui v\u00e9ritablement vous rend heureux. Apprenez \u00e0 all\u00e9ger votre existence et \u00e0 vous d\u00e9faire de ce qui entrave votre \u00e9panouissement, que ce soit au niveau des possessions, des finances, des relations, de la sant\u00e9, des pens\u00e9es, des habitudes ou des croyances.<\/p>\n","protected":false},"excerpt":{"rendered":"<p>Lib\u00e9rez-vous du superflu, vivez pleinement : Minimalisme pour une vie \u00e9panouie et essentielle.<\/p>\n","protected":false},"featured_media":17369,"comment_status":"open","ping_status":"closed","template":"","meta":{"inline_featured_image":false},"product_cat":[204,91],"product_tag":[],"class_list":{"0":"post-17362","1":"product","2":"type-product","3":"status-publish","4":"has-post-thumbnail","6":"product_cat-francais","7":"product_cat-developpement","8":"pa_auteurs-joshua-fields-millburn","10":"first","11":"instock","12":"shipping-taxable","13":"purchasable","14":"product-type-simple"},"_links":{"self":[{"href":"https:\/\/baralivres.ma\/index.php?rest_route=\/wp\/v2\/product\/17362","targetHints":{"allow":["GET"]}}],"collection":[{"href":"https:\/\/baralivres.ma\/index.php?rest_route=\/wp\/v2\/product"}],"about":[{"href":"https:\/\/baralivres.ma\/index.php?rest_route=\/wp\/v2\/types\/product"}],"replies":[{"embeddable":true,"href":"https:\/\/baralivres.ma\/index.php?rest_route=%2Fwp%2Fv2%2Fcomments&post=17362"}],"version-history":[{"count":1,"href":"https:\/\/baralivres.ma\/index.php?rest_route=\/wp\/v2\/product\/17362\/revisions"}],"predecessor-version":[{"id":17370,"href":"https:\/\/baralivres.ma\/index.php?rest_route=\/wp\/v2\/product\/17362\/revisions\/17370"}],"wp:featuredmedia":[{"embeddable":true,"href":"https:\/\/baralivres.ma\/index.php?rest_route=\/wp\/v2\/media\/17369"}],"wp:attachment":[{"href":"https:\/\/baralivres.ma\/index.php?rest_route=%2Fwp%2Fv2%2Fmedia&parent=17362"}],"wp:term":[{"taxonomy":"product_cat","embeddable":true,"href":"https:\/\/baralivres.ma\/index.php?rest_route=%2Fwp%2Fv2%2Fproduct_cat&post=17362"},{"taxonomy":"product_tag","embeddable":true,"href":"https:\/\/baralivres.ma\/index.php?rest_route=%2Fwp%2Fv2%2Fproduct_tag&post=17362"}],"curies":[{"name":"wp","href":"https:\/\/api.w.org\/{rel}","templated":true}]}}