{"id":17358,"date":"2023-11-01T16:51:40","date_gmt":"2023-11-01T15:51:40","guid":{"rendered":"https:\/\/baralivres.ma\/?post_type=product&#038;p=17358"},"modified":"2023-11-01T16:51:40","modified_gmt":"2023-11-01T15:51:40","slug":"le-corps-quantique","status":"publish","type":"product","link":"https:\/\/baralivres.ma\/?product=le-corps-quantique","title":{"rendered":"Le corps quantique"},"content":{"rendered":"<p>Le Dr. Deepak Chopra explore les gu\u00e9risons miraculeuses et les r\u00e9missions de maladies graves en se basant sur les principes des m\u00e9decines anciennes et de la physique quantique. \u00ab\u00a0Le corps quantique\u00a0\u00bb offre une perspective novatrice sur la maladie et l&rsquo;interaction esprit-corps, prouvant l&rsquo;influence de l&rsquo;esprit sur la sant\u00e9. Il met en avant l&rsquo;importance de la paix int\u00e9rieure. Un best-seller mondial.<\/p>\n","protected":false},"excerpt":{"rendered":"<p>Deepak Chopra explore gu\u00e9risons, r\u00e9missions par m\u00e9decine ancienne et physique quantique, d\u00e9montrant l&rsquo;impact de l&rsquo;esprit sur la sant\u00e9.<\/p>\n","protected":false},"featured_media":17364,"comment_status":"open","ping_status":"closed","template":"","meta":{"inline_featured_image":false},"product_cat":[204,91],"product_tag":[],"class_list":{"0":"post-17358","1":"product","2":"type-product","3":"status-publish","4":"has-post-thumbnail","6":"product_cat-francais","7":"product_cat-developpement","8":"pa_auteurs-deepak-chopra","10":"first","11":"instock","12":"shipping-taxable","13":"purchasable","14":"product-type-simple"},"_links":{"self":[{"href":"https:\/\/baralivres.ma\/index.php?rest_route=\/wp\/v2\/product\/17358","targetHints":{"allow":["GET"]}}],"collection":[{"href":"https:\/\/baralivres.ma\/index.php?rest_route=\/wp\/v2\/product"}],"about":[{"href":"https:\/\/baralivres.ma\/index.php?rest_route=\/wp\/v2\/types\/product"}],"replies":[{"embeddable":true,"href":"https:\/\/baralivres.ma\/index.php?rest_route=%2Fwp%2Fv2%2Fcomments&post=17358"}],"version-history":[{"count":1,"href":"https:\/\/baralivres.ma\/index.php?rest_route=\/wp\/v2\/product\/17358\/revisions"}],"predecessor-version":[{"id":17365,"href":"https:\/\/baralivres.ma\/index.php?rest_route=\/wp\/v2\/product\/17358\/revisions\/17365"}],"wp:featuredmedia":[{"embeddable":true,"href":"https:\/\/baralivres.ma\/index.php?rest_route=\/wp\/v2\/media\/17364"}],"wp:attachment":[{"href":"https:\/\/baralivres.ma\/index.php?rest_route=%2Fwp%2Fv2%2Fmedia&parent=17358"}],"wp:term":[{"taxonomy":"product_cat","embeddable":true,"href":"https:\/\/baralivres.ma\/index.php?rest_route=%2Fwp%2Fv2%2Fproduct_cat&post=17358"},{"taxonomy":"product_tag","embeddable":true,"href":"https:\/\/baralivres.ma\/index.php?rest_route=%2Fwp%2Fv2%2Fproduct_tag&post=17358"}],"curies":[{"name":"wp","href":"https:\/\/api.w.org\/{rel}","templated":true}]}}