{"id":17357,"date":"2023-11-01T16:51:51","date_gmt":"2023-11-01T15:51:51","guid":{"rendered":"https:\/\/baralivres.ma\/?post_type=product&#038;p=17357"},"modified":"2023-11-01T16:51:51","modified_gmt":"2023-11-01T15:51:51","slug":"ne-passez-plus-a-cote-de-votre-vie","status":"publish","type":"product","link":"https:\/\/baralivres.ma\/?product=ne-passez-plus-a-cote-de-votre-vie","title":{"rendered":"Ne passez plus \u00e0 c\u00f4t\u00e9 de votre vie"},"content":{"rendered":"<p>De nombreuses personnes de notre \u00e9poque ont le sentiment de laisser filer leur existence ou d&rsquo;avoir l&rsquo;impression qu&rsquo;elle n&rsquo;a pas encore r\u00e9ellement d\u00e9but\u00e9. De mani\u00e8re intuitive, nous sommes conscients des obstacles qui entravent notre bonheur : le manque de temps, une surcharge de travail, les pressions sociales, les attentes impos\u00e9es, les poids \u00e9motionnels, la maladie, le deuil&#8230; Il devient donc essentiel de retrouver notre \u00e9lan pour concr\u00e9tiser nos aspirations les plus profondes. Mais comment mobiliser notre vitalit\u00e9 pour briller, appr\u00e9cier notre existence et aimer la vie en elle-m\u00eame ? Dans ce livre, Saverio Tomasella pr\u00e9sente une approche globale, englobant les dimensions physique, psychologique et spirituelle. De la th\u00e9orie \u00e0 la mise en pratique, l&rsquo;auteur propose des exercices pour accomplir pleinement notre existence.<\/p>\n","protected":false},"excerpt":{"rendered":"<p>Retrouver le bonheur en surmontant les obstacles, gr\u00e2ce \u00e0 une approche holistique de l&rsquo;auteur Saverio Tomasella.<\/p>\n","protected":false},"featured_media":17363,"comment_status":"open","ping_status":"closed","template":"","meta":{"inline_featured_image":false},"product_cat":[204,91],"product_tag":[],"class_list":{"0":"post-17357","1":"product","2":"type-product","3":"status-publish","4":"has-post-thumbnail","6":"product_cat-francais","7":"product_cat-developpement","8":"pa_auteurs-saverio-tomasella","10":"first","11":"instock","12":"shipping-taxable","13":"purchasable","14":"product-type-simple"},"_links":{"self":[{"href":"https:\/\/baralivres.ma\/index.php?rest_route=\/wp\/v2\/product\/17357","targetHints":{"allow":["GET"]}}],"collection":[{"href":"https:\/\/baralivres.ma\/index.php?rest_route=\/wp\/v2\/product"}],"about":[{"href":"https:\/\/baralivres.ma\/index.php?rest_route=\/wp\/v2\/types\/product"}],"replies":[{"embeddable":true,"href":"https:\/\/baralivres.ma\/index.php?rest_route=%2Fwp%2Fv2%2Fcomments&post=17357"}],"version-history":[{"count":1,"href":"https:\/\/baralivres.ma\/index.php?rest_route=\/wp\/v2\/product\/17357\/revisions"}],"predecessor-version":[{"id":17367,"href":"https:\/\/baralivres.ma\/index.php?rest_route=\/wp\/v2\/product\/17357\/revisions\/17367"}],"wp:featuredmedia":[{"embeddable":true,"href":"https:\/\/baralivres.ma\/index.php?rest_route=\/wp\/v2\/media\/17363"}],"wp:attachment":[{"href":"https:\/\/baralivres.ma\/index.php?rest_route=%2Fwp%2Fv2%2Fmedia&parent=17357"}],"wp:term":[{"taxonomy":"product_cat","embeddable":true,"href":"https:\/\/baralivres.ma\/index.php?rest_route=%2Fwp%2Fv2%2Fproduct_cat&post=17357"},{"taxonomy":"product_tag","embeddable":true,"href":"https:\/\/baralivres.ma\/index.php?rest_route=%2Fwp%2Fv2%2Fproduct_tag&post=17357"}],"curies":[{"name":"wp","href":"https:\/\/api.w.org\/{rel}","templated":true}]}}