{"id":17351,"date":"2023-11-01T16:41:58","date_gmt":"2023-11-01T15:41:58","guid":{"rendered":"https:\/\/baralivres.ma\/?post_type=product&#038;p=17351"},"modified":"2023-11-01T16:41:58","modified_gmt":"2023-11-01T15:41:58","slug":"purifier-son-corps","status":"publish","type":"product","link":"https:\/\/baralivres.ma\/?product=purifier-son-corps","title":{"rendered":"Purifier son corps"},"content":{"rendered":"<p>\u00ab\u00a0D\u00e9toxifier votre corps de l&rsquo;int\u00e9rieur pour ralentir les effets du vieillissement et renforcer votre syst\u00e8me immunitaire : tel est le sujet du premier ouvrage d&rsquo;Andr\u00e9 Van Lysebeth, pionnier du yoga en Occident. L&rsquo;auteur expose comment l&rsquo;accumulation de toxines constitue l&rsquo;une des principales causes du vieillissement et des maladies. Il souligne que sans une hygi\u00e8ne r\u00e9guli\u00e8re interne, le corps s&#8217;empoisonne progressivement. En combinant savoir scientifique et pratiques contemporaines issues du yoga et de l&rsquo;ayurv\u00e9da, ce livre offre une explication claire et accessible \u00e0 tous pour nettoyer non seulement le tube digestif, les intestins, l&rsquo;estomac, le colon et les organes abdominaux, mais aussi les liquides corporels, les dents et les gencives. Cette d\u00e9marche est essentielle pour retarder les effets du vieillissement et promouvoir une vie longue et saine.\u00a0\u00bb<\/p>\n","protected":false},"excerpt":{"rendered":"<p>\u00ab\u00a0D\u00e9tox interne pour ralentir vieillissement, renforcer immunit\u00e9 : guide pratique d&rsquo;Andr\u00e9 Van Lysebeth.\u00a0\u00bb<\/p>\n","protected":false},"featured_media":17354,"comment_status":"open","ping_status":"closed","template":"","meta":{"inline_featured_image":false},"product_cat":[204,91],"product_tag":[],"class_list":{"0":"post-17351","1":"product","2":"type-product","3":"status-publish","4":"has-post-thumbnail","6":"product_cat-francais","7":"product_cat-developpement","8":"pa_auteurs-andre-van-lysebeth","10":"first","11":"instock","12":"shipping-taxable","13":"purchasable","14":"product-type-simple"},"_links":{"self":[{"href":"https:\/\/baralivres.ma\/index.php?rest_route=\/wp\/v2\/product\/17351","targetHints":{"allow":["GET"]}}],"collection":[{"href":"https:\/\/baralivres.ma\/index.php?rest_route=\/wp\/v2\/product"}],"about":[{"href":"https:\/\/baralivres.ma\/index.php?rest_route=\/wp\/v2\/types\/product"}],"replies":[{"embeddable":true,"href":"https:\/\/baralivres.ma\/index.php?rest_route=%2Fwp%2Fv2%2Fcomments&post=17351"}],"version-history":[{"count":1,"href":"https:\/\/baralivres.ma\/index.php?rest_route=\/wp\/v2\/product\/17351\/revisions"}],"predecessor-version":[{"id":17355,"href":"https:\/\/baralivres.ma\/index.php?rest_route=\/wp\/v2\/product\/17351\/revisions\/17355"}],"wp:featuredmedia":[{"embeddable":true,"href":"https:\/\/baralivres.ma\/index.php?rest_route=\/wp\/v2\/media\/17354"}],"wp:attachment":[{"href":"https:\/\/baralivres.ma\/index.php?rest_route=%2Fwp%2Fv2%2Fmedia&parent=17351"}],"wp:term":[{"taxonomy":"product_cat","embeddable":true,"href":"https:\/\/baralivres.ma\/index.php?rest_route=%2Fwp%2Fv2%2Fproduct_cat&post=17351"},{"taxonomy":"product_tag","embeddable":true,"href":"https:\/\/baralivres.ma\/index.php?rest_route=%2Fwp%2Fv2%2Fproduct_tag&post=17351"}],"curies":[{"name":"wp","href":"https:\/\/api.w.org\/{rel}","templated":true}]}}