{"id":17348,"date":"2023-11-01T16:41:33","date_gmt":"2023-11-01T15:41:33","guid":{"rendered":"https:\/\/baralivres.ma\/?post_type=product&#038;p=17348"},"modified":"2023-11-01T16:41:33","modified_gmt":"2023-11-01T15:41:33","slug":"la-bienveillance-est-une-arme-absolue","status":"publish","type":"product","link":"https:\/\/baralivres.ma\/?product=la-bienveillance-est-une-arme-absolue","title":{"rendered":"La bienveillance est une arme absolue"},"content":{"rendered":"<p>La bienveillance se distingue de la faiblesse : elle constitue une puissante arme, une source de joie, une force indomptable. Peut-on l&rsquo;utiliser pour faire face aux d\u00e9fis de la vie, \u00e0 la douleur, \u00e0 l&rsquo;injustice et aux conflits arm\u00e9s ? En s&rsquo;appuyant sur des exp\u00e9riences personnelles et des donn\u00e9es scientifiques, Didier van Cauwelaert nous d\u00e9montre qu&rsquo;il est envisageable de provoquer une transformation compl\u00e8te : changer notre fa\u00e7on d&rsquo;interagir avec autrui, de nous percevoir nous-m\u00eames, et notre relation \u00e0 l&rsquo;univers gr\u00e2ce \u00e0 la bienveillance, tout comme le font les animaux, les v\u00e9g\u00e9taux, voire m\u00eame les micro-organismes. Cet enjeu rev\u00eat une importance cruciale pour le futur de l&rsquo;humanit\u00e9.\u00a0\u00bb<\/p>\n","protected":false},"excerpt":{"rendered":"<p>Bienveillance comme puissante force pour surmonter adversit\u00e9, injustice, et transformer relations humaines, futur de l&rsquo;humanit\u00e9.<\/p>\n","protected":false},"featured_media":17352,"comment_status":"open","ping_status":"closed","template":"","meta":{"inline_featured_image":false},"product_cat":[204,91],"product_tag":[],"class_list":{"0":"post-17348","1":"product","2":"type-product","3":"status-publish","4":"has-post-thumbnail","6":"product_cat-francais","7":"product_cat-developpement","8":"pa_auteurs-didier-van-cauwelaert","10":"first","11":"instock","12":"shipping-taxable","13":"purchasable","14":"product-type-simple"},"_links":{"self":[{"href":"https:\/\/baralivres.ma\/index.php?rest_route=\/wp\/v2\/product\/17348","targetHints":{"allow":["GET"]}}],"collection":[{"href":"https:\/\/baralivres.ma\/index.php?rest_route=\/wp\/v2\/product"}],"about":[{"href":"https:\/\/baralivres.ma\/index.php?rest_route=\/wp\/v2\/types\/product"}],"replies":[{"embeddable":true,"href":"https:\/\/baralivres.ma\/index.php?rest_route=%2Fwp%2Fv2%2Fcomments&post=17348"}],"version-history":[{"count":1,"href":"https:\/\/baralivres.ma\/index.php?rest_route=\/wp\/v2\/product\/17348\/revisions"}],"predecessor-version":[{"id":17353,"href":"https:\/\/baralivres.ma\/index.php?rest_route=\/wp\/v2\/product\/17348\/revisions\/17353"}],"wp:featuredmedia":[{"embeddable":true,"href":"https:\/\/baralivres.ma\/index.php?rest_route=\/wp\/v2\/media\/17352"}],"wp:attachment":[{"href":"https:\/\/baralivres.ma\/index.php?rest_route=%2Fwp%2Fv2%2Fmedia&parent=17348"}],"wp:term":[{"taxonomy":"product_cat","embeddable":true,"href":"https:\/\/baralivres.ma\/index.php?rest_route=%2Fwp%2Fv2%2Fproduct_cat&post=17348"},{"taxonomy":"product_tag","embeddable":true,"href":"https:\/\/baralivres.ma\/index.php?rest_route=%2Fwp%2Fv2%2Fproduct_tag&post=17348"}],"curies":[{"name":"wp","href":"https:\/\/api.w.org\/{rel}","templated":true}]}}