{"id":17344,"date":"2023-11-01T16:38:20","date_gmt":"2023-11-01T15:38:20","guid":{"rendered":"https:\/\/baralivres.ma\/?post_type=product&#038;p=17344"},"modified":"2023-11-01T16:38:21","modified_gmt":"2023-11-01T15:38:21","slug":"celle-qui-a-dit-fuck","status":"publish","type":"product","link":"https:\/\/baralivres.ma\/?product=celle-qui-a-dit-fuck","title":{"rendered":"Celle qui a dit Fuck"},"content":{"rendered":"<p>Je m&rsquo;appelle Alice, une jeune femme que certains consid\u00e8rent comme \u00e9tant un peu trop attachiante, mais pleine de r\u00eaves. Cependant, il me semble que je subis ma vie plut\u00f4t que de la vivre pleinement. J&rsquo;ai tendance \u00e0 me mettre une pression excessive, \u00e0 \u00eatre tr\u00e8s exigeante envers moi-m\u00eame, \u00e0 me culpabiliser pour des broutilles (#chargementale) et \u00e0 poursuivre une illusoire perfection. Ma routine se r\u00e9sume \u00e0 des listes de t\u00e2ches interminables et \u00e0 de longues s\u00e9ances de r\u00e9flexion sous la douche, du genre : comment puis-je \u00eatre \u00e0 la fois la Caroline Ingalls de mon foyer, l&rsquo;Oprah Winfrey de mon travail et la Carrie Bradshaw de mon groupe d&rsquo;amis ?<\/p>\n<p>J&rsquo;ai un r\u00eave : mettre fin \u00e0 ces pens\u00e9es incessantes. C&rsquo;est pourquoi, moi, Alice, j&rsquo;ai (enfin) d\u00e9cid\u00e9 de me laisser tranquille, de vivre pleinement ma vie et de partir \u00e0 la recherche du l\u00e2cher-prise. Je veux \u00eatre celle qui a dit stop ! #imparfaiteetfieredeletre Je veux oser jusqu&rsquo;au bout de mes socquettes ! #freeandwild Il est grand temps&#8230; C&rsquo;est la raison pour laquelle je commence ce journal !<\/p>\n","protected":false},"excerpt":{"rendered":"<p>Alice, jeune femme, veut l\u00e2cher-prise, surmonter pression, perfectionnisme, vivre pleinement, d\u00e9but d&rsquo;un journal pour changement.<\/p>\n","protected":false},"featured_media":17345,"comment_status":"open","ping_status":"closed","template":"","meta":{"inline_featured_image":false},"product_cat":[204,91],"product_tag":[],"class_list":{"0":"post-17344","1":"product","2":"type-product","3":"status-publish","4":"has-post-thumbnail","6":"product_cat-francais","7":"product_cat-developpement","8":"pa_auteurs-anne-sophie-lesage","10":"first","11":"instock","12":"shipping-taxable","13":"purchasable","14":"product-type-simple"},"_links":{"self":[{"href":"https:\/\/baralivres.ma\/index.php?rest_route=\/wp\/v2\/product\/17344","targetHints":{"allow":["GET"]}}],"collection":[{"href":"https:\/\/baralivres.ma\/index.php?rest_route=\/wp\/v2\/product"}],"about":[{"href":"https:\/\/baralivres.ma\/index.php?rest_route=\/wp\/v2\/types\/product"}],"replies":[{"embeddable":true,"href":"https:\/\/baralivres.ma\/index.php?rest_route=%2Fwp%2Fv2%2Fcomments&post=17344"}],"version-history":[{"count":1,"href":"https:\/\/baralivres.ma\/index.php?rest_route=\/wp\/v2\/product\/17344\/revisions"}],"predecessor-version":[{"id":17346,"href":"https:\/\/baralivres.ma\/index.php?rest_route=\/wp\/v2\/product\/17344\/revisions\/17346"}],"wp:featuredmedia":[{"embeddable":true,"href":"https:\/\/baralivres.ma\/index.php?rest_route=\/wp\/v2\/media\/17345"}],"wp:attachment":[{"href":"https:\/\/baralivres.ma\/index.php?rest_route=%2Fwp%2Fv2%2Fmedia&parent=17344"}],"wp:term":[{"taxonomy":"product_cat","embeddable":true,"href":"https:\/\/baralivres.ma\/index.php?rest_route=%2Fwp%2Fv2%2Fproduct_cat&post=17344"},{"taxonomy":"product_tag","embeddable":true,"href":"https:\/\/baralivres.ma\/index.php?rest_route=%2Fwp%2Fv2%2Fproduct_tag&post=17344"}],"curies":[{"name":"wp","href":"https:\/\/api.w.org\/{rel}","templated":true}]}}