{"id":17343,"date":"2023-11-01T16:39:29","date_gmt":"2023-11-01T15:39:29","guid":{"rendered":"https:\/\/baralivres.ma\/?post_type=product&#038;p=17343"},"modified":"2023-11-01T16:39:30","modified_gmt":"2023-11-01T15:39:30","slug":"votre-cerveau-vous-joue-des-tours","status":"publish","type":"product","link":"https:\/\/baralivres.ma\/?product=votre-cerveau-vous-joue-des-tours","title":{"rendered":"Votre cerveau vous joue des tours"},"content":{"rendered":"<p>Les neurosciences offrent des cl\u00e9s pour comprendre nos comportements humains. Pourquoi sommes-nous souvent convaincus d&rsquo;avoir raison m\u00eame quand nous avons tort ? Comment une minuscule araign\u00e9e inoffensive peut-elle nous terroriser ? Qu&rsquo;est-ce qui d\u00e9clenche notre peur de prendre la parole en public malgr\u00e9 l&rsquo;absence de danger imminent ? Pourquoi sommes-nous souvent victimes de fausses informations ? Face \u00e0 la complexit\u00e9 de la r\u00e9alit\u00e9, nos m\u00e9canismes c\u00e9r\u00e9braux nous aident \u00e0 construire une vision coh\u00e9rente du monde, mais parfois ils nous induisent en erreur, nous enferment dans nos pr\u00e9jug\u00e9s et nous \u00e9loignent des autres. En s&rsquo;appuyant sur des exemples concrets de la vie quotidienne et des exp\u00e9riences de psychologie sociale, cet essai d\u00e9mystifie les avanc\u00e9es r\u00e9centes des neurosciences. Il propose \u00e9galement des outils pour utiliser notre cerveau de mani\u00e8re plus judicieuse dans toutes les situations.<\/p>\n","protected":false},"excerpt":{"rendered":"<p>Comprendre nos r\u00e9actions c\u00e9r\u00e9brales face \u00e0 l&rsquo;erreur, la peur et les pr\u00e9jug\u00e9s pour agir lucidement.<\/p>\n","protected":false},"featured_media":17349,"comment_status":"open","ping_status":"closed","template":"","meta":{"inline_featured_image":false},"product_cat":[204,91],"product_tag":[],"class_list":{"0":"post-17343","1":"product","2":"type-product","3":"status-publish","4":"has-post-thumbnail","6":"product_cat-francais","7":"product_cat-developpement","8":"pa_auteurs-albert-moukheiber","10":"first","11":"instock","12":"shipping-taxable","13":"purchasable","14":"product-type-simple"},"_links":{"self":[{"href":"https:\/\/baralivres.ma\/index.php?rest_route=\/wp\/v2\/product\/17343","targetHints":{"allow":["GET"]}}],"collection":[{"href":"https:\/\/baralivres.ma\/index.php?rest_route=\/wp\/v2\/product"}],"about":[{"href":"https:\/\/baralivres.ma\/index.php?rest_route=\/wp\/v2\/types\/product"}],"replies":[{"embeddable":true,"href":"https:\/\/baralivres.ma\/index.php?rest_route=%2Fwp%2Fv2%2Fcomments&post=17343"}],"version-history":[{"count":1,"href":"https:\/\/baralivres.ma\/index.php?rest_route=\/wp\/v2\/product\/17343\/revisions"}],"predecessor-version":[{"id":17350,"href":"https:\/\/baralivres.ma\/index.php?rest_route=\/wp\/v2\/product\/17343\/revisions\/17350"}],"wp:featuredmedia":[{"embeddable":true,"href":"https:\/\/baralivres.ma\/index.php?rest_route=\/wp\/v2\/media\/17349"}],"wp:attachment":[{"href":"https:\/\/baralivres.ma\/index.php?rest_route=%2Fwp%2Fv2%2Fmedia&parent=17343"}],"wp:term":[{"taxonomy":"product_cat","embeddable":true,"href":"https:\/\/baralivres.ma\/index.php?rest_route=%2Fwp%2Fv2%2Fproduct_cat&post=17343"},{"taxonomy":"product_tag","embeddable":true,"href":"https:\/\/baralivres.ma\/index.php?rest_route=%2Fwp%2Fv2%2Fproduct_tag&post=17343"}],"curies":[{"name":"wp","href":"https:\/\/api.w.org\/{rel}","templated":true}]}}