{"id":17335,"date":"2023-11-01T16:34:54","date_gmt":"2023-11-01T15:34:54","guid":{"rendered":"https:\/\/baralivres.ma\/?post_type=product&#038;p=17335"},"modified":"2023-12-18T15:26:54","modified_gmt":"2023-12-18T14:26:54","slug":"la-therapie-de-la-valise","status":"publish","type":"product","link":"https:\/\/baralivres.ma\/?product=la-therapie-de-la-valise","title":{"rendered":"La th\u00e9rapie de la valise"},"content":{"rendered":"<p>La mani\u00e8re dont vous pr\u00e9parez votre valise r\u00e9v\u00e8le beaucoup sur vous-m\u00eame. Elle refl\u00e8te votre approche face \u00e0 la vie : \u00eates-vous une personne spontan\u00e9e qui laisse les choses se d\u00e9rouler, une personne qui s&rsquo;attarde trop \u00e0 r\u00e9fl\u00e9chir, laissant ainsi le temps s&rsquo;\u00e9chapper, ou peut-\u00eatre quelqu&rsquo;un qui surpense et finit par vivre une vie qui ne correspond pas \u00e0 ses d\u00e9sirs ? De plus, la mani\u00e8re dont vous choisissez de pr\u00e9parer votre valise en dit long sur l&rsquo;image que vous souhaitez projeter lors de votre voyage, que ce soit pour un d\u00e9placement professionnel, un week-end romantique ou une semaine entre amis.<\/p>\n<p>Votre valise est comme un instantan\u00e9 de votre personne \u00e0 un moment pr\u00e9cis. Il est fascinant de voir comment un si petit espace peut en dire autant sur vous. Il s&rsquo;agit de trouver l&rsquo;\u00e9quilibre entre ce qui est essentiel et ce qui est superflu, car le poids inutile peut \u00eatre un fardeau.<\/p>\n<p>\u00ab\u00a0La th\u00e9rapie de la valise\u00a0\u00bb ne se contente pas d&rsquo;\u00eatre un simple guide. Elle vous accompagne avec des conseils pratiques et des anecdotes pour vous aider \u00e0 vous recentrer sur l&rsquo;essentiel, \u00e0 vous retrouver, voire \u00e0 vous r\u00e9inventer. Elle vous invite \u00e0 r\u00e9fl\u00e9chir \u00e0 qui vous \u00eates et \u00e0 la personne que vous aspirez \u00e0 devenir \u00e0 travers le prisme de votre valise.<\/p>\n","protected":false},"excerpt":{"rendered":"<p>Pr\u00e9parer une valise refl\u00e8te votre personnalit\u00e9, image souhait\u00e9e en voyage. \u00ab\u00a0La th\u00e9rapie de la valise\u00a0\u00bb guide et transforme.<\/p>\n","protected":false},"featured_media":20660,"comment_status":"open","ping_status":"closed","template":"","meta":{"inline_featured_image":false},"product_cat":[204,91],"product_tag":[],"class_list":{"0":"post-17335","1":"product","2":"type-product","3":"status-publish","4":"has-post-thumbnail","6":"product_cat-francais","7":"product_cat-developpement","8":"pa_auteurs-marta-peregro","10":"first","11":"instock","12":"shipping-taxable","13":"purchasable","14":"product-type-simple"},"_links":{"self":[{"href":"https:\/\/baralivres.ma\/index.php?rest_route=\/wp\/v2\/product\/17335","targetHints":{"allow":["GET"]}}],"collection":[{"href":"https:\/\/baralivres.ma\/index.php?rest_route=\/wp\/v2\/product"}],"about":[{"href":"https:\/\/baralivres.ma\/index.php?rest_route=\/wp\/v2\/types\/product"}],"replies":[{"embeddable":true,"href":"https:\/\/baralivres.ma\/index.php?rest_route=%2Fwp%2Fv2%2Fcomments&post=17335"}],"version-history":[{"count":1,"href":"https:\/\/baralivres.ma\/index.php?rest_route=\/wp\/v2\/product\/17335\/revisions"}],"predecessor-version":[{"id":17340,"href":"https:\/\/baralivres.ma\/index.php?rest_route=\/wp\/v2\/product\/17335\/revisions\/17340"}],"wp:featuredmedia":[{"embeddable":true,"href":"https:\/\/baralivres.ma\/index.php?rest_route=\/wp\/v2\/media\/20660"}],"wp:attachment":[{"href":"https:\/\/baralivres.ma\/index.php?rest_route=%2Fwp%2Fv2%2Fmedia&parent=17335"}],"wp:term":[{"taxonomy":"product_cat","embeddable":true,"href":"https:\/\/baralivres.ma\/index.php?rest_route=%2Fwp%2Fv2%2Fproduct_cat&post=17335"},{"taxonomy":"product_tag","embeddable":true,"href":"https:\/\/baralivres.ma\/index.php?rest_route=%2Fwp%2Fv2%2Fproduct_tag&post=17335"}],"curies":[{"name":"wp","href":"https:\/\/api.w.org\/{rel}","templated":true}]}}