{"id":17328,"date":"2023-11-01T16:29:54","date_gmt":"2023-11-01T15:29:54","guid":{"rendered":"https:\/\/baralivres.ma\/?post_type=product&#038;p=17328"},"modified":"2023-11-01T16:29:54","modified_gmt":"2023-11-01T15:29:54","slug":"les-pouvoirs-caches-du-foie","status":"publish","type":"product","link":"https:\/\/baralivres.ma\/?product=les-pouvoirs-caches-du-foie","title":{"rendered":"Les pouvoirs cach\u00e9s du foie"},"content":{"rendered":"<p>Le foie, souvent n\u00e9glig\u00e9 malgr\u00e9 sa distinction en tant qu&rsquo;organe le plus volumineux de notre corps, joue un r\u00f4le crucial dans notre sant\u00e9 et long\u00e9vit\u00e9. Dot\u00e9 de capacit\u00e9s r\u00e9g\u00e9n\u00e9ratrices exceptionnelles, ce superh\u00e9ros multifonction peut \u00eatre pr\u00e9serv\u00e9 avec des mesures simples. Ce livre captivant et accessible exploite les avanc\u00e9es r\u00e9centes de la recherche m\u00e9dicale pour partager des conseils pratiques, r\u00e9v\u00e9lant ainsi les nombreux bienfaits m\u00e9connus du foie. Il aborde des sujets tels que la gestion de la faim \u00e0 11 heures sans recourir au grignotage, les interactions n\u00e9fastes entre le pamplemousse et certains m\u00e9dicaments, les strat\u00e9gies pour pr\u00e9venir la maladie du foie gras (li\u00e9e \u00e0 la consommation excessive de soda), les seuils de consommation d&rsquo;alcool mena\u00e7ant la sant\u00e9 h\u00e9patique, tout en offrant des astuces pour se d\u00e9lecter sans compromettre le bien-\u00eatre du foie.<\/p>\n","protected":false},"excerpt":{"rendered":"<div class=\"group w-full text-token-text-primary border-b border-black\/10 gizmo:border-0 dark:border-gray-900\/50 gizmo:dark:border-0 bg-gray-50 gizmo:bg-transparent dark:bg-[#444654] gizmo:dark:bg-transparent\" data-testid=\"conversation-turn-5\">\n<div class=\"p-4 gizmo:py-2 justify-center text-base md:gap-6 md:py-6 m-auto\">\n<div class=\"flex flex-1 gap-4 text-base mx-auto md:gap-6 gizmo:gap-3 gizmo:md:px-5 gizmo:lg:px-1 gizmo:xl:px-5 md:max-w-2xl lg:max-w-[38rem] gizmo:md:max-w-3xl gizmo:lg:max-w-[40rem] gizmo:xl:max-w-[48rem] xl:max-w-3xl }\">\n<div class=\"relative flex w-[calc(100%-50px)] flex-col gizmo:w-full lg:w-[calc(100%-115px)] agent-turn\">\n<div class=\"flex-col gap-1 md:gap-3\">\n<div class=\"flex flex-grow flex-col gap-3 max-w-full\">\n<div class=\"min-h-[20px] flex flex-col items-start gap-3 whitespace-pre-wrap break-words overflow-x-auto\" data-message-author-role=\"assistant\" data-message-id=\"0437c989-0415-4f7a-8126-bd3eaa2565ff\">\n<div class=\"markdown prose w-full break-words dark:prose-invert light\">\n<p>\u00ab\u00a0Guide captivant r\u00e9v\u00e9lant cl\u00e9s pour prot\u00e9ger, r\u00e9g\u00e9n\u00e9rer et optimiser sant\u00e9 du foie essentiel.\u00a0\u00bb<\/p>\n<\/div>\n<\/div>\n<\/div>\n<\/div>\n<\/div>\n<\/div>\n<\/div>\n<\/div>\n","protected":false},"featured_media":17329,"comment_status":"open","ping_status":"closed","template":"","meta":{"inline_featured_image":false},"product_cat":[204,91],"product_tag":[],"class_list":{"0":"post-17328","1":"product","2":"type-product","3":"status-publish","4":"has-post-thumbnail","6":"product_cat-francais","7":"product_cat-developpement","8":"pa_auteurs-gabriel-perlemuter","10":"first","11":"instock","12":"shipping-taxable","13":"purchasable","14":"product-type-simple"},"_links":{"self":[{"href":"https:\/\/baralivres.ma\/index.php?rest_route=\/wp\/v2\/product\/17328","targetHints":{"allow":["GET"]}}],"collection":[{"href":"https:\/\/baralivres.ma\/index.php?rest_route=\/wp\/v2\/product"}],"about":[{"href":"https:\/\/baralivres.ma\/index.php?rest_route=\/wp\/v2\/types\/product"}],"replies":[{"embeddable":true,"href":"https:\/\/baralivres.ma\/index.php?rest_route=%2Fwp%2Fv2%2Fcomments&post=17328"}],"version-history":[{"count":1,"href":"https:\/\/baralivres.ma\/index.php?rest_route=\/wp\/v2\/product\/17328\/revisions"}],"predecessor-version":[{"id":17330,"href":"https:\/\/baralivres.ma\/index.php?rest_route=\/wp\/v2\/product\/17328\/revisions\/17330"}],"wp:featuredmedia":[{"embeddable":true,"href":"https:\/\/baralivres.ma\/index.php?rest_route=\/wp\/v2\/media\/17329"}],"wp:attachment":[{"href":"https:\/\/baralivres.ma\/index.php?rest_route=%2Fwp%2Fv2%2Fmedia&parent=17328"}],"wp:term":[{"taxonomy":"product_cat","embeddable":true,"href":"https:\/\/baralivres.ma\/index.php?rest_route=%2Fwp%2Fv2%2Fproduct_cat&post=17328"},{"taxonomy":"product_tag","embeddable":true,"href":"https:\/\/baralivres.ma\/index.php?rest_route=%2Fwp%2Fv2%2Fproduct_tag&post=17328"}],"curies":[{"name":"wp","href":"https:\/\/api.w.org\/{rel}","templated":true}]}}