{"id":17322,"date":"2023-11-01T16:31:34","date_gmt":"2023-11-01T15:31:34","guid":{"rendered":"https:\/\/baralivres.ma\/?post_type=product&#038;p=17322"},"modified":"2023-11-01T16:31:35","modified_gmt":"2023-11-01T15:31:35","slug":"crois-en-toi","status":"publish","type":"product","link":"https:\/\/baralivres.ma\/?product=crois-en-toi","title":{"rendered":"Crois en toi"},"content":{"rendered":"<p>Depuis notre plus jeune \u00e2ge, des croyances limitantes sont fermement install\u00e9es dans notre esprit. Elles y r\u00e8gnent et nous dominent sans qu&rsquo;on le per\u00e7oive vraiment. Ces croyances sculptent notre personnalit\u00e9, influencent nos d\u00e9cisions, transforment nos relations et fa\u00e7onnent ainsi notre vie.Et si d\u00e9passer nos croyances \u00e9tait la cl\u00e9 pour vivre enfin nos r\u00eaves ?Gr\u00e2ce aux outils propos\u00e9s dans ce livre, votre esprit, vos \u00e9motions et votre corps deviendront vos alli\u00e9s les plus puissants pour r\u00e9aliser l&rsquo;immense potentiel qui est en vous et mener enfin la vie dont vous r\u00eavez !<\/p>\n","protected":false},"excerpt":{"rendered":"<p>D\u00e9passer les croyances limitantes, lib\u00e9rer le potentiel int\u00e9rieur, et vivre la vie d\u00e9sir\u00e9e avec les outils propos\u00e9s.<\/p>\n","protected":false},"featured_media":17332,"comment_status":"open","ping_status":"closed","template":"","meta":{"inline_featured_image":false},"product_cat":[204,91],"product_tag":[],"class_list":{"0":"post-17322","1":"product","2":"type-product","3":"status-publish","4":"has-post-thumbnail","6":"product_cat-francais","7":"product_cat-developpement","8":"pa_auteurs-rut-nieves","10":"first","11":"instock","12":"shipping-taxable","13":"purchasable","14":"product-type-simple"},"_links":{"self":[{"href":"https:\/\/baralivres.ma\/index.php?rest_route=\/wp\/v2\/product\/17322","targetHints":{"allow":["GET"]}}],"collection":[{"href":"https:\/\/baralivres.ma\/index.php?rest_route=\/wp\/v2\/product"}],"about":[{"href":"https:\/\/baralivres.ma\/index.php?rest_route=\/wp\/v2\/types\/product"}],"replies":[{"embeddable":true,"href":"https:\/\/baralivres.ma\/index.php?rest_route=%2Fwp%2Fv2%2Fcomments&post=17322"}],"version-history":[{"count":1,"href":"https:\/\/baralivres.ma\/index.php?rest_route=\/wp\/v2\/product\/17322\/revisions"}],"predecessor-version":[{"id":17333,"href":"https:\/\/baralivres.ma\/index.php?rest_route=\/wp\/v2\/product\/17322\/revisions\/17333"}],"wp:featuredmedia":[{"embeddable":true,"href":"https:\/\/baralivres.ma\/index.php?rest_route=\/wp\/v2\/media\/17332"}],"wp:attachment":[{"href":"https:\/\/baralivres.ma\/index.php?rest_route=%2Fwp%2Fv2%2Fmedia&parent=17322"}],"wp:term":[{"taxonomy":"product_cat","embeddable":true,"href":"https:\/\/baralivres.ma\/index.php?rest_route=%2Fwp%2Fv2%2Fproduct_cat&post=17322"},{"taxonomy":"product_tag","embeddable":true,"href":"https:\/\/baralivres.ma\/index.php?rest_route=%2Fwp%2Fv2%2Fproduct_tag&post=17322"}],"curies":[{"name":"wp","href":"https:\/\/api.w.org\/{rel}","templated":true}]}}