{"id":17321,"date":"2023-11-01T16:34:24","date_gmt":"2023-11-01T15:34:24","guid":{"rendered":"https:\/\/baralivres.ma\/?post_type=product&#038;p=17321"},"modified":"2023-11-01T16:34:24","modified_gmt":"2023-11-01T15:34:24","slug":"demandez-a-deepak-le-succes","status":"publish","type":"product","link":"https:\/\/baralivres.ma\/?product=demandez-a-deepak-le-succes","title":{"rendered":"Demandez \u00e0 Deepak &#8211; Le succ\u00e8s"},"content":{"rendered":"<div class=\"group w-full text-token-text-primary border-b border-black\/10 gizmo:border-0 dark:border-gray-900\/50 gizmo:dark:border-0 bg-gray-50 gizmo:bg-transparent dark:bg-[#444654] gizmo:dark:bg-transparent\" data-testid=\"conversation-turn-89\">\n<div class=\"p-4 gizmo:py-2 justify-center text-base md:gap-6 md:py-6 m-auto\">\n<div class=\"flex flex-1 gap-4 text-base mx-auto md:gap-6 gizmo:gap-3 gizmo:md:px-5 gizmo:lg:px-1 gizmo:xl:px-5 md:max-w-2xl lg:max-w-[38rem] gizmo:md:max-w-3xl gizmo:lg:max-w-[40rem] gizmo:xl:max-w-[48rem] xl:max-w-3xl }\">\n<div class=\"relative flex w-[calc(100%-50px)] flex-col gizmo:w-full lg:w-[calc(100%-115px)] agent-turn\">\n<div class=\"flex-col gap-1 md:gap-3\">\n<div class=\"flex flex-grow flex-col gap-3 max-w-full\">\n<div class=\"min-h-[20px] flex flex-col items-start gap-3 whitespace-pre-wrap break-words overflow-x-auto\" data-message-author-role=\"assistant\" data-message-id=\"decc2f84-4a39-4bce-b007-a8cf2aeb68bc\">\n<div class=\"markdown prose w-full break-words dark:prose-invert light\">\n<p>Le Dr. Deepak Chopra partage une s\u00e9rie de r\u00e9flexions, de pens\u00e9es et d&rsquo;inspirations concernant la notion du succ\u00e8s. Il nous incite \u00e0 embrasser cette magnifique aventure de transformation personnelle et spirituelle, qui apaise l&rsquo;esprit et nourrit l&rsquo;\u00e2me. L&rsquo;auteur nous invite \u00e0 devenir les cr\u00e9ateurs actifs de notre propre vie, \u00e0 rencontrer le succ\u00e8s \u00e0 chaque instant, et \u00e0 vivre une existence \u00e9panouissante.<\/p>\n<p>La s\u00e9rie \u00ab\u00a0Demandez \u00e0 Deepak\u00a0\u00bb a \u00e9t\u00e9 sp\u00e9cialement con\u00e7ue pour inspirer les individus \u00e0 mener une vie plus spirituelle, plus riche, et plus consciente. Ces ouvrages sont destin\u00e9s \u00e0 encourager la transformation personnelle et globale, en offrant des enseignements et des perspectives qui permettent d&rsquo;explorer notre potentiel int\u00e9rieur, de comprendre le sens de la vie, et d&rsquo;atteindre le bien-\u00eatre spirituel.<\/p>\n<\/div>\n<\/div>\n<\/div>\n<div class=\"flex justify-between empty:hidden gizmo:justify-start gizmo:gap-3 lg:block gizmo:lg:flex\">\n<div class=\"text-gray-400 flex self-end lg:self-center justify-center gizmo:lg:justify-start mt-2 gizmo:mt-0 visible lg:gap-1 lg:absolute lg:top-0 lg:translate-x-full lg:right-0 lg:mt-0 lg:pl-2 gap-2 md:gap-3\"><button class=\"flex ml-auto gizmo:ml-0 gap-2 items-center rounded-md p-1 text-xs gizmo:gap-1.5 gizmo:pl-0 dark:text-gray-400 dark:hover:text-gray-200 disabled:dark:hover:text-gray-400 hover:text-gray-700\"><\/button><\/p>\n<div class=\"flex gap-1\"><\/div>\n<\/div>\n<\/div>\n<\/div>\n<\/div>\n<\/div>\n<\/div>\n<\/div>\n","protected":false},"excerpt":{"rendered":"<p>Deepak Chopra offre r\u00e9flexions et inspirations sur le succ\u00e8s, invitant \u00e0 une transformation personnelle et spirituelle. La s\u00e9rie \u00ab\u00a0Demandez \u00e0 Deepak\u00a0\u00bb encourage une vie consciente et \u00e9panouissante.<\/p>\n","protected":false},"featured_media":17338,"comment_status":"open","ping_status":"closed","template":"","meta":{"inline_featured_image":false},"product_cat":[204,91],"product_tag":[],"class_list":{"0":"post-17321","1":"product","2":"type-product","3":"status-publish","4":"has-post-thumbnail","6":"product_cat-francais","7":"product_cat-developpement","8":"pa_auteurs-deepak-chopra","10":"first","11":"instock","12":"shipping-taxable","13":"purchasable","14":"product-type-simple"},"_links":{"self":[{"href":"https:\/\/baralivres.ma\/index.php?rest_route=\/wp\/v2\/product\/17321","targetHints":{"allow":["GET"]}}],"collection":[{"href":"https:\/\/baralivres.ma\/index.php?rest_route=\/wp\/v2\/product"}],"about":[{"href":"https:\/\/baralivres.ma\/index.php?rest_route=\/wp\/v2\/types\/product"}],"replies":[{"embeddable":true,"href":"https:\/\/baralivres.ma\/index.php?rest_route=%2Fwp%2Fv2%2Fcomments&post=17321"}],"version-history":[{"count":1,"href":"https:\/\/baralivres.ma\/index.php?rest_route=\/wp\/v2\/product\/17321\/revisions"}],"predecessor-version":[{"id":17339,"href":"https:\/\/baralivres.ma\/index.php?rest_route=\/wp\/v2\/product\/17321\/revisions\/17339"}],"wp:featuredmedia":[{"embeddable":true,"href":"https:\/\/baralivres.ma\/index.php?rest_route=\/wp\/v2\/media\/17338"}],"wp:attachment":[{"href":"https:\/\/baralivres.ma\/index.php?rest_route=%2Fwp%2Fv2%2Fmedia&parent=17321"}],"wp:term":[{"taxonomy":"product_cat","embeddable":true,"href":"https:\/\/baralivres.ma\/index.php?rest_route=%2Fwp%2Fv2%2Fproduct_cat&post=17321"},{"taxonomy":"product_tag","embeddable":true,"href":"https:\/\/baralivres.ma\/index.php?rest_route=%2Fwp%2Fv2%2Fproduct_tag&post=17321"}],"curies":[{"name":"wp","href":"https:\/\/api.w.org\/{rel}","templated":true}]}}