{"id":17316,"date":"2023-11-01T16:24:14","date_gmt":"2023-11-01T15:24:14","guid":{"rendered":"https:\/\/baralivres.ma\/?post_type=product&#038;p=17316"},"modified":"2023-11-01T16:24:14","modified_gmt":"2023-11-01T15:24:14","slug":"lart-de-lessentiel","status":"publish","type":"product","link":"https:\/\/baralivres.ma\/?product=lart-de-lessentiel","title":{"rendered":"L&rsquo;art de l&rsquo;essentiel"},"content":{"rendered":"<p>Se lib\u00e9rer du surplus implique \u00e9galement se d\u00e9faire de ses soucis. Simplifier sa vie en se d\u00e9barrassant d&rsquo;objets inutiles agit non seulement comme une forme de th\u00e9rapie, mais aussi comme une philosophie et un art. Ce livre est un incontournable pour mettre fin \u00e0 la confusion entre la possession mat\u00e9rielle et l&rsquo;essence de l&rsquo;\u00eatre ! L&rsquo;amoureuse de l&rsquo;esth\u00e9tique zen nous vient en aide en expliquant de mani\u00e8re concr\u00e8te le chemin de la simplicit\u00e9, qui s&rsquo;av\u00e8re \u00eatre aussi une voie vers la sensualit\u00e9. On se sent nettement am\u00e9lior\u00e9 tant dans son corps que dans son esprit et dans ses relations lorsque l&rsquo;on poss\u00e8de moins de possessions mat\u00e9rielles.<\/p>\n","protected":false},"excerpt":{"rendered":"<div class=\"group w-full text-token-text-primary border-b border-black\/10 gizmo:border-0 dark:border-gray-900\/50 gizmo:dark:border-0 bg-gray-50 gizmo:bg-transparent dark:bg-[#444654] gizmo:dark:bg-transparent\" data-testid=\"conversation-turn-5\">\n<div class=\"p-4 gizmo:py-2 justify-center text-base md:gap-6 md:py-6 m-auto\">\n<div class=\"flex flex-1 gap-4 text-base mx-auto md:gap-6 gizmo:gap-3 gizmo:md:px-5 gizmo:lg:px-1 gizmo:xl:px-5 md:max-w-2xl lg:max-w-[38rem] gizmo:md:max-w-3xl gizmo:lg:max-w-[40rem] gizmo:xl:max-w-[48rem] xl:max-w-3xl }\">\n<div class=\"relative flex w-[calc(100%-50px)] flex-col gizmo:w-full lg:w-[calc(100%-115px)] agent-turn\">\n<div class=\"flex-col gap-1 md:gap-3\">\n<div class=\"flex flex-grow flex-col gap-3 max-w-full\">\n<div class=\"min-h-[20px] flex flex-col items-start gap-3 whitespace-pre-wrap break-words overflow-x-auto\" data-message-author-role=\"assistant\" data-message-id=\"f400c2a5-8875-4614-afdb-cedd9bf0081e\">\n<div class=\"markdown prose w-full break-words dark:prose-invert light\">\n<p>S&rsquo;all\u00e9ger du superflu, lib\u00e9rer l&rsquo;esprit, embrasser la simplicit\u00e9 pour une vie enrichie et sereine.<\/p>\n<\/div>\n<\/div>\n<\/div>\n<div class=\"flex justify-between empty:hidden gizmo:justify-start gizmo:gap-3 lg:block gizmo:lg:flex\">\n<div class=\"text-gray-400 flex self-end lg:self-center justify-center gizmo:lg:justify-start mt-2 gizmo:mt-0 visible lg:gap-1 lg:absolute lg:top-0 lg:translate-x-full lg:right-0 lg:mt-0 lg:pl-2 gap-2 md:gap-3\"><button class=\"flex ml-auto gizmo:ml-0 gap-2 items-center rounded-md p-1 text-xs gizmo:gap-1.5 gizmo:pl-0 dark:text-gray-400 dark:hover:text-gray-200 disabled:dark:hover:text-gray-400 hover:text-gray-700\"><\/button><\/p>\n<div class=\"flex gap-1\"><\/div>\n<\/div>\n<\/div>\n<\/div>\n<\/div>\n<\/div>\n<\/div>\n<\/div>\n","protected":false},"featured_media":17323,"comment_status":"open","ping_status":"closed","template":"","meta":{"inline_featured_image":false},"product_cat":[204,91],"product_tag":[],"class_list":{"0":"post-17316","1":"product","2":"type-product","3":"status-publish","4":"has-post-thumbnail","6":"product_cat-francais","7":"product_cat-developpement","8":"pa_auteurs-dominique-loreau-2","10":"first","11":"instock","12":"shipping-taxable","13":"purchasable","14":"product-type-simple"},"_links":{"self":[{"href":"https:\/\/baralivres.ma\/index.php?rest_route=\/wp\/v2\/product\/17316","targetHints":{"allow":["GET"]}}],"collection":[{"href":"https:\/\/baralivres.ma\/index.php?rest_route=\/wp\/v2\/product"}],"about":[{"href":"https:\/\/baralivres.ma\/index.php?rest_route=\/wp\/v2\/types\/product"}],"replies":[{"embeddable":true,"href":"https:\/\/baralivres.ma\/index.php?rest_route=%2Fwp%2Fv2%2Fcomments&post=17316"}],"version-history":[{"count":1,"href":"https:\/\/baralivres.ma\/index.php?rest_route=\/wp\/v2\/product\/17316\/revisions"}],"predecessor-version":[{"id":17324,"href":"https:\/\/baralivres.ma\/index.php?rest_route=\/wp\/v2\/product\/17316\/revisions\/17324"}],"wp:featuredmedia":[{"embeddable":true,"href":"https:\/\/baralivres.ma\/index.php?rest_route=\/wp\/v2\/media\/17323"}],"wp:attachment":[{"href":"https:\/\/baralivres.ma\/index.php?rest_route=%2Fwp%2Fv2%2Fmedia&parent=17316"}],"wp:term":[{"taxonomy":"product_cat","embeddable":true,"href":"https:\/\/baralivres.ma\/index.php?rest_route=%2Fwp%2Fv2%2Fproduct_cat&post=17316"},{"taxonomy":"product_tag","embeddable":true,"href":"https:\/\/baralivres.ma\/index.php?rest_route=%2Fwp%2Fv2%2Fproduct_tag&post=17316"}],"curies":[{"name":"wp","href":"https:\/\/api.w.org\/{rel}","templated":true}]}}