{"id":17301,"date":"2023-11-01T16:16:03","date_gmt":"2023-11-01T15:16:03","guid":{"rendered":"https:\/\/baralivres.ma\/?post_type=product&#038;p=17301"},"modified":"2023-11-01T16:16:03","modified_gmt":"2023-11-01T15:16:03","slug":"je-mange-quoi-quand-je-fais-du-sport","status":"publish","type":"product","link":"https:\/\/baralivres.ma\/?product=je-mange-quoi-quand-je-fais-du-sport","title":{"rendered":"Je mange quoi&#8230; quand je fais du sport"},"content":{"rendered":"<p>\u00ab\u00a0D\u00e9couvrez le guide essentiel pour les amateurs de sport : Comment choisir son alimentation ? Quelles sont les exigences \u00e9nerg\u00e9tiques \u00e0 consid\u00e9rer ? Quels apports nutritionnels sont recommand\u00e9s ?&#8230; Optimisez votre bien-\u00eatre gr\u00e2ce aux conseils pratiques et alimentaires prodigu\u00e9s par Jean-Michel Cohen !<\/p>\n<p>Explorez :<\/p>\n<ul>\n<li>Les aliments \u00e0 favoriser<\/li>\n<li>Des recettes saines et d\u00e9licieuses<\/li>\n<li>Des suggestions de menus adapt\u00e9s pour atteindre vos objectifs sportifs.\u00a0\u00bb<\/li>\n<\/ul>\n","protected":false},"excerpt":{"rendered":"<p>\u00ab\u00a0Guide sportif de Jean-Michel Cohen : conseils alimentaires, recettes saines et menus adapt\u00e9s.\u00a0\u00bb<\/p>\n","protected":false},"featured_media":17303,"comment_status":"open","ping_status":"closed","template":"","meta":{"inline_featured_image":false},"product_cat":[204,91],"product_tag":[],"class_list":{"0":"post-17301","1":"product","2":"type-product","3":"status-publish","4":"has-post-thumbnail","6":"product_cat-francais","7":"product_cat-developpement","8":"pa_auteurs-jean-michel-cohen","10":"first","11":"instock","12":"shipping-taxable","13":"purchasable","14":"product-type-simple"},"_links":{"self":[{"href":"https:\/\/baralivres.ma\/index.php?rest_route=\/wp\/v2\/product\/17301","targetHints":{"allow":["GET"]}}],"collection":[{"href":"https:\/\/baralivres.ma\/index.php?rest_route=\/wp\/v2\/product"}],"about":[{"href":"https:\/\/baralivres.ma\/index.php?rest_route=\/wp\/v2\/types\/product"}],"replies":[{"embeddable":true,"href":"https:\/\/baralivres.ma\/index.php?rest_route=%2Fwp%2Fv2%2Fcomments&post=17301"}],"version-history":[{"count":1,"href":"https:\/\/baralivres.ma\/index.php?rest_route=\/wp\/v2\/product\/17301\/revisions"}],"predecessor-version":[{"id":17304,"href":"https:\/\/baralivres.ma\/index.php?rest_route=\/wp\/v2\/product\/17301\/revisions\/17304"}],"wp:featuredmedia":[{"embeddable":true,"href":"https:\/\/baralivres.ma\/index.php?rest_route=\/wp\/v2\/media\/17303"}],"wp:attachment":[{"href":"https:\/\/baralivres.ma\/index.php?rest_route=%2Fwp%2Fv2%2Fmedia&parent=17301"}],"wp:term":[{"taxonomy":"product_cat","embeddable":true,"href":"https:\/\/baralivres.ma\/index.php?rest_route=%2Fwp%2Fv2%2Fproduct_cat&post=17301"},{"taxonomy":"product_tag","embeddable":true,"href":"https:\/\/baralivres.ma\/index.php?rest_route=%2Fwp%2Fv2%2Fproduct_tag&post=17301"}],"curies":[{"name":"wp","href":"https:\/\/api.w.org\/{rel}","templated":true}]}}