{"id":17298,"date":"2023-11-01T16:13:41","date_gmt":"2023-11-01T15:13:41","guid":{"rendered":"https:\/\/baralivres.ma\/?post_type=product&#038;p=17298"},"modified":"2023-11-01T16:13:41","modified_gmt":"2023-11-01T15:13:41","slug":"la-good-mood-class","status":"publish","type":"product","link":"https:\/\/baralivres.ma\/?product=la-good-mood-class","title":{"rendered":"La Good Mood Class"},"content":{"rendered":"<p>Plongez dans la Good Mood Class ! Ce livre, \u00e0 la port\u00e9e de tous, est un v\u00e9ritable catalyseur de changement pour booster le moral et \u00e9voluer. Sophie Trem, cherchant \u00e0 surmonter stress et hypocondrie, d\u00e9voile une m\u00e9thode simple pour cultiver la bonne humeur en utilisant corps et esprit. En d\u00e9voilant 5 cl\u00e9s pour stimuler la pens\u00e9e positive, l&rsquo;auteure partage des exercices et des t\u00e9moignages concrets, offrant ainsi un guide pratique pour int\u00e9grer quotidiennement mantras et pratiques b\u00e9n\u00e9fiques.<\/p>\n","protected":false},"excerpt":{"rendered":"<p>Livre encourageant : m\u00e9thode simple pour cultiver la bonne humeur et pens\u00e9e positive.<\/p>\n","protected":false},"featured_media":17299,"comment_status":"open","ping_status":"closed","template":"","meta":{"inline_featured_image":false},"product_cat":[204,91],"product_tag":[],"class_list":{"0":"post-17298","1":"product","2":"type-product","3":"status-publish","4":"has-post-thumbnail","6":"product_cat-francais","7":"product_cat-developpement","8":"pa_auteurs-sophie-trem","10":"first","11":"instock","12":"shipping-taxable","13":"purchasable","14":"product-type-simple"},"_links":{"self":[{"href":"https:\/\/baralivres.ma\/index.php?rest_route=\/wp\/v2\/product\/17298","targetHints":{"allow":["GET"]}}],"collection":[{"href":"https:\/\/baralivres.ma\/index.php?rest_route=\/wp\/v2\/product"}],"about":[{"href":"https:\/\/baralivres.ma\/index.php?rest_route=\/wp\/v2\/types\/product"}],"replies":[{"embeddable":true,"href":"https:\/\/baralivres.ma\/index.php?rest_route=%2Fwp%2Fv2%2Fcomments&post=17298"}],"version-history":[{"count":1,"href":"https:\/\/baralivres.ma\/index.php?rest_route=\/wp\/v2\/product\/17298\/revisions"}],"predecessor-version":[{"id":17300,"href":"https:\/\/baralivres.ma\/index.php?rest_route=\/wp\/v2\/product\/17298\/revisions\/17300"}],"wp:featuredmedia":[{"embeddable":true,"href":"https:\/\/baralivres.ma\/index.php?rest_route=\/wp\/v2\/media\/17299"}],"wp:attachment":[{"href":"https:\/\/baralivres.ma\/index.php?rest_route=%2Fwp%2Fv2%2Fmedia&parent=17298"}],"wp:term":[{"taxonomy":"product_cat","embeddable":true,"href":"https:\/\/baralivres.ma\/index.php?rest_route=%2Fwp%2Fv2%2Fproduct_cat&post=17298"},{"taxonomy":"product_tag","embeddable":true,"href":"https:\/\/baralivres.ma\/index.php?rest_route=%2Fwp%2Fv2%2Fproduct_tag&post=17298"}],"curies":[{"name":"wp","href":"https:\/\/api.w.org\/{rel}","templated":true}]}}