{"id":17295,"date":"2023-11-01T16:18:15","date_gmt":"2023-11-01T15:18:15","guid":{"rendered":"https:\/\/baralivres.ma\/?post_type=product&#038;p=17295"},"modified":"2023-11-01T16:18:16","modified_gmt":"2023-11-01T15:18:16","slug":"le-livre-des-coincidences","status":"publish","type":"product","link":"https:\/\/baralivres.ma\/?product=le-livre-des-coincidences","title":{"rendered":"Le livre des co\u00efncidences"},"content":{"rendered":"<p>Les co\u00efncidences ne sont pas anodines, selon le Dr. Deepak Chopra. Elles r\u00e9v\u00e8lent une dimension o\u00f9 tout est simultan\u00e9 et les possibilit\u00e9s infinies. En comprenant leur source, on peut influencer notre destin\u00e9e. \u00ab\u00a0Le livre des co\u00efncidences\u00a0\u00bb propose des principes et exercices pour une vie magique.<\/p>\n","protected":false},"excerpt":{"rendered":"<p>Deepak Chopra explore les co\u00efncidences comme r\u00e9v\u00e9latrices d&rsquo;une dimension infinie, offrant des principes et exercices pour une vie magique.<\/p>\n","protected":false},"featured_media":17306,"comment_status":"open","ping_status":"closed","template":"","meta":{"inline_featured_image":false},"product_cat":[204,91],"product_tag":[],"class_list":{"0":"post-17295","1":"product","2":"type-product","3":"status-publish","4":"has-post-thumbnail","6":"product_cat-francais","7":"product_cat-developpement","8":"pa_auteurs-deepak-chopra","10":"first","11":"instock","12":"shipping-taxable","13":"purchasable","14":"product-type-simple"},"_links":{"self":[{"href":"https:\/\/baralivres.ma\/index.php?rest_route=\/wp\/v2\/product\/17295","targetHints":{"allow":["GET"]}}],"collection":[{"href":"https:\/\/baralivres.ma\/index.php?rest_route=\/wp\/v2\/product"}],"about":[{"href":"https:\/\/baralivres.ma\/index.php?rest_route=\/wp\/v2\/types\/product"}],"replies":[{"embeddable":true,"href":"https:\/\/baralivres.ma\/index.php?rest_route=%2Fwp%2Fv2%2Fcomments&post=17295"}],"version-history":[{"count":1,"href":"https:\/\/baralivres.ma\/index.php?rest_route=\/wp\/v2\/product\/17295\/revisions"}],"predecessor-version":[{"id":17307,"href":"https:\/\/baralivres.ma\/index.php?rest_route=\/wp\/v2\/product\/17295\/revisions\/17307"}],"wp:featuredmedia":[{"embeddable":true,"href":"https:\/\/baralivres.ma\/index.php?rest_route=\/wp\/v2\/media\/17306"}],"wp:attachment":[{"href":"https:\/\/baralivres.ma\/index.php?rest_route=%2Fwp%2Fv2%2Fmedia&parent=17295"}],"wp:term":[{"taxonomy":"product_cat","embeddable":true,"href":"https:\/\/baralivres.ma\/index.php?rest_route=%2Fwp%2Fv2%2Fproduct_cat&post=17295"},{"taxonomy":"product_tag","embeddable":true,"href":"https:\/\/baralivres.ma\/index.php?rest_route=%2Fwp%2Fv2%2Fproduct_tag&post=17295"}],"curies":[{"name":"wp","href":"https:\/\/api.w.org\/{rel}","templated":true}]}}