{"id":17290,"date":"2023-11-01T16:10:58","date_gmt":"2023-11-01T15:10:58","guid":{"rendered":"https:\/\/baralivres.ma\/?post_type=product&#038;p=17290"},"modified":"2023-11-01T16:10:58","modified_gmt":"2023-11-01T15:10:58","slug":"mieux-saimer-pour-aimer-mieux","status":"publish","type":"product","link":"https:\/\/baralivres.ma\/?product=mieux-saimer-pour-aimer-mieux","title":{"rendered":"Mieux s&rsquo;aimer pour aimer mieux"},"content":{"rendered":"<p>Guy Corneau \u00e9tait un fervent d\u00e9fenseur des relations humaines et manifestait un int\u00e9r\u00eat particulier pour l&rsquo;amour, ce lien \u00e0 la fois puissant et d\u00e9licat qui unit certains individus sans qu&rsquo;ils en comprennent toujours la raison. Ce livre r\u00e9unit deux textes principaux qui se font \u00e9cho. Le premier est tir\u00e9 d&rsquo;une conf\u00e9rence o\u00f9 Guy Corneau aborde la dynamique de la relation avec soi-m\u00eame et celle des relations de couple. En effet, comment \u00eatre capable d&rsquo;aimer correctement autrui si l&rsquo;on n&rsquo;a pas d&rsquo;estime pour soi-m\u00eame ? Cultiver un amour-propre est crucial, car il constitue le fondement d&rsquo;un amour authentique.<\/p>\n<p>Le second texte est une pi\u00e8ce intitul\u00e9e L&rsquo;Amour dans tous ses \u00e9tats, co\u00e9crite avec les com\u00e9diennes Danielle Proulx et Camille Bardery, mettant en sc\u00e8ne la rencontre d&rsquo;Andr\u00e9 et C\u00e9line et les difficult\u00e9s de leur relation. Cette pi\u00e8ce offre une \u00e9tude de cas vivante sur les relations de couple, o\u00f9 le psychanalyste apporte son \u00e9clairage sur les subtilit\u00e9s de la m\u00e9canique amoureuse. C&rsquo;est comme une v\u00e9ritable s\u00e9ance de th\u00e9rapie pour les couples !<\/p>\n<p>Marie Lise Labont\u00e9, Victoire Theismann et Thomas d&rsquo;Ansembourg apportent, chacun \u00e0 leur mani\u00e8re, leur \u00e9clairage sur la relation amoureuse et ses divers enjeux.<\/p>\n","protected":false},"excerpt":{"rendered":"<p>Guy Corneau explore amour-propre, relations de couple, \u00e0 travers conf\u00e9rence et pi\u00e8ce th\u00e9\u00e2trale, accompagn\u00e9 d&rsquo;experts.<\/p>\n","protected":false},"featured_media":17296,"comment_status":"open","ping_status":"closed","template":"","meta":{"inline_featured_image":false},"product_cat":[204,91],"product_tag":[],"class_list":{"0":"post-17290","1":"product","2":"type-product","3":"status-publish","4":"has-post-thumbnail","6":"product_cat-francais","7":"product_cat-developpement","8":"pa_auteurs-guy-corneau","10":"first","11":"instock","12":"shipping-taxable","13":"purchasable","14":"product-type-simple"},"_links":{"self":[{"href":"https:\/\/baralivres.ma\/index.php?rest_route=\/wp\/v2\/product\/17290","targetHints":{"allow":["GET"]}}],"collection":[{"href":"https:\/\/baralivres.ma\/index.php?rest_route=\/wp\/v2\/product"}],"about":[{"href":"https:\/\/baralivres.ma\/index.php?rest_route=\/wp\/v2\/types\/product"}],"replies":[{"embeddable":true,"href":"https:\/\/baralivres.ma\/index.php?rest_route=%2Fwp%2Fv2%2Fcomments&post=17290"}],"version-history":[{"count":1,"href":"https:\/\/baralivres.ma\/index.php?rest_route=\/wp\/v2\/product\/17290\/revisions"}],"predecessor-version":[{"id":17297,"href":"https:\/\/baralivres.ma\/index.php?rest_route=\/wp\/v2\/product\/17290\/revisions\/17297"}],"wp:featuredmedia":[{"embeddable":true,"href":"https:\/\/baralivres.ma\/index.php?rest_route=\/wp\/v2\/media\/17296"}],"wp:attachment":[{"href":"https:\/\/baralivres.ma\/index.php?rest_route=%2Fwp%2Fv2%2Fmedia&parent=17290"}],"wp:term":[{"taxonomy":"product_cat","embeddable":true,"href":"https:\/\/baralivres.ma\/index.php?rest_route=%2Fwp%2Fv2%2Fproduct_cat&post=17290"},{"taxonomy":"product_tag","embeddable":true,"href":"https:\/\/baralivres.ma\/index.php?rest_route=%2Fwp%2Fv2%2Fproduct_tag&post=17290"}],"curies":[{"name":"wp","href":"https:\/\/api.w.org\/{rel}","templated":true}]}}