{"id":17284,"date":"2023-11-01T16:10:13","date_gmt":"2023-11-01T15:10:13","guid":{"rendered":"https:\/\/baralivres.ma\/?post_type=product&#038;p=17284"},"modified":"2023-11-01T16:10:14","modified_gmt":"2023-11-01T15:10:14","slug":"se-liberer-des-dependances","status":"publish","type":"product","link":"https:\/\/baralivres.ma\/?product=se-liberer-des-dependances","title":{"rendered":"Se lib\u00e9rer des d\u00e9pendances"},"content":{"rendered":"<p>Si vous \u00eates aux prises avec des d\u00e9pendances, il est essentiel de comprendre que vous ne devez pas vous consid\u00e9rer comme une personne faible ou r\u00e9sign\u00e9e. Vous tentez simplement de satisfaire des besoins profonds tels que l&rsquo;amour, la reconnaissance, et la s\u00e9curit\u00e9. Cependant, il est possible de trouver un \u00e9quilibre entre ces besoins l\u00e9gitimes et votre paix int\u00e9rieure par le biais d&rsquo;un cheminement spirituel.<\/p>\n<p>Cet ouvrage propose une approche r\u00e9volutionnaire qui a fait ses preuves \u00e0 travers le monde. Elle combine des avanc\u00e9es m\u00e9dicales occidentales de pointe avec les sagesses des traditions orientales pour vous aider \u00e0 vous lib\u00e9rer de mani\u00e8re durable de toutes formes de d\u00e9pendance, que ce soit l&rsquo;alcool, le tabac, les jeux vid\u00e9o, les pens\u00e9es obsessionnelles, ou les comportements compulsifs.<\/p>\n","protected":false},"excerpt":{"rendered":"<p>Les d\u00e9pendances ne refl\u00e8tent pas la faiblesse, mais des besoins l\u00e9gitimes. Ce livre propose une m\u00e9thode, alliant m\u00e9decine occidentale et traditions orientales, pour une lib\u00e9ration durable des addictions. Identifiez les causes profondes, abandonnez les habitudes nocives et pr\u00e9venez les rechutes.<\/p>\n","protected":false},"featured_media":17293,"comment_status":"open","ping_status":"closed","template":"","meta":{"inline_featured_image":false},"product_cat":[204,91],"product_tag":[],"class_list":{"0":"post-17284","1":"product","2":"type-product","3":"status-publish","4":"has-post-thumbnail","6":"product_cat-francais","7":"product_cat-developpement","8":"pa_auteurs-deepak-chopra","10":"first","11":"instock","12":"shipping-taxable","13":"purchasable","14":"product-type-simple"},"_links":{"self":[{"href":"https:\/\/baralivres.ma\/index.php?rest_route=\/wp\/v2\/product\/17284","targetHints":{"allow":["GET"]}}],"collection":[{"href":"https:\/\/baralivres.ma\/index.php?rest_route=\/wp\/v2\/product"}],"about":[{"href":"https:\/\/baralivres.ma\/index.php?rest_route=\/wp\/v2\/types\/product"}],"replies":[{"embeddable":true,"href":"https:\/\/baralivres.ma\/index.php?rest_route=%2Fwp%2Fv2%2Fcomments&post=17284"}],"version-history":[{"count":1,"href":"https:\/\/baralivres.ma\/index.php?rest_route=\/wp\/v2\/product\/17284\/revisions"}],"predecessor-version":[{"id":17294,"href":"https:\/\/baralivres.ma\/index.php?rest_route=\/wp\/v2\/product\/17284\/revisions\/17294"}],"wp:featuredmedia":[{"embeddable":true,"href":"https:\/\/baralivres.ma\/index.php?rest_route=\/wp\/v2\/media\/17293"}],"wp:attachment":[{"href":"https:\/\/baralivres.ma\/index.php?rest_route=%2Fwp%2Fv2%2Fmedia&parent=17284"}],"wp:term":[{"taxonomy":"product_cat","embeddable":true,"href":"https:\/\/baralivres.ma\/index.php?rest_route=%2Fwp%2Fv2%2Fproduct_cat&post=17284"},{"taxonomy":"product_tag","embeddable":true,"href":"https:\/\/baralivres.ma\/index.php?rest_route=%2Fwp%2Fv2%2Fproduct_tag&post=17284"}],"curies":[{"name":"wp","href":"https:\/\/api.w.org\/{rel}","templated":true}]}}