{"id":17283,"date":"2023-11-01T16:07:51","date_gmt":"2023-11-01T15:07:51","guid":{"rendered":"https:\/\/baralivres.ma\/?post_type=product&#038;p=17283"},"modified":"2023-11-01T16:07:51","modified_gmt":"2023-11-01T15:07:51","slug":"ce-que-la-vie-ma-appris","status":"publish","type":"product","link":"https:\/\/baralivres.ma\/?product=ce-que-la-vie-ma-appris","title":{"rendered":"Ce que la vie m&rsquo;a appris"},"content":{"rendered":"<p>\u00ab\u00a0Au seuil de mes 73 ans, avec la modeste connaissance que j&rsquo;ai acquise, j&rsquo;ai r\u00e9alis\u00e9 que la vie est plus simple qu&rsquo;on ne l&rsquo;imagine. Ces r\u00e9flexions naissent de conversations avec de jeunes amies, presque mes petites-filles, pleines de questions pratiques, touchantes, \u00e0 la fois nouvelles et \u00e9ternelles sur la vie pass\u00e9e, d\u00e9bordant de curiosit\u00e9 infinie. Dans ce petit livre, je partage humblement ce que la vie m&rsquo;a enseign\u00e9. Alors que je continue mon chemin, je me rapproche de mon objectif intime : embrasser joyeusement la r\u00e9alit\u00e9.<\/p>\n<p>Perla Servan-Schreiber, une femme inspirante, partage dans cet ouvrage des aspects de la vie qu&rsquo;elle souhaite transmettre. Elle aborde des th\u00e8mes vari\u00e9s tels que l&rsquo;amour, la s\u00e9duction, l&rsquo;argent, l&rsquo;ego, la spiritualit\u00e9 et la mort. Avec la sagesse accumul\u00e9e au fil des ans et une jeunesse d&rsquo;esprit incomparable, elle offre g\u00e9n\u00e9reusement et avec bienveillance son exp\u00e9rience, pour nous guider vers une vie plus \u00e9panouie et nous orienter vers l&rsquo;acceptation joyeuse de la r\u00e9alit\u00e9.\u00a0\u00bb<\/p>\n","protected":false},"excerpt":{"rendered":"<p>Sagesse de la vie partag\u00e9e par Perla Servan-Schreiber pour embrasser joyeusement la r\u00e9alit\u00e9 quotidienne.<\/p>\n","protected":false},"featured_media":17288,"comment_status":"open","ping_status":"closed","template":"","meta":{"inline_featured_image":false},"product_cat":[204,91],"product_tag":[],"class_list":{"0":"post-17283","1":"product","2":"type-product","3":"status-publish","4":"has-post-thumbnail","6":"product_cat-francais","7":"product_cat-developpement","8":"pa_auteurs-perla-servan-schreiber","10":"first","11":"instock","12":"shipping-taxable","13":"purchasable","14":"product-type-simple"},"_links":{"self":[{"href":"https:\/\/baralivres.ma\/index.php?rest_route=\/wp\/v2\/product\/17283","targetHints":{"allow":["GET"]}}],"collection":[{"href":"https:\/\/baralivres.ma\/index.php?rest_route=\/wp\/v2\/product"}],"about":[{"href":"https:\/\/baralivres.ma\/index.php?rest_route=\/wp\/v2\/types\/product"}],"replies":[{"embeddable":true,"href":"https:\/\/baralivres.ma\/index.php?rest_route=%2Fwp%2Fv2%2Fcomments&post=17283"}],"version-history":[{"count":1,"href":"https:\/\/baralivres.ma\/index.php?rest_route=\/wp\/v2\/product\/17283\/revisions"}],"predecessor-version":[{"id":17289,"href":"https:\/\/baralivres.ma\/index.php?rest_route=\/wp\/v2\/product\/17283\/revisions\/17289"}],"wp:featuredmedia":[{"embeddable":true,"href":"https:\/\/baralivres.ma\/index.php?rest_route=\/wp\/v2\/media\/17288"}],"wp:attachment":[{"href":"https:\/\/baralivres.ma\/index.php?rest_route=%2Fwp%2Fv2%2Fmedia&parent=17283"}],"wp:term":[{"taxonomy":"product_cat","embeddable":true,"href":"https:\/\/baralivres.ma\/index.php?rest_route=%2Fwp%2Fv2%2Fproduct_cat&post=17283"},{"taxonomy":"product_tag","embeddable":true,"href":"https:\/\/baralivres.ma\/index.php?rest_route=%2Fwp%2Fv2%2Fproduct_tag&post=17283"}],"curies":[{"name":"wp","href":"https:\/\/api.w.org\/{rel}","templated":true}]}}