{"id":17271,"date":"2023-11-01T15:58:03","date_gmt":"2023-11-01T14:58:03","guid":{"rendered":"https:\/\/baralivres.ma\/?post_type=product&#038;p=17271"},"modified":"2023-11-01T15:58:04","modified_gmt":"2023-11-01T14:58:04","slug":"hooponopono-2","status":"publish","type":"product","link":"https:\/\/baralivres.ma\/?product=hooponopono-2","title":{"rendered":"Ho&rsquo;oponopono"},"content":{"rendered":"<p>Ho&rsquo;oponopono offre une lib\u00e9ration des fardeaux du pass\u00e9, des peurs, et des limites pour une vie \u00e9panouissante. Cette m\u00e9thode hawa\u00efenne mill\u00e9naire \u00e9limine les impacts n\u00e9gatifs, permettant de cr\u00e9er une r\u00e9alit\u00e9 conforme \u00e0 nos d\u00e9sirs. Une nouvelle perspective, une transformation de vie inestimable.<\/p>\n","protected":false},"excerpt":{"rendered":"<p>Ho&rsquo;oponopono hawa\u00efen dissipe le pass\u00e9, les peurs, et ouvre \u00e0 la cr\u00e9ation d&rsquo;une r\u00e9alit\u00e9 d\u00e9sir\u00e9e. Transformation de vie.<\/p>\n","protected":false},"featured_media":17272,"comment_status":"open","ping_status":"closed","template":"","meta":{"inline_featured_image":false},"product_cat":[204,91],"product_tag":[],"class_list":{"0":"post-17271","1":"product","2":"type-product","3":"status-publish","4":"has-post-thumbnail","6":"product_cat-francais","7":"product_cat-developpement","8":"pa_auteurs-laurent-debaker","10":"first","11":"instock","12":"shipping-taxable","13":"purchasable","14":"product-type-simple"},"_links":{"self":[{"href":"https:\/\/baralivres.ma\/index.php?rest_route=\/wp\/v2\/product\/17271","targetHints":{"allow":["GET"]}}],"collection":[{"href":"https:\/\/baralivres.ma\/index.php?rest_route=\/wp\/v2\/product"}],"about":[{"href":"https:\/\/baralivres.ma\/index.php?rest_route=\/wp\/v2\/types\/product"}],"replies":[{"embeddable":true,"href":"https:\/\/baralivres.ma\/index.php?rest_route=%2Fwp%2Fv2%2Fcomments&post=17271"}],"version-history":[{"count":1,"href":"https:\/\/baralivres.ma\/index.php?rest_route=\/wp\/v2\/product\/17271\/revisions"}],"predecessor-version":[{"id":17273,"href":"https:\/\/baralivres.ma\/index.php?rest_route=\/wp\/v2\/product\/17271\/revisions\/17273"}],"wp:featuredmedia":[{"embeddable":true,"href":"https:\/\/baralivres.ma\/index.php?rest_route=\/wp\/v2\/media\/17272"}],"wp:attachment":[{"href":"https:\/\/baralivres.ma\/index.php?rest_route=%2Fwp%2Fv2%2Fmedia&parent=17271"}],"wp:term":[{"taxonomy":"product_cat","embeddable":true,"href":"https:\/\/baralivres.ma\/index.php?rest_route=%2Fwp%2Fv2%2Fproduct_cat&post=17271"},{"taxonomy":"product_tag","embeddable":true,"href":"https:\/\/baralivres.ma\/index.php?rest_route=%2Fwp%2Fv2%2Fproduct_tag&post=17271"}],"curies":[{"name":"wp","href":"https:\/\/api.w.org\/{rel}","templated":true}]}}